{"id":7949,"date":"2026-02-16T16:31:37","date_gmt":"2026-02-16T16:31:37","guid":{"rendered":"https:\/\/diistuff.com\/?post_type=product&#038;p=7949"},"modified":"2026-02-18T08:06:27","modified_gmt":"2026-02-18T08:06:27","slug":"dii-dvielis","status":"publish","type":"product","link":"https:\/\/diistuff.com\/en\/veikals\/dii-dvielis\/","title":{"rendered":"DII Dvielis"},"content":{"rendered":"<p data-start=\"71\" data-end=\"109\"><strong data-start=\"71\" data-end=\"109\">M\u0101jdz\u012bvnieku mikro\u0161\u0137iedras dvielis<\/strong><\/p>\n<p data-start=\"111\" data-end=\"500\">\u012apa\u0161i m\u012bksts un \u013coti uzs\u016bco\u0161s mikro\u0161\u0137iedras dvielis, kas pal\u012bdz \u0101tri un saudz\u012bgi nosusin\u0101t j\u016bsu m\u0101jdz\u012bvnieku p\u0113c peldes, pastaigas liet\u016b vai mazg\u0101\u0161anas. Viegls un elpojo\u0161s audums efekt\u012bvi uzs\u016bc mitrumu, vienlaikus \u0101tri iz\u017e\u016bstot, t\u0101p\u0113c dvielis ir \u0113rti lietojams ikdien\u0101 un ce\u013cojumos. Maig\u0101 tekst\u016bra ir pat\u012bkama dz\u012bvnieka ka\u017eokam un pal\u012bdz samazin\u0101t nepat\u012bkamu mitruma saj\u016btu p\u0113c mazg\u0101\u0161an\u0101s.<\/p>\n<p data-start=\"502\" data-end=\"796\">Dvielis izgatavots no kvalitat\u012bvas mikro\u0161\u0137iedras, kas atbilst <strong data-start=\"564\" data-end=\"618\"><span class=\"hover:entity-accent entity-underline inline cursor-pointer align-baseline\"><span class=\"whitespace-normal\">OEKO-TEX<\/span><\/span> STANDARD 100<\/strong> pras\u012bb\u0101m, nodro\u0161inot, ka audums ir p\u0101rbaud\u012bts uz kait\u012bg\u0101m viel\u0101m un ir dro\u0161s saskar\u0113 ar \u0101du. Iztur\u012bgs materi\u0101ls saglab\u0101 savu formu un \u012bpa\u0161\u012bbas ar\u012b p\u0113c vair\u0101kk\u0101rt\u0113jas mazg\u0101\u0161anas.<\/p>\n<p data-start=\"798\" data-end=\"967\"><strong data-start=\"798\" data-end=\"816\">Priek\u0161roc\u012bbas:<\/strong><br data-start=\"816\" data-end=\"819\" \/>\u2022 \u013boti augsta mitruma uzs\u016bk\u0161ana<br data-start=\"850\" data-end=\"853\" \/>\u2022 \u0100tri \u017e\u016bsto\u0161s audums<br data-start=\"874\" data-end=\"877\" \/>\u2022 Maigs pret ka\u017eoku un \u0101du<br data-start=\"903\" data-end=\"906\" \/>\u2022 Viegls un \u0113rti p\u0101rn\u0113s\u0101jams<br data-start=\"934\" data-end=\"937\" \/>\u2022 Piem\u0113rots su\u0146iem un ka\u0137iem<\/p>","protected":false},"excerpt":{"rendered":"<p data-start=\"0\" data-end=\"51\"><strong data-start=\"0\" data-end=\"51\">Mikro\u0161\u0137iedras dvielis<\/strong><\/p>\n<p data-start=\"53\" data-end=\"301\">M\u012bksts un \u012bpa\u0161i uzs\u016bco\u0161s mikro\u0161\u0137iedras dvielis \u0101trai m\u0101jdz\u012bvnieka nosusin\u0101\u0161anai p\u0113c pastaig\u0101m vai mazg\u0101\u0161anas. \u0100tri \u017e\u016bsto\u0161s, saudz\u012bgs pret ka\u017eoku un dro\u0161s lieto\u0161anai.<\/p>\n<p data-start=\"53\" data-end=\"301\">Mazais dvielis izm\u0113r\u0101 30&#215;45<\/p>\n<p data-start=\"53\" data-end=\"301\">Lielais dvielis izm\u0113r\u0101 30&#215;80<\/p>\n<p data-start=\"53\" data-end=\"301\">Dvielim ir pakarin\u0101\u0161anas cilpi\u0146a<\/p>","protected":false},"featured_media":8365,"comment_status":"open","ping_status":"closed","template":"","meta":{"om_disable_all_campaigns":false,"_monsterinsights_skip_tracking":false,"_monsterinsights_sitenote_active":false,"_monsterinsights_sitenote_note":"","_monsterinsights_sitenote_category":0,"_uf_show_specific_survey":0,"_uf_disable_surveys":false,"site-sidebar-layout":"default","site-content-layout":"default","ast-site-content-layout":"default","site-content-style":"default","site-sidebar-style":"default","ast-global-header-display":"","ast-banner-title-visibility":"","ast-main-header-display":"","ast-hfb-above-header-display":"","ast-hfb-below-header-display":"","ast-hfb-mobile-header-display":"","site-post-title":"","ast-breadcrumbs-content":"","ast-featured-img":"","footer-sml-layout":"","ast-disable-related-posts":"","theme-transparent-header-meta":"default","adv-header-id-meta":"","stick-header-meta":"","header-above-stick-meta":"","header-main-stick-meta":"","header-below-stick-meta":"","astra-migrate-meta-layouts":"set","ast-page-background-enabled":"default","ast-page-background-meta":{"desktop":{"background-color":"","background-image":"","background-repeat":"repeat","background-position":"center center","background-size":"auto","background-attachment":"scroll","background-type":"","background-media":"","overlay-type":"","overlay-color":"","overlay-opacity":"","overlay-gradient":""},"tablet":{"background-color":"","background-image":"","background-repeat":"repeat","background-position":"center center","background-size":"auto","background-attachment":"scroll","background-type":"","background-media":"","overlay-type":"","overlay-color":"","overlay-opacity":"","overlay-gradient":""},"mobile":{"background-color":"","background-image":"","background-repeat":"repeat","background-position":"center center","background-size":"auto","background-attachment":"scroll","background-type":"","background-media":"","overlay-type":"","overlay-color":"","overlay-opacity":"","overlay-gradient":""}},"ast-content-background-meta":{"desktop":{"background-color":"var(--ast-global-color-5)","background-image":"","background-repeat":"repeat","background-position":"center center","background-size":"auto","background-attachment":"scroll","background-type":"","background-media":"","overlay-type":"","overlay-color":"","overlay-opacity":"","overlay-gradient":""},"tablet":{"background-color":"var(--ast-global-color-5)","background-image":"","background-repeat":"repeat","background-position":"center center","background-size":"auto","background-attachment":"scroll","background-type":"","background-media":"","overlay-type":"","overlay-color":"","overlay-opacity":"","overlay-gradient":""},"mobile":{"background-color":"var(--ast-global-color-5)","background-image":"","background-repeat":"repeat","background-position":"center center","background-size":"auto","background-attachment":"scroll","background-type":"","background-media":"","overlay-type":"","overlay-color":"","overlay-opacity":"","overlay-gradient":""}}},"product_brand":[],"product_cat":[66],"product_tag":[],"class_list":{"0":"post-7949","1":"product","2":"type-product","3":"status-publish","4":"has-post-thumbnail","6":"product_cat-aksesuari","7":"desktop-align-left","8":"tablet-align-left","9":"mobile-align-left","11":"first","12":"instock","13":"shipping-taxable","14":"purchasable","15":"product-type-variable"},"yoast_head":"<!-- This site is optimized with the Yoast SEO plugin v27.1.1 - https:\/\/yoast.com\/product\/yoast-seo-wordpress\/ -->\n<title>DII Dvielis - DII-STUFF<\/title>\n<meta name=\"description\" content=\"M\u012bksts un \u012bpa\u0161i uzs\u016bco\u0161s mikro\u0161\u0137iedras dvielis \u0101trai m\u0101jdz\u012bvnieka nosusin\u0101\u0161anai p\u0113c pastaig\u0101m vai mazg\u0101\u0161anas. \u0100tri \u017e\u016bsto\u0161s.\" \/>\n<meta name=\"robots\" content=\"index, follow, max-snippet:-1, max-image-preview:large, max-video-preview:-1\" \/>\n<link rel=\"canonical\" href=\"https:\/\/diistuff.com\/en\/veikals\/dii-dvielis\/\" \/>\n<meta property=\"og:locale\" content=\"en_GB\" \/>\n<meta property=\"og:type\" content=\"article\" \/>\n<meta property=\"og:title\" content=\"DII Dvielis - DII-STUFF\" \/>\n<meta property=\"og:description\" content=\"M\u012bksts un \u012bpa\u0161i uzs\u016bco\u0161s mikro\u0161\u0137iedras dvielis \u0101trai m\u0101jdz\u012bvnieka nosusin\u0101\u0161anai p\u0113c pastaig\u0101m vai mazg\u0101\u0161anas. \u0100tri \u017e\u016bsto\u0161s.\" \/>\n<meta property=\"og:url\" content=\"https:\/\/diistuff.com\/en\/veikals\/dii-dvielis\/\" \/>\n<meta property=\"og:site_name\" content=\"DII-STUFF\" \/>\n<meta property=\"article:publisher\" content=\"https:\/\/www.facebook.com\/diidogbuddy\" \/>\n<meta property=\"article:modified_time\" content=\"2026-02-18T08:06:27+00:00\" \/>\n<meta property=\"og:image\" content=\"https:\/\/diistuff.com\/wp-content\/uploads\/2026\/02\/DSC08185-rotated.jpeg\" \/>\n\t<meta property=\"og:image:width\" content=\"1080\" \/>\n\t<meta property=\"og:image:height\" content=\"1088\" \/>\n\t<meta property=\"og:image:type\" content=\"image\/jpeg\" \/>\n<meta name=\"twitter:card\" content=\"summary_large_image\" \/>\n<meta name=\"twitter:label1\" content=\"Estimated reading time\" \/>\n\t<meta name=\"twitter:data1\" content=\"1 minute\" \/>\n<script type=\"application\/ld+json\" class=\"yoast-schema-graph\">{\"@context\":\"https:\/\/schema.org\",\"@graph\":[{\"@type\":\"WebPage\",\"@id\":\"https:\/\/diistuff.com\/veikals\/dii-dvielis\/\",\"url\":\"https:\/\/diistuff.com\/veikals\/dii-dvielis\/\",\"name\":\"DII Dvielis - DII-STUFF\",\"isPartOf\":{\"@id\":\"https:\/\/diistuff.com\/#website\"},\"primaryImageOfPage\":{\"@id\":\"https:\/\/diistuff.com\/veikals\/dii-dvielis\/#primaryimage\"},\"image\":{\"@id\":\"https:\/\/diistuff.com\/veikals\/dii-dvielis\/#primaryimage\"},\"thumbnailUrl\":\"https:\/\/diistuff.com\/wp-content\/uploads\/2026\/02\/DSC08185-rotated.jpeg\",\"datePublished\":\"2026-02-16T16:31:37+00:00\",\"dateModified\":\"2026-02-18T08:06:27+00:00\",\"description\":\"M\u012bksts un \u012bpa\u0161i uzs\u016bco\u0161s mikro\u0161\u0137iedras dvielis \u0101trai m\u0101jdz\u012bvnieka nosusin\u0101\u0161anai p\u0113c pastaig\u0101m vai mazg\u0101\u0161anas. \u0100tri \u017e\u016bsto\u0161s.\",\"breadcrumb\":{\"@id\":\"https:\/\/diistuff.com\/veikals\/dii-dvielis\/#breadcrumb\"},\"inLanguage\":\"en-GB\",\"potentialAction\":[{\"@type\":\"ReadAction\",\"target\":[\"https:\/\/diistuff.com\/veikals\/dii-dvielis\/\"]}]},{\"@type\":\"ImageObject\",\"inLanguage\":\"en-GB\",\"@id\":\"https:\/\/diistuff.com\/veikals\/dii-dvielis\/#primaryimage\",\"url\":\"https:\/\/diistuff.com\/wp-content\/uploads\/2026\/02\/DSC08185-rotated.jpeg\",\"contentUrl\":\"https:\/\/diistuff.com\/wp-content\/uploads\/2026\/02\/DSC08185-rotated.jpeg\",\"width\":1080,\"height\":1088},{\"@type\":\"BreadcrumbList\",\"@id\":\"https:\/\/diistuff.com\/veikals\/dii-dvielis\/#breadcrumb\",\"itemListElement\":[{\"@type\":\"ListItem\",\"position\":1,\"name\":\"Home\",\"item\":\"https:\/\/diistuff.com\/\"},{\"@type\":\"ListItem\",\"position\":2,\"name\":\"Shop\",\"item\":\"https:\/\/diistuff.com\/shop\/\"},{\"@type\":\"ListItem\",\"position\":3,\"name\":\"DII Dvielis\"}]},{\"@type\":\"WebSite\",\"@id\":\"https:\/\/diistuff.com\/#website\",\"url\":\"https:\/\/diistuff.com\/\",\"name\":\"DII-STUFF\",\"description\":\"\",\"publisher\":{\"@id\":\"https:\/\/diistuff.com\/#organization\"},\"potentialAction\":[{\"@type\":\"SearchAction\",\"target\":{\"@type\":\"EntryPoint\",\"urlTemplate\":\"https:\/\/diistuff.com\/?s={search_term_string}\"},\"query-input\":{\"@type\":\"PropertyValueSpecification\",\"valueRequired\":true,\"valueName\":\"search_term_string\"}}],\"inLanguage\":\"en-GB\"},{\"@type\":\"Organization\",\"@id\":\"https:\/\/diistuff.com\/#organization\",\"name\":\"SIA DII\",\"url\":\"https:\/\/diistuff.com\/\",\"logo\":{\"@type\":\"ImageObject\",\"inLanguage\":\"en-GB\",\"@id\":\"https:\/\/diistuff.com\/#\/schema\/logo\/image\/\",\"url\":\"https:\/\/diistuff.com\/wp-content\/uploads\/2021\/06\/cropped-Untitled-1-1.png\",\"contentUrl\":\"https:\/\/diistuff.com\/wp-content\/uploads\/2021\/06\/cropped-Untitled-1-1.png\",\"width\":232,\"height\":175,\"caption\":\"SIA DII\"},\"image\":{\"@id\":\"https:\/\/diistuff.com\/#\/schema\/logo\/image\/\"},\"sameAs\":[\"https:\/\/www.facebook.com\/diidogbuddy\",\"https:\/\/www.instagram.com\/dii_stuff\/\",\"https:\/\/www.pinterest.com\/diistuff\/\"]}]}<\/script>\n<!-- \/ Yoast SEO plugin. -->","yoast_head_json":{"title":"DII Dvielis - DII-STUFF","description":"M\u012bksts un \u012bpa\u0161i uzs\u016bco\u0161s mikro\u0161\u0137iedras dvielis \u0101trai m\u0101jdz\u012bvnieka nosusin\u0101\u0161anai p\u0113c pastaig\u0101m vai mazg\u0101\u0161anas. \u0100tri \u017e\u016bsto\u0161s.","robots":{"index":"index","follow":"follow","max-snippet":"max-snippet:-1","max-image-preview":"max-image-preview:large","max-video-preview":"max-video-preview:-1"},"canonical":"https:\/\/diistuff.com\/en\/veikals\/dii-dvielis\/","og_locale":"en_GB","og_type":"article","og_title":"DII Dvielis - DII-STUFF","og_description":"M\u012bksts un \u012bpa\u0161i uzs\u016bco\u0161s mikro\u0161\u0137iedras dvielis \u0101trai m\u0101jdz\u012bvnieka nosusin\u0101\u0161anai p\u0113c pastaig\u0101m vai mazg\u0101\u0161anas. \u0100tri \u017e\u016bsto\u0161s.","og_url":"https:\/\/diistuff.com\/en\/veikals\/dii-dvielis\/","og_site_name":"DII-STUFF","article_publisher":"https:\/\/www.facebook.com\/diidogbuddy","article_modified_time":"2026-02-18T08:06:27+00:00","og_image":[{"width":1080,"height":1088,"url":"https:\/\/diistuff.com\/wp-content\/uploads\/2026\/02\/DSC08185-rotated.jpeg","type":"image\/jpeg"}],"twitter_card":"summary_large_image","twitter_misc":{"Estimated reading time":"1 minute"},"schema":{"@context":"https:\/\/schema.org","@graph":[{"@type":"WebPage","@id":"https:\/\/diistuff.com\/veikals\/dii-dvielis\/","url":"https:\/\/diistuff.com\/veikals\/dii-dvielis\/","name":"DII Dvielis - DII-STUFF","isPartOf":{"@id":"https:\/\/diistuff.com\/#website"},"primaryImageOfPage":{"@id":"https:\/\/diistuff.com\/veikals\/dii-dvielis\/#primaryimage"},"image":{"@id":"https:\/\/diistuff.com\/veikals\/dii-dvielis\/#primaryimage"},"thumbnailUrl":"https:\/\/diistuff.com\/wp-content\/uploads\/2026\/02\/DSC08185-rotated.jpeg","datePublished":"2026-02-16T16:31:37+00:00","dateModified":"2026-02-18T08:06:27+00:00","description":"M\u012bksts un \u012bpa\u0161i uzs\u016bco\u0161s mikro\u0161\u0137iedras dvielis \u0101trai m\u0101jdz\u012bvnieka nosusin\u0101\u0161anai p\u0113c pastaig\u0101m vai mazg\u0101\u0161anas. \u0100tri \u017e\u016bsto\u0161s.","breadcrumb":{"@id":"https:\/\/diistuff.com\/veikals\/dii-dvielis\/#breadcrumb"},"inLanguage":"en-GB","potentialAction":[{"@type":"ReadAction","target":["https:\/\/diistuff.com\/veikals\/dii-dvielis\/"]}]},{"@type":"ImageObject","inLanguage":"en-GB","@id":"https:\/\/diistuff.com\/veikals\/dii-dvielis\/#primaryimage","url":"https:\/\/diistuff.com\/wp-content\/uploads\/2026\/02\/DSC08185-rotated.jpeg","contentUrl":"https:\/\/diistuff.com\/wp-content\/uploads\/2026\/02\/DSC08185-rotated.jpeg","width":1080,"height":1088},{"@type":"BreadcrumbList","@id":"https:\/\/diistuff.com\/veikals\/dii-dvielis\/#breadcrumb","itemListElement":[{"@type":"ListItem","position":1,"name":"Home","item":"https:\/\/diistuff.com\/"},{"@type":"ListItem","position":2,"name":"Shop","item":"https:\/\/diistuff.com\/shop\/"},{"@type":"ListItem","position":3,"name":"DII Dvielis"}]},{"@type":"WebSite","@id":"https:\/\/diistuff.com\/#website","url":"https:\/\/diistuff.com\/","name":"DII-STUFF","description":"","publisher":{"@id":"https:\/\/diistuff.com\/#organization"},"potentialAction":[{"@type":"SearchAction","target":{"@type":"EntryPoint","urlTemplate":"https:\/\/diistuff.com\/?s={search_term_string}"},"query-input":{"@type":"PropertyValueSpecification","valueRequired":true,"valueName":"search_term_string"}}],"inLanguage":"en-GB"},{"@type":"Organization","@id":"https:\/\/diistuff.com\/#organization","name":"SIA DII","url":"https:\/\/diistuff.com\/","logo":{"@type":"ImageObject","inLanguage":"en-GB","@id":"https:\/\/diistuff.com\/#\/schema\/logo\/image\/","url":"https:\/\/diistuff.com\/wp-content\/uploads\/2021\/06\/cropped-Untitled-1-1.png","contentUrl":"https:\/\/diistuff.com\/wp-content\/uploads\/2021\/06\/cropped-Untitled-1-1.png","width":232,"height":175,"caption":"SIA DII"},"image":{"@id":"https:\/\/diistuff.com\/#\/schema\/logo\/image\/"},"sameAs":["https:\/\/www.facebook.com\/diidogbuddy","https:\/\/www.instagram.com\/dii_stuff\/","https:\/\/www.pinterest.com\/diistuff\/"]}]}},"_links":{"self":[{"href":"https:\/\/diistuff.com\/en\/wp-json\/wp\/v2\/product\/7949","targetHints":{"allow":["GET"]}}],"collection":[{"href":"https:\/\/diistuff.com\/en\/wp-json\/wp\/v2\/product"}],"about":[{"href":"https:\/\/diistuff.com\/en\/wp-json\/wp\/v2\/types\/product"}],"replies":[{"embeddable":true,"href":"https:\/\/diistuff.com\/en\/wp-json\/wp\/v2\/comments?post=7949"}],"wp:featuredmedia":[{"embeddable":true,"href":"https:\/\/diistuff.com\/en\/wp-json\/wp\/v2\/media\/8365"}],"wp:attachment":[{"href":"https:\/\/diistuff.com\/en\/wp-json\/wp\/v2\/media?parent=7949"}],"wp:term":[{"taxonomy":"product_brand","embeddable":true,"href":"https:\/\/diistuff.com\/en\/wp-json\/wp\/v2\/product_brand?post=7949"},{"taxonomy":"product_cat","embeddable":true,"href":"https:\/\/diistuff.com\/en\/wp-json\/wp\/v2\/product_cat?post=7949"},{"taxonomy":"product_tag","embeddable":true,"href":"https:\/\/diistuff.com\/en\/wp-json\/wp\/v2\/product_tag?post=7949"}],"curies":[{"name":"wp","href":"https:\/\/api.w.org\/{rel}","templated":true}]}}