{"id":7463,"date":"2025-02-20T12:58:58","date_gmt":"2025-02-20T12:58:58","guid":{"rendered":"https:\/\/diistuff.com\/?post_type=product&#038;p=7463"},"modified":"2026-04-14T21:27:19","modified_gmt":"2026-04-14T21:27:19","slug":"dii-velvet","status":"publish","type":"product","link":"https:\/\/diistuff.com\/en\/veikals\/dii-velvet\/","title":{"rendered":"DII Velvet"},"content":{"rendered":"<div>DII Velvet m\u0101ko\u0146gultas ir rad\u012btas, lai nodro\u0161in\u0101tu augst\u0101ko kvalit\u0101ti un komfortu, gultas ir \u0161\u016btas no premium samta biez\u0101 m\u0113be\u013ca auduma, tas ir neticami m\u012bksts un pat\u012bkams piesk\u0101rienam, dizains \u013coti elegants un audums tie\u0161\u0101m viegli kopjams.<\/div>\n<div><\/div>\n<div>DII Velvet modelis tiek pied\u0101v\u0101ts 3 izm\u0113ros \u2013 60\u00d740 cm, 80\u00d760 cm un 100\u00d780 cm, un pla\u0161\u0101 kr\u0101su kl\u0101st\u0101 \u2013 6 \u013coti skaistos to\u0146os Sapphire Blue (Saf\u012bra zila), Emerald green (Smaragdza\u013ca), Sunflower yellow (Saulespu\u0137u dzeltens), Cappucino (Kapu\u010dino), Antique Pink Sapphire (Roz\u0101 saf\u012brs), Ivory Cloud (gai\u0161i kr\u0113m\u012bga)<\/div>\n<div><\/div>\n<div><\/div>\n<p><strong>Vieglas kop\u0161anas iesp\u0113jas:<\/strong><br \/>\nPiln\u012bb\u0101 no\u0146emamais p\u0101rvalks ar r\u0101v\u0113jsl\u0113dz\u0113ju. Ieteicams mazg\u0101t 30\u00b0C, izvairoties no \u017e\u0101v\u0113t\u0101ja, gludin\u0101\u0161anas un balin\u0101\u0161anas.<\/p>\n<p>Vislab\u0101k iesakam \u013caut p\u0101rvalakam p\u0113c mazg\u0101\u0161anas iz\u017e\u016bt dab\u012bg\u0101 veid\u0101, neizmantojot \u017e\u0101v\u0113t\u0101ju.<\/p>\n<p><strong>Galven\u0101s priek\u0161roc\u012bbas:<\/strong><br \/>\n\u2022 Premium audums \u2013 m\u012bksts, velvet\u012bgs materi\u0101ls sniedz gan komfortu, gan modernu izskatu.<br \/>\n\u2022 Vienk\u0101r\u0161a kop\u0161ana \u2013 no\u0146emamais p\u0101rvalks ar r\u0101v\u0113jsl\u0113dz\u0113ju.<br \/>\n\u2022 Ilgsto\u0161s komforts \u2013 gulta saglab\u0101 savu formu pat p\u0113c ilgsto\u0161as lieto\u0161anas.<\/p>\n<p><strong>Pieejamie izm\u0113ri:<\/strong><\/p>\n<ul>\n<li>60\u00d740 cm<\/li>\n<li>80\u00d760 cm<\/li>\n<li>100\u00d780 cm<\/li>\n<\/ul>\n<p><strong>How do I choose a bed size for my pet?<\/strong><\/p>\n<p>Keep in mind that a bed can only be too big for your home and not for your pet - we know this ourselves,<br \/>\nas few of us have ever slept in a bed that was \"too big\".<br \/>\nTherefore, you should start by choosing the space you want in your home and measuring it. Then fold the blanket\/bed sheet into the size of the bed you have found and invite your pet to climb on it and you will immediately get an idea whether the size fits or not.<\/p>\n<p>VERY IMPORTANT when choosing ANY ECO-LEATHER or SOFT FABRIC SOFA BED : Remove at least 10-15cm from each side to understand the actual sleeping area, this does not apply to any other bed model.<\/p>\n<p>Examples:<br \/>\n* For a Labrador \/ Rottweiler \/ German shepherd \/ breed \/ size dog you should choose a 120x90cm bed, not 100x70cm bed, because the dimensions are external, not internal.<br \/>\n* French Bulldog\/Beagle\/Corgi breeds\/size dogs will do well in the 100\u00d770 or 80\u00d780 size\nsofa beds.<\/p>","protected":false},"excerpt":{"rendered":"<div>DII Velvet m\u0101ko\u0146gultas ir rad\u012btas, lai nodro\u0161in\u0101tu augst\u0101ko kvalit\u0101ti un komfortu, gultas ir \u0161\u016btas no premium samta biez\u0101 m\u0113be\u013ca auduma, tas ir neticami m\u012bksts un pat\u012bkams piesk\u0101rienam, dizains \u013coti elegants un audums tie\u0161\u0101m viegli kopjams.<\/div>\n<div><\/div>\n<div><\/div>\n<div>DII Velvet modelis tiek pied\u0101v\u0101ts 3 izm\u0113ros \u2013 60\u00d740 cm, 80\u00d760 cm un 100\u00d780 cm, un pla\u0161\u0101 kr\u0101su kl\u0101st\u0101 \u2013 6 \u013coti skaistos to\u0146os Sapphire Blue (Saf\u012bra zila), Emerald green (Smaragdza\u013ca), Sunflower yellow (Saulespu\u0137u dzeltens), Cappucino (Kapu\u010dino), Antique Pink Sapphire (Roz\u0101 saf\u012brs), Ivory Cloud (gai\u0161i kr\u0113m\u012bga)<\/div>\n<div><\/div>\n<div><\/div>\n<div><\/div>\n<p><strong>Vieglas kop\u0161anas iesp\u0113jas:<\/strong><br \/>\nPiln\u012bb\u0101 no\u0146emamais p\u0101rvalks ar r\u0101v\u0113jsl\u0113dz\u0113ju. Ieteicams mazg\u0101t 30\u00b0C, izvairoties no \u017e\u0101v\u0113t\u0101ja, gludin\u0101\u0161anas un balin\u0101\u0161anas.<\/p>\n<p>Vislab\u0101k iesakam \u013caut p\u0101rvalakam p\u0113c mazg\u0101\u0161anas iz\u017e\u016bt dab\u012bg\u0101 veid\u0101, neizmantojot \u017e\u0101v\u0113t\u0101ju.<\/p>\n<p><strong>Galven\u0101s priek\u0161roc\u012bbas:<\/strong><br \/>\n\u2022 Premium audums \u2013 m\u012bksts, velvet\u012bgs materi\u0101ls sniedz gan komfortu, gan modernu izskatu.<br \/>\n\u2022 Vienk\u0101r\u0161a kop\u0161ana \u2013 no\u0146emamais p\u0101rvalks ar r\u0101v\u0113jsl\u0113dz\u0113ju.<br \/>\n\u2022 Ilgsto\u0161s komforts \u2013 gulta saglab\u0101 savu formu pat p\u0113c ilgsto\u0161as lieto\u0161anas.<\/p>\n<p><strong>Pieejamie izm\u0113ri:<\/strong><\/p>\n<ul>\n<li>60\u00d740 cm<\/li>\n<li>80\u00d760 cm<\/li>\n<li>100\u00d780 cm<\/li>\n<\/ul>\n<p><strong>Before ordering, take measure<\/strong><strong>us, lai izv\u0113l\u0113tos atbilsto\u0161o izm\u0113ru.<\/strong><\/p>","protected":false},"featured_media":7775,"comment_status":"open","ping_status":"closed","template":"","meta":{"om_disable_all_campaigns":false,"_monsterinsights_skip_tracking":false,"_monsterinsights_sitenote_active":false,"_monsterinsights_sitenote_note":"","_monsterinsights_sitenote_category":0,"_uf_show_specific_survey":0,"_uf_disable_surveys":false,"site-sidebar-layout":"default","site-content-layout":"default","ast-site-content-layout":"default","site-content-style":"default","site-sidebar-style":"default","ast-global-header-display":"","ast-banner-title-visibility":"","ast-main-header-display":"","ast-hfb-above-header-display":"","ast-hfb-below-header-display":"","ast-hfb-mobile-header-display":"","site-post-title":"","ast-breadcrumbs-content":"","ast-featured-img":"","footer-sml-layout":"","ast-disable-related-posts":"","theme-transparent-header-meta":"default","adv-header-id-meta":"","stick-header-meta":"","header-above-stick-meta":"","header-main-stick-meta":"","header-below-stick-meta":"","astra-migrate-meta-layouts":"set","ast-page-background-enabled":"default","ast-page-background-meta":{"desktop":{"background-color":"","background-image":"","background-repeat":"repeat","background-position":"center center","background-size":"auto","background-attachment":"scroll","background-type":"","background-media":"","overlay-type":"","overlay-color":"","overlay-opacity":"","overlay-gradient":""},"tablet":{"background-color":"","background-image":"","background-repeat":"repeat","background-position":"center center","background-size":"auto","background-attachment":"scroll","background-type":"","background-media":"","overlay-type":"","overlay-color":"","overlay-opacity":"","overlay-gradient":""},"mobile":{"background-color":"","background-image":"","background-repeat":"repeat","background-position":"center center","background-size":"auto","background-attachment":"scroll","background-type":"","background-media":"","overlay-type":"","overlay-color":"","overlay-opacity":"","overlay-gradient":""}},"ast-content-background-meta":{"desktop":{"background-color":"var(--ast-global-color-5)","background-image":"","background-repeat":"repeat","background-position":"center center","background-size":"auto","background-attachment":"scroll","background-type":"","background-media":"","overlay-type":"","overlay-color":"","overlay-opacity":"","overlay-gradient":""},"tablet":{"background-color":"var(--ast-global-color-5)","background-image":"","background-repeat":"repeat","background-position":"center center","background-size":"auto","background-attachment":"scroll","background-type":"","background-media":"","overlay-type":"","overlay-color":"","overlay-opacity":"","overlay-gradient":""},"mobile":{"background-color":"var(--ast-global-color-5)","background-image":"","background-repeat":"repeat","background-position":"center center","background-size":"auto","background-attachment":"scroll","background-type":"","background-media":"","overlay-type":"","overlay-color":"","overlay-opacity":"","overlay-gradient":""}}},"product_brand":[],"product_cat":[28],"product_tag":[],"class_list":{"0":"post-7463","1":"product","2":"type-product","3":"status-publish","4":"has-post-thumbnail","6":"product_cat-gultas","7":"desktop-align-left","8":"tablet-align-left","9":"mobile-align-left","11":"first","12":"onbackorder","13":"shipping-taxable","14":"purchasable","15":"product-type-variable"},"yoast_head":"<!-- This site is optimized with the Yoast SEO plugin v27.1.1 - https:\/\/yoast.com\/product\/yoast-seo-wordpress\/ -->\n<title>DII Velvet - DII-STUFF<\/title>\n<meta name=\"description\" content=\"DII Velvet m\u0101ko\u0146gultas ir rad\u012btas, lai nodro\u0161in\u0101tu augst\u0101ko kvalit\u0101ti un komfortu, gultas ir \u0161\u016btas no premium samta biez\u0101 m\u0113be\u013ca auduma.\" \/>\n<meta name=\"robots\" content=\"index, follow, max-snippet:-1, max-image-preview:large, max-video-preview:-1\" \/>\n<link rel=\"canonical\" href=\"https:\/\/diistuff.com\/en\/veikals\/dii-velvet\/\" \/>\n<meta property=\"og:locale\" content=\"en_GB\" \/>\n<meta property=\"og:type\" content=\"article\" \/>\n<meta property=\"og:title\" content=\"DII Velvet - DII-STUFF\" \/>\n<meta property=\"og:description\" content=\"DII Velvet m\u0101ko\u0146gultas ir rad\u012btas, lai nodro\u0161in\u0101tu augst\u0101ko kvalit\u0101ti un komfortu, gultas ir \u0161\u016btas no premium samta biez\u0101 m\u0113be\u013ca auduma.\" \/>\n<meta property=\"og:url\" content=\"https:\/\/diistuff.com\/en\/veikals\/dii-velvet\/\" \/>\n<meta property=\"og:site_name\" content=\"DII-STUFF\" \/>\n<meta property=\"article:publisher\" content=\"https:\/\/www.facebook.com\/diidogbuddy\" \/>\n<meta property=\"article:modified_time\" content=\"2026-04-14T21:27:19+00:00\" \/>\n<meta property=\"og:image\" content=\"https:\/\/diistuff.com\/wp-content\/uploads\/2025\/02\/IMG_2204.jpeg\" \/>\n\t<meta property=\"og:image:width\" content=\"1000\" \/>\n\t<meta property=\"og:image:height\" content=\"1500\" \/>\n\t<meta property=\"og:image:type\" content=\"image\/jpeg\" \/>\n<meta name=\"twitter:card\" content=\"summary_large_image\" \/>\n<meta name=\"twitter:label1\" content=\"Estimated reading time\" \/>\n\t<meta name=\"twitter:data1\" content=\"2 minutes\" \/>\n<script type=\"application\/ld+json\" class=\"yoast-schema-graph\">{\"@context\":\"https:\/\/schema.org\",\"@graph\":[{\"@type\":\"WebPage\",\"@id\":\"https:\/\/diistuff.com\/veikals\/dii-velvet\/\",\"url\":\"https:\/\/diistuff.com\/veikals\/dii-velvet\/\",\"name\":\"DII Velvet - DII-STUFF\",\"isPartOf\":{\"@id\":\"https:\/\/diistuff.com\/#website\"},\"primaryImageOfPage\":{\"@id\":\"https:\/\/diistuff.com\/veikals\/dii-velvet\/#primaryimage\"},\"image\":{\"@id\":\"https:\/\/diistuff.com\/veikals\/dii-velvet\/#primaryimage\"},\"thumbnailUrl\":\"https:\/\/diistuff.com\/wp-content\/uploads\/2025\/02\/IMG_2204.jpeg\",\"datePublished\":\"2025-02-20T12:58:58+00:00\",\"dateModified\":\"2026-04-14T21:27:19+00:00\",\"description\":\"DII Velvet m\u0101ko\u0146gultas ir rad\u012btas, lai nodro\u0161in\u0101tu augst\u0101ko kvalit\u0101ti un komfortu, gultas ir \u0161\u016btas no premium samta biez\u0101 m\u0113be\u013ca auduma.\",\"breadcrumb\":{\"@id\":\"https:\/\/diistuff.com\/veikals\/dii-velvet\/#breadcrumb\"},\"inLanguage\":\"en-GB\",\"potentialAction\":[{\"@type\":\"ReadAction\",\"target\":[\"https:\/\/diistuff.com\/veikals\/dii-velvet\/\"]}]},{\"@type\":\"ImageObject\",\"inLanguage\":\"en-GB\",\"@id\":\"https:\/\/diistuff.com\/veikals\/dii-velvet\/#primaryimage\",\"url\":\"https:\/\/diistuff.com\/wp-content\/uploads\/2025\/02\/IMG_2204.jpeg\",\"contentUrl\":\"https:\/\/diistuff.com\/wp-content\/uploads\/2025\/02\/IMG_2204.jpeg\",\"width\":1000,\"height\":1500},{\"@type\":\"BreadcrumbList\",\"@id\":\"https:\/\/diistuff.com\/veikals\/dii-velvet\/#breadcrumb\",\"itemListElement\":[{\"@type\":\"ListItem\",\"position\":1,\"name\":\"Home\",\"item\":\"https:\/\/diistuff.com\/\"},{\"@type\":\"ListItem\",\"position\":2,\"name\":\"Shop\",\"item\":\"https:\/\/diistuff.com\/shop\/\"},{\"@type\":\"ListItem\",\"position\":3,\"name\":\"DII Velvet\"}]},{\"@type\":\"WebSite\",\"@id\":\"https:\/\/diistuff.com\/#website\",\"url\":\"https:\/\/diistuff.com\/\",\"name\":\"DII-STUFF\",\"description\":\"\",\"publisher\":{\"@id\":\"https:\/\/diistuff.com\/#organization\"},\"potentialAction\":[{\"@type\":\"SearchAction\",\"target\":{\"@type\":\"EntryPoint\",\"urlTemplate\":\"https:\/\/diistuff.com\/?s={search_term_string}\"},\"query-input\":{\"@type\":\"PropertyValueSpecification\",\"valueRequired\":true,\"valueName\":\"search_term_string\"}}],\"inLanguage\":\"en-GB\"},{\"@type\":\"Organization\",\"@id\":\"https:\/\/diistuff.com\/#organization\",\"name\":\"SIA DII\",\"url\":\"https:\/\/diistuff.com\/\",\"logo\":{\"@type\":\"ImageObject\",\"inLanguage\":\"en-GB\",\"@id\":\"https:\/\/diistuff.com\/#\/schema\/logo\/image\/\",\"url\":\"https:\/\/diistuff.com\/wp-content\/uploads\/2021\/06\/cropped-Untitled-1-1.png\",\"contentUrl\":\"https:\/\/diistuff.com\/wp-content\/uploads\/2021\/06\/cropped-Untitled-1-1.png\",\"width\":232,\"height\":175,\"caption\":\"SIA DII\"},\"image\":{\"@id\":\"https:\/\/diistuff.com\/#\/schema\/logo\/image\/\"},\"sameAs\":[\"https:\/\/www.facebook.com\/diidogbuddy\",\"https:\/\/www.instagram.com\/dii_stuff\/\",\"https:\/\/www.pinterest.com\/diistuff\/\"]}]}<\/script>\n<!-- \/ Yoast SEO plugin. -->","yoast_head_json":{"title":"DII Velvet - DII-STUFF","description":"DII Velvet m\u0101ko\u0146gultas ir rad\u012btas, lai nodro\u0161in\u0101tu augst\u0101ko kvalit\u0101ti un komfortu, gultas ir \u0161\u016btas no premium samta biez\u0101 m\u0113be\u013ca auduma.","robots":{"index":"index","follow":"follow","max-snippet":"max-snippet:-1","max-image-preview":"max-image-preview:large","max-video-preview":"max-video-preview:-1"},"canonical":"https:\/\/diistuff.com\/en\/veikals\/dii-velvet\/","og_locale":"en_GB","og_type":"article","og_title":"DII Velvet - DII-STUFF","og_description":"DII Velvet m\u0101ko\u0146gultas ir rad\u012btas, lai nodro\u0161in\u0101tu augst\u0101ko kvalit\u0101ti un komfortu, gultas ir \u0161\u016btas no premium samta biez\u0101 m\u0113be\u013ca auduma.","og_url":"https:\/\/diistuff.com\/en\/veikals\/dii-velvet\/","og_site_name":"DII-STUFF","article_publisher":"https:\/\/www.facebook.com\/diidogbuddy","article_modified_time":"2026-04-14T21:27:19+00:00","og_image":[{"width":1000,"height":1500,"url":"https:\/\/diistuff.com\/wp-content\/uploads\/2025\/02\/IMG_2204.jpeg","type":"image\/jpeg"}],"twitter_card":"summary_large_image","twitter_misc":{"Estimated reading time":"2 minutes"},"schema":{"@context":"https:\/\/schema.org","@graph":[{"@type":"WebPage","@id":"https:\/\/diistuff.com\/veikals\/dii-velvet\/","url":"https:\/\/diistuff.com\/veikals\/dii-velvet\/","name":"DII Velvet - DII-STUFF","isPartOf":{"@id":"https:\/\/diistuff.com\/#website"},"primaryImageOfPage":{"@id":"https:\/\/diistuff.com\/veikals\/dii-velvet\/#primaryimage"},"image":{"@id":"https:\/\/diistuff.com\/veikals\/dii-velvet\/#primaryimage"},"thumbnailUrl":"https:\/\/diistuff.com\/wp-content\/uploads\/2025\/02\/IMG_2204.jpeg","datePublished":"2025-02-20T12:58:58+00:00","dateModified":"2026-04-14T21:27:19+00:00","description":"DII Velvet m\u0101ko\u0146gultas ir rad\u012btas, lai nodro\u0161in\u0101tu augst\u0101ko kvalit\u0101ti un komfortu, gultas ir \u0161\u016btas no premium samta biez\u0101 m\u0113be\u013ca auduma.","breadcrumb":{"@id":"https:\/\/diistuff.com\/veikals\/dii-velvet\/#breadcrumb"},"inLanguage":"en-GB","potentialAction":[{"@type":"ReadAction","target":["https:\/\/diistuff.com\/veikals\/dii-velvet\/"]}]},{"@type":"ImageObject","inLanguage":"en-GB","@id":"https:\/\/diistuff.com\/veikals\/dii-velvet\/#primaryimage","url":"https:\/\/diistuff.com\/wp-content\/uploads\/2025\/02\/IMG_2204.jpeg","contentUrl":"https:\/\/diistuff.com\/wp-content\/uploads\/2025\/02\/IMG_2204.jpeg","width":1000,"height":1500},{"@type":"BreadcrumbList","@id":"https:\/\/diistuff.com\/veikals\/dii-velvet\/#breadcrumb","itemListElement":[{"@type":"ListItem","position":1,"name":"Home","item":"https:\/\/diistuff.com\/"},{"@type":"ListItem","position":2,"name":"Shop","item":"https:\/\/diistuff.com\/shop\/"},{"@type":"ListItem","position":3,"name":"DII Velvet"}]},{"@type":"WebSite","@id":"https:\/\/diistuff.com\/#website","url":"https:\/\/diistuff.com\/","name":"DII-STUFF","description":"","publisher":{"@id":"https:\/\/diistuff.com\/#organization"},"potentialAction":[{"@type":"SearchAction","target":{"@type":"EntryPoint","urlTemplate":"https:\/\/diistuff.com\/?s={search_term_string}"},"query-input":{"@type":"PropertyValueSpecification","valueRequired":true,"valueName":"search_term_string"}}],"inLanguage":"en-GB"},{"@type":"Organization","@id":"https:\/\/diistuff.com\/#organization","name":"SIA DII","url":"https:\/\/diistuff.com\/","logo":{"@type":"ImageObject","inLanguage":"en-GB","@id":"https:\/\/diistuff.com\/#\/schema\/logo\/image\/","url":"https:\/\/diistuff.com\/wp-content\/uploads\/2021\/06\/cropped-Untitled-1-1.png","contentUrl":"https:\/\/diistuff.com\/wp-content\/uploads\/2021\/06\/cropped-Untitled-1-1.png","width":232,"height":175,"caption":"SIA DII"},"image":{"@id":"https:\/\/diistuff.com\/#\/schema\/logo\/image\/"},"sameAs":["https:\/\/www.facebook.com\/diidogbuddy","https:\/\/www.instagram.com\/dii_stuff\/","https:\/\/www.pinterest.com\/diistuff\/"]}]}},"_links":{"self":[{"href":"https:\/\/diistuff.com\/en\/wp-json\/wp\/v2\/product\/7463","targetHints":{"allow":["GET"]}}],"collection":[{"href":"https:\/\/diistuff.com\/en\/wp-json\/wp\/v2\/product"}],"about":[{"href":"https:\/\/diistuff.com\/en\/wp-json\/wp\/v2\/types\/product"}],"replies":[{"embeddable":true,"href":"https:\/\/diistuff.com\/en\/wp-json\/wp\/v2\/comments?post=7463"}],"wp:featuredmedia":[{"embeddable":true,"href":"https:\/\/diistuff.com\/en\/wp-json\/wp\/v2\/media\/7775"}],"wp:attachment":[{"href":"https:\/\/diistuff.com\/en\/wp-json\/wp\/v2\/media?parent=7463"}],"wp:term":[{"taxonomy":"product_brand","embeddable":true,"href":"https:\/\/diistuff.com\/en\/wp-json\/wp\/v2\/product_brand?post=7463"},{"taxonomy":"product_cat","embeddable":true,"href":"https:\/\/diistuff.com\/en\/wp-json\/wp\/v2\/product_cat?post=7463"},{"taxonomy":"product_tag","embeddable":true,"href":"https:\/\/diistuff.com\/en\/wp-json\/wp\/v2\/product_tag?post=7463"}],"curies":[{"name":"wp","href":"https:\/\/api.w.org\/{rel}","templated":true}]}}