{"id":719,"date":"2021-05-31T09:39:46","date_gmt":"2021-05-31T09:39:46","guid":{"rendered":"https:\/\/diistuff.com\/?post_type=product&#038;p=719"},"modified":"2026-04-12T19:16:45","modified_gmt":"2026-04-12T19:16:45","slug":"soft-grey-miksta-auduma-gulta","status":"publish","type":"product","link":"https:\/\/diistuff.com\/en\/veikals\/soft-grey-miksta-auduma-gulta\/","title":{"rendered":"SOFT fabric bed"},"content":{"rendered":"<p><span style=\"font-weight: 400;\">SOFT modelis tiek pied\u0101v\u0101ts 3 izm\u0113ros, pieejams tum\u0161i pel\u0113k\u0101 vai tum\u0161i br\u016bn\u0101 kr\u0101s\u0101, apvalks ir no\u0146emams un mazg\u0101jams ve\u013cas ma\u0161\u012bn\u0101 30-40 gr\u0101du temperat\u016br\u0101, dr\u012bkst likt ar\u012b \u017e\u0101v\u0113taj\u0101. Audums ir \u013coti m\u012bksts un pat\u012bkams uz tausti, iek\u0161a (gu\u013cam\u0101 da\u013ca) ir ar mazu rakstu, ta\u010du \u0101r\u0113j\u0101 da\u013ca bez.\u00a0<\/span><\/p>\n<p><strong>How do I choose a bed size for my pet?<\/strong><\/p>\n<p>Keep in mind that a bed can only be too big for your home and not for your pet - we know this ourselves,<br \/>\nas few of us have ever slept in a bed that was \"too big\".<br \/>\nTherefore, you should start by choosing the space you want in your home and measuring it. Then fold the blanket\/bed sheet into the size of the bed you have found and invite your pet to climb on it and you will immediately get an idea whether the size fits or not.<\/p>\n<p>VERY IMPORTANT when choosing ANY ECO-LEATHER or SOFT FABRIC SOFA BED : Remove at least 10-15cm from each side to understand the actual sleeping area, this does not apply to any other bed model.<\/p>\n<p>Examples:<br \/>\n* For a Labrador \/ Rottweiler \/ German shepherd \/ breed \/ size dog you should choose a 120x90cm bed, not 100x70cm bed, because the dimensions are external, not internal.<br \/>\n* French Bulldog\/Beagle\/Corgi breeds\/size dogs will do well in the 100\u00d770 or 80\u00d780 size sofa beds.<\/p>","protected":false},"excerpt":{"rendered":"<p><span style=\"font-weight: 400;\">SOFT modelis tiek pied\u0101v\u0101ts 3 izm\u0113ros, pieejams tum\u0161i pel\u0113k\u0101 vai tum\u0161i br\u016bn\u0101 kr\u0101s\u0101, apvalks ir no\u0146emams un mazg\u0101jams ve\u013cas ma\u0161\u012bn\u0101 30-40 gr\u0101du temperat\u016br\u0101, dr\u012bkst likt ar\u012b \u017e\u0101v\u0113taj\u0101. Audums ir \u013coti m\u012bksts un pat\u012bkams uz tausti, iek\u0161a (gu\u013cam\u0101 da\u013ca) ir ar mazu rakstu, ta\u010du \u0101r\u0113j\u0101 da\u013ca bez.\u00a0<\/span><\/p>\n<p>&nbsp;<\/p>\n<p><strong>Before ordering, take measurements to choose the right bed size.<\/strong><\/p>","protected":false},"featured_media":6840,"comment_status":"open","ping_status":"closed","template":"","meta":{"om_disable_all_campaigns":false,"_monsterinsights_skip_tracking":false,"_monsterinsights_sitenote_active":false,"_monsterinsights_sitenote_note":"","_monsterinsights_sitenote_category":0,"_uf_show_specific_survey":0,"_uf_disable_surveys":false,"site-sidebar-layout":"default","site-content-layout":"default","ast-site-content-layout":"default","site-content-style":"default","site-sidebar-style":"default","ast-global-header-display":"","ast-banner-title-visibility":"","ast-main-header-display":"","ast-hfb-above-header-display":"","ast-hfb-below-header-display":"","ast-hfb-mobile-header-display":"","site-post-title":"","ast-breadcrumbs-content":"","ast-featured-img":"","footer-sml-layout":"","ast-disable-related-posts":"","theme-transparent-header-meta":"default","adv-header-id-meta":"","stick-header-meta":"","header-above-stick-meta":"","header-main-stick-meta":"","header-below-stick-meta":"","astra-migrate-meta-layouts":"set","ast-page-background-enabled":"default","ast-page-background-meta":{"desktop":{"background-color":"","background-image":"","background-repeat":"repeat","background-position":"center center","background-size":"auto","background-attachment":"scroll","background-type":"","background-media":"","overlay-type":"","overlay-color":"","overlay-opacity":"","overlay-gradient":""},"tablet":{"background-color":"","background-image":"","background-repeat":"repeat","background-position":"center center","background-size":"auto","background-attachment":"scroll","background-type":"","background-media":"","overlay-type":"","overlay-color":"","overlay-opacity":"","overlay-gradient":""},"mobile":{"background-color":"","background-image":"","background-repeat":"repeat","background-position":"center center","background-size":"auto","background-attachment":"scroll","background-type":"","background-media":"","overlay-type":"","overlay-color":"","overlay-opacity":"","overlay-gradient":""}},"ast-content-background-meta":{"desktop":{"background-color":"var(--ast-global-color-5)","background-image":"","background-repeat":"repeat","background-position":"center center","background-size":"auto","background-attachment":"scroll","background-type":"","background-media":"","overlay-type":"","overlay-color":"","overlay-opacity":"","overlay-gradient":""},"tablet":{"background-color":"var(--ast-global-color-5)","background-image":"","background-repeat":"repeat","background-position":"center center","background-size":"auto","background-attachment":"scroll","background-type":"","background-media":"","overlay-type":"","overlay-color":"","overlay-opacity":"","overlay-gradient":""},"mobile":{"background-color":"var(--ast-global-color-5)","background-image":"","background-repeat":"repeat","background-position":"center center","background-size":"auto","background-attachment":"scroll","background-type":"","background-media":"","overlay-type":"","overlay-color":"","overlay-opacity":"","overlay-gradient":""}}},"product_brand":[],"product_cat":[28,29],"product_tag":[],"class_list":{"0":"post-719","1":"product","2":"type-product","3":"status-publish","4":"has-post-thumbnail","6":"product_cat-gultas","7":"product_cat-soft-grey-gultas","8":"product_shipping_class-kurjers","9":"desktop-align-left","10":"tablet-align-left","11":"mobile-align-left","13":"first","14":"onbackorder","15":"shipping-taxable","16":"purchasable","17":"product-type-variable"},"yoast_head":"<!-- This site is optimized with the Yoast SEO plugin v27.1.1 - https:\/\/yoast.com\/product\/yoast-seo-wordpress\/ -->\n<title>SOFT m\u012bkst\u0101 auduma su\u0146u gulta no DII<\/title>\n<meta name=\"description\" content=\"SOFT modelis tiek pied\u0101v\u0101ts 3 izm\u0113ros. Audums ir \u013coti m\u012bksts un pat\u012bkams uz tausti. Apvalks ir no\u0146emams un mazg\u0101jams ve\u013cas ma\u0161\u012bn\u0101.\" \/>\n<meta name=\"robots\" content=\"index, follow, max-snippet:-1, max-image-preview:large, max-video-preview:-1\" \/>\n<link rel=\"canonical\" href=\"https:\/\/diistuff.com\/en\/veikals\/soft-grey-miksta-auduma-gulta\/\" \/>\n<meta property=\"og:locale\" content=\"en_GB\" \/>\n<meta property=\"og:type\" content=\"article\" \/>\n<meta property=\"og:title\" content=\"SOFT m\u012bkst\u0101 auduma su\u0146u gulta no DII\" \/>\n<meta property=\"og:description\" content=\"SOFT modelis tiek pied\u0101v\u0101ts 3 izm\u0113ros. Audums ir \u013coti m\u012bksts un pat\u012bkams uz tausti. Apvalks ir no\u0146emams un mazg\u0101jams ve\u013cas ma\u0161\u012bn\u0101.\" \/>\n<meta property=\"og:url\" content=\"https:\/\/diistuff.com\/en\/veikals\/soft-grey-miksta-auduma-gulta\/\" \/>\n<meta property=\"og:site_name\" content=\"DII-STUFF\" \/>\n<meta property=\"article:publisher\" content=\"https:\/\/www.facebook.com\/diidogbuddy\" \/>\n<meta property=\"article:modified_time\" content=\"2026-04-12T19:16:45+00:00\" \/>\n<meta property=\"og:image\" content=\"https:\/\/diistuff.com\/wp-content\/uploads\/2021\/05\/245E4900-B3C4-45B6-9165-C50A6A5D439A-scaled.jpeg\" \/>\n\t<meta property=\"og:image:width\" content=\"1704\" \/>\n\t<meta property=\"og:image:height\" content=\"2560\" \/>\n\t<meta property=\"og:image:type\" content=\"image\/jpeg\" \/>\n<meta name=\"twitter:card\" content=\"summary_large_image\" \/>\n<meta name=\"twitter:label1\" content=\"Estimated reading time\" \/>\n\t<meta name=\"twitter:data1\" content=\"2 minutes\" \/>\n<script type=\"application\/ld+json\" class=\"yoast-schema-graph\">{\"@context\":\"https:\/\/schema.org\",\"@graph\":[{\"@type\":\"WebPage\",\"@id\":\"https:\/\/diistuff.com\/veikals\/soft-grey-miksta-auduma-gulta\/\",\"url\":\"https:\/\/diistuff.com\/veikals\/soft-grey-miksta-auduma-gulta\/\",\"name\":\"SOFT m\u012bkst\u0101 auduma su\u0146u gulta no DII\",\"isPartOf\":{\"@id\":\"https:\/\/diistuff.com\/#website\"},\"primaryImageOfPage\":{\"@id\":\"https:\/\/diistuff.com\/veikals\/soft-grey-miksta-auduma-gulta\/#primaryimage\"},\"image\":{\"@id\":\"https:\/\/diistuff.com\/veikals\/soft-grey-miksta-auduma-gulta\/#primaryimage\"},\"thumbnailUrl\":\"https:\/\/diistuff.com\/wp-content\/uploads\/2021\/05\/245E4900-B3C4-45B6-9165-C50A6A5D439A-scaled.jpeg\",\"datePublished\":\"2021-05-31T09:39:46+00:00\",\"dateModified\":\"2026-04-12T19:16:45+00:00\",\"description\":\"SOFT modelis tiek pied\u0101v\u0101ts 3 izm\u0113ros. Audums ir \u013coti m\u012bksts un pat\u012bkams uz tausti. Apvalks ir no\u0146emams un mazg\u0101jams ve\u013cas ma\u0161\u012bn\u0101.\",\"breadcrumb\":{\"@id\":\"https:\/\/diistuff.com\/veikals\/soft-grey-miksta-auduma-gulta\/#breadcrumb\"},\"inLanguage\":\"en-GB\",\"potentialAction\":[{\"@type\":\"ReadAction\",\"target\":[\"https:\/\/diistuff.com\/veikals\/soft-grey-miksta-auduma-gulta\/\"]}]},{\"@type\":\"ImageObject\",\"inLanguage\":\"en-GB\",\"@id\":\"https:\/\/diistuff.com\/veikals\/soft-grey-miksta-auduma-gulta\/#primaryimage\",\"url\":\"https:\/\/diistuff.com\/wp-content\/uploads\/2021\/05\/245E4900-B3C4-45B6-9165-C50A6A5D439A-scaled.jpeg\",\"contentUrl\":\"https:\/\/diistuff.com\/wp-content\/uploads\/2021\/05\/245E4900-B3C4-45B6-9165-C50A6A5D439A-scaled.jpeg\",\"width\":1704,\"height\":2560},{\"@type\":\"BreadcrumbList\",\"@id\":\"https:\/\/diistuff.com\/veikals\/soft-grey-miksta-auduma-gulta\/#breadcrumb\",\"itemListElement\":[{\"@type\":\"ListItem\",\"position\":1,\"name\":\"Home\",\"item\":\"https:\/\/diistuff.com\/\"},{\"@type\":\"ListItem\",\"position\":2,\"name\":\"Shop\",\"item\":\"https:\/\/diistuff.com\/shop\/\"},{\"@type\":\"ListItem\",\"position\":3,\"name\":\"SOFT m\u012bkst\u0101 auduma gulta\"}]},{\"@type\":\"WebSite\",\"@id\":\"https:\/\/diistuff.com\/#website\",\"url\":\"https:\/\/diistuff.com\/\",\"name\":\"DII-STUFF\",\"description\":\"\",\"publisher\":{\"@id\":\"https:\/\/diistuff.com\/#organization\"},\"potentialAction\":[{\"@type\":\"SearchAction\",\"target\":{\"@type\":\"EntryPoint\",\"urlTemplate\":\"https:\/\/diistuff.com\/?s={search_term_string}\"},\"query-input\":{\"@type\":\"PropertyValueSpecification\",\"valueRequired\":true,\"valueName\":\"search_term_string\"}}],\"inLanguage\":\"en-GB\"},{\"@type\":\"Organization\",\"@id\":\"https:\/\/diistuff.com\/#organization\",\"name\":\"SIA DII\",\"url\":\"https:\/\/diistuff.com\/\",\"logo\":{\"@type\":\"ImageObject\",\"inLanguage\":\"en-GB\",\"@id\":\"https:\/\/diistuff.com\/#\/schema\/logo\/image\/\",\"url\":\"https:\/\/diistuff.com\/wp-content\/uploads\/2021\/06\/cropped-Untitled-1-1.png\",\"contentUrl\":\"https:\/\/diistuff.com\/wp-content\/uploads\/2021\/06\/cropped-Untitled-1-1.png\",\"width\":232,\"height\":175,\"caption\":\"SIA DII\"},\"image\":{\"@id\":\"https:\/\/diistuff.com\/#\/schema\/logo\/image\/\"},\"sameAs\":[\"https:\/\/www.facebook.com\/diidogbuddy\",\"https:\/\/www.instagram.com\/dii_stuff\/\",\"https:\/\/www.pinterest.com\/diistuff\/\"]}]}<\/script>\n<!-- \/ Yoast SEO plugin. -->","yoast_head_json":{"title":"SOFT m\u012bkst\u0101 auduma su\u0146u gulta no DII","description":"SOFT modelis tiek pied\u0101v\u0101ts 3 izm\u0113ros. Audums ir \u013coti m\u012bksts un pat\u012bkams uz tausti. Apvalks ir no\u0146emams un mazg\u0101jams ve\u013cas ma\u0161\u012bn\u0101.","robots":{"index":"index","follow":"follow","max-snippet":"max-snippet:-1","max-image-preview":"max-image-preview:large","max-video-preview":"max-video-preview:-1"},"canonical":"https:\/\/diistuff.com\/en\/veikals\/soft-grey-miksta-auduma-gulta\/","og_locale":"en_GB","og_type":"article","og_title":"SOFT m\u012bkst\u0101 auduma su\u0146u gulta no DII","og_description":"SOFT modelis tiek pied\u0101v\u0101ts 3 izm\u0113ros. Audums ir \u013coti m\u012bksts un pat\u012bkams uz tausti. Apvalks ir no\u0146emams un mazg\u0101jams ve\u013cas ma\u0161\u012bn\u0101.","og_url":"https:\/\/diistuff.com\/en\/veikals\/soft-grey-miksta-auduma-gulta\/","og_site_name":"DII-STUFF","article_publisher":"https:\/\/www.facebook.com\/diidogbuddy","article_modified_time":"2026-04-12T19:16:45+00:00","og_image":[{"width":1704,"height":2560,"url":"https:\/\/diistuff.com\/wp-content\/uploads\/2021\/05\/245E4900-B3C4-45B6-9165-C50A6A5D439A-scaled.jpeg","type":"image\/jpeg"}],"twitter_card":"summary_large_image","twitter_misc":{"Estimated reading time":"2 minutes"},"schema":{"@context":"https:\/\/schema.org","@graph":[{"@type":"WebPage","@id":"https:\/\/diistuff.com\/veikals\/soft-grey-miksta-auduma-gulta\/","url":"https:\/\/diistuff.com\/veikals\/soft-grey-miksta-auduma-gulta\/","name":"SOFT m\u012bkst\u0101 auduma su\u0146u gulta no DII","isPartOf":{"@id":"https:\/\/diistuff.com\/#website"},"primaryImageOfPage":{"@id":"https:\/\/diistuff.com\/veikals\/soft-grey-miksta-auduma-gulta\/#primaryimage"},"image":{"@id":"https:\/\/diistuff.com\/veikals\/soft-grey-miksta-auduma-gulta\/#primaryimage"},"thumbnailUrl":"https:\/\/diistuff.com\/wp-content\/uploads\/2021\/05\/245E4900-B3C4-45B6-9165-C50A6A5D439A-scaled.jpeg","datePublished":"2021-05-31T09:39:46+00:00","dateModified":"2026-04-12T19:16:45+00:00","description":"SOFT modelis tiek pied\u0101v\u0101ts 3 izm\u0113ros. Audums ir \u013coti m\u012bksts un pat\u012bkams uz tausti. Apvalks ir no\u0146emams un mazg\u0101jams ve\u013cas ma\u0161\u012bn\u0101.","breadcrumb":{"@id":"https:\/\/diistuff.com\/veikals\/soft-grey-miksta-auduma-gulta\/#breadcrumb"},"inLanguage":"en-GB","potentialAction":[{"@type":"ReadAction","target":["https:\/\/diistuff.com\/veikals\/soft-grey-miksta-auduma-gulta\/"]}]},{"@type":"ImageObject","inLanguage":"en-GB","@id":"https:\/\/diistuff.com\/veikals\/soft-grey-miksta-auduma-gulta\/#primaryimage","url":"https:\/\/diistuff.com\/wp-content\/uploads\/2021\/05\/245E4900-B3C4-45B6-9165-C50A6A5D439A-scaled.jpeg","contentUrl":"https:\/\/diistuff.com\/wp-content\/uploads\/2021\/05\/245E4900-B3C4-45B6-9165-C50A6A5D439A-scaled.jpeg","width":1704,"height":2560},{"@type":"BreadcrumbList","@id":"https:\/\/diistuff.com\/veikals\/soft-grey-miksta-auduma-gulta\/#breadcrumb","itemListElement":[{"@type":"ListItem","position":1,"name":"Home","item":"https:\/\/diistuff.com\/"},{"@type":"ListItem","position":2,"name":"Shop","item":"https:\/\/diistuff.com\/shop\/"},{"@type":"ListItem","position":3,"name":"SOFT m\u012bkst\u0101 auduma gulta"}]},{"@type":"WebSite","@id":"https:\/\/diistuff.com\/#website","url":"https:\/\/diistuff.com\/","name":"DII-STUFF","description":"","publisher":{"@id":"https:\/\/diistuff.com\/#organization"},"potentialAction":[{"@type":"SearchAction","target":{"@type":"EntryPoint","urlTemplate":"https:\/\/diistuff.com\/?s={search_term_string}"},"query-input":{"@type":"PropertyValueSpecification","valueRequired":true,"valueName":"search_term_string"}}],"inLanguage":"en-GB"},{"@type":"Organization","@id":"https:\/\/diistuff.com\/#organization","name":"SIA DII","url":"https:\/\/diistuff.com\/","logo":{"@type":"ImageObject","inLanguage":"en-GB","@id":"https:\/\/diistuff.com\/#\/schema\/logo\/image\/","url":"https:\/\/diistuff.com\/wp-content\/uploads\/2021\/06\/cropped-Untitled-1-1.png","contentUrl":"https:\/\/diistuff.com\/wp-content\/uploads\/2021\/06\/cropped-Untitled-1-1.png","width":232,"height":175,"caption":"SIA DII"},"image":{"@id":"https:\/\/diistuff.com\/#\/schema\/logo\/image\/"},"sameAs":["https:\/\/www.facebook.com\/diidogbuddy","https:\/\/www.instagram.com\/dii_stuff\/","https:\/\/www.pinterest.com\/diistuff\/"]}]}},"_links":{"self":[{"href":"https:\/\/diistuff.com\/en\/wp-json\/wp\/v2\/product\/719","targetHints":{"allow":["GET"]}}],"collection":[{"href":"https:\/\/diistuff.com\/en\/wp-json\/wp\/v2\/product"}],"about":[{"href":"https:\/\/diistuff.com\/en\/wp-json\/wp\/v2\/types\/product"}],"replies":[{"embeddable":true,"href":"https:\/\/diistuff.com\/en\/wp-json\/wp\/v2\/comments?post=719"}],"wp:featuredmedia":[{"embeddable":true,"href":"https:\/\/diistuff.com\/en\/wp-json\/wp\/v2\/media\/6840"}],"wp:attachment":[{"href":"https:\/\/diistuff.com\/en\/wp-json\/wp\/v2\/media?parent=719"}],"wp:term":[{"taxonomy":"product_brand","embeddable":true,"href":"https:\/\/diistuff.com\/en\/wp-json\/wp\/v2\/product_brand?post=719"},{"taxonomy":"product_cat","embeddable":true,"href":"https:\/\/diistuff.com\/en\/wp-json\/wp\/v2\/product_cat?post=719"},{"taxonomy":"product_tag","embeddable":true,"href":"https:\/\/diistuff.com\/en\/wp-json\/wp\/v2\/product_tag?post=719"}],"curies":[{"name":"wp","href":"https:\/\/api.w.org\/{rel}","templated":true}]}}