{"id":656,"date":"2021-05-31T07:31:23","date_gmt":"2021-05-31T07:31:23","guid":{"rendered":"https:\/\/diistuff.com\/?post_type=product&#038;p=656"},"modified":"2025-08-29T20:20:48","modified_gmt":"2025-08-29T20:20:48","slug":"mini-ekoadas-divangulta-ar-alakantras-auduma-miksto-spilvenu","status":"publish","type":"product","link":"https:\/\/diistuff.com\/en\/veikals\/mini-ekoadas-divangulta-ar-alakantras-auduma-miksto-spilvenu\/","title":{"rendered":"Mini eko\u0101das d\u012bv\u0101ngulta ar auduma m\u012bksto spilvenu (maziem un vid\u0113jiem su\u0146iem)"},"content":{"rendered":"<p>Eko\u0101das d\u012bvani\u0146\u0161 ar m\u012bkst\u0101 auduma spilventi\u0146u. Gulti\u0146a iecien\u012bta vid\u0113jiem un maza izm\u0113ra su\u0146iem.<\/p>\n<p>The pillow is removable and the pillowcase is zipped. The pillowcase can be machine washed at 30 degrees and put in the dryer.<\/p>\n<p>Bed size 80 x 80.<\/p>\n<p><strong>How do I choose a bed size for my pet?<\/strong><\/p>\n<p>Keep in mind that a bed can only be too big for your home and not for your pet - we know this ourselves,<br \/>\nas few of us have ever slept in a bed that was \"too big\".<br \/>\nTherefore, you should start by choosing the space you want in your home and measuring it. Then fold the blanket\/bed sheet into the size of the bed you have found and invite your pet to climb on it and you will immediately get an idea whether the size fits or not.<\/p>\n<p>VERY IMPORTANT when choosing ANY ECO-LEATHER or SOFT FABRIC SOFA BED : Remove at least 10-15cm from each side to understand the actual sleeping area, this does not apply to any other bed model.<\/p>\n<p>Examples:<br \/>\n* For a Labrador \/ Rottweiler \/ German shepherd \/ breed \/ size dog you should choose a 120x90cm bed, not 100x70cm bed, because the dimensions are external, not internal.<br \/>\n* French Bulldog\/Beagle\/Corgi breeds\/size dogs will do well in the 100\u00d770 or 80\u00d780 size\nsofa beds.<\/p>","protected":false},"excerpt":{"rendered":"<p>Eko\u0101das d\u012bvani\u0146\u0161 ar m\u012bkst\u0101 auduma spilventi\u0146u.<\/p>\n<p>This bed is popular for medium and small dogs.<\/p>\n<p>Bed size 80x80cm.<\/p>\n<p><strong>Before ordering, take measurements to choose the right bed size.<\/strong><\/p>","protected":false},"featured_media":670,"comment_status":"open","ping_status":"closed","template":"","meta":{"om_disable_all_campaigns":false,"_monsterinsights_skip_tracking":false,"_monsterinsights_sitenote_active":false,"_monsterinsights_sitenote_note":"","_monsterinsights_sitenote_category":0,"_uf_show_specific_survey":0,"_uf_disable_surveys":false,"site-sidebar-layout":"default","site-content-layout":"default","ast-site-content-layout":"default","site-content-style":"default","site-sidebar-style":"default","ast-global-header-display":"","ast-banner-title-visibility":"","ast-main-header-display":"","ast-hfb-above-header-display":"","ast-hfb-below-header-display":"","ast-hfb-mobile-header-display":"","site-post-title":"","ast-breadcrumbs-content":"","ast-featured-img":"","footer-sml-layout":"","ast-disable-related-posts":"","theme-transparent-header-meta":"default","adv-header-id-meta":"","stick-header-meta":"","header-above-stick-meta":"","header-main-stick-meta":"","header-below-stick-meta":"","astra-migrate-meta-layouts":"set","ast-page-background-enabled":"default","ast-page-background-meta":{"desktop":{"background-color":"","background-image":"","background-repeat":"repeat","background-position":"center center","background-size":"auto","background-attachment":"scroll","background-type":"","background-media":"","overlay-type":"","overlay-color":"","overlay-opacity":"","overlay-gradient":""},"tablet":{"background-color":"","background-image":"","background-repeat":"repeat","background-position":"center center","background-size":"auto","background-attachment":"scroll","background-type":"","background-media":"","overlay-type":"","overlay-color":"","overlay-opacity":"","overlay-gradient":""},"mobile":{"background-color":"","background-image":"","background-repeat":"repeat","background-position":"center center","background-size":"auto","background-attachment":"scroll","background-type":"","background-media":"","overlay-type":"","overlay-color":"","overlay-opacity":"","overlay-gradient":""}},"ast-content-background-meta":{"desktop":{"background-color":"var(--ast-global-color-5)","background-image":"","background-repeat":"repeat","background-position":"center center","background-size":"auto","background-attachment":"scroll","background-type":"","background-media":"","overlay-type":"","overlay-color":"","overlay-opacity":"","overlay-gradient":""},"tablet":{"background-color":"var(--ast-global-color-5)","background-image":"","background-repeat":"repeat","background-position":"center center","background-size":"auto","background-attachment":"scroll","background-type":"","background-media":"","overlay-type":"","overlay-color":"","overlay-opacity":"","overlay-gradient":""},"mobile":{"background-color":"var(--ast-global-color-5)","background-image":"","background-repeat":"repeat","background-position":"center center","background-size":"auto","background-attachment":"scroll","background-type":"","background-media":"","overlay-type":"","overlay-color":"","overlay-opacity":"","overlay-gradient":""}}},"product_brand":[],"product_cat":[28,24],"product_tag":[],"class_list":{"0":"post-656","1":"product","2":"type-product","3":"status-publish","4":"has-post-thumbnail","6":"product_cat-gultas","7":"product_cat-mini-divanini","8":"desktop-align-left","9":"tablet-align-left","10":"mobile-align-left","12":"first","13":"onbackorder","14":"shipping-taxable","15":"purchasable","16":"product-type-variable"},"yoast_head":"<!-- This site is optimized with the Yoast SEO plugin v27.1.1 - https:\/\/yoast.com\/product\/yoast-seo-wordpress\/ -->\n<title>Su\u0146u gulta ar auduma spilvenu. DII Lab\u0101k\u0101s gultas J\u016bsu m\u012blu\u013ciem<\/title>\n<meta name=\"description\" content=\"Eko\u0101das d\u012bvani\u0146\u0161 ar m\u012bksto auduma spilventi\u0146u. Gulti\u0146a iecien\u012bta vid\u0113jiem un maza izm\u0113ra su\u0146iem. Spilvendr\u0101na mazg\u0101jama ve\u013cas ma\u0161\u012bn\u0101.\" \/>\n<meta name=\"robots\" content=\"index, follow, max-snippet:-1, max-image-preview:large, max-video-preview:-1\" \/>\n<link rel=\"canonical\" href=\"https:\/\/diistuff.com\/en\/veikals\/mini-ekoadas-divangulta-ar-alakantras-auduma-miksto-spilvenu\/\" \/>\n<meta property=\"og:locale\" content=\"en_GB\" \/>\n<meta property=\"og:type\" content=\"article\" \/>\n<meta property=\"og:title\" content=\"Su\u0146u gulta ar auduma spilvenu. DII Lab\u0101k\u0101s gultas J\u016bsu m\u012blu\u013ciem\" \/>\n<meta property=\"og:description\" content=\"Eko\u0101das d\u012bvani\u0146\u0161 ar m\u012bksto auduma spilventi\u0146u. Gulti\u0146a iecien\u012bta vid\u0113jiem un maza izm\u0113ra su\u0146iem. Spilvendr\u0101na mazg\u0101jama ve\u013cas ma\u0161\u012bn\u0101.\" \/>\n<meta property=\"og:url\" content=\"https:\/\/diistuff.com\/en\/veikals\/mini-ekoadas-divangulta-ar-alakantras-auduma-miksto-spilvenu\/\" \/>\n<meta property=\"og:site_name\" content=\"DII-STUFF\" \/>\n<meta property=\"article:publisher\" content=\"https:\/\/www.facebook.com\/diidogbuddy\" \/>\n<meta property=\"article:modified_time\" content=\"2025-08-29T20:20:48+00:00\" \/>\n<meta property=\"og:image\" content=\"https:\/\/diistuff.com\/wp-content\/uploads\/2021\/05\/WhatsApp-Image-2021-01-20-at-19.09.45.jpeg\" \/>\n\t<meta property=\"og:image:width\" content=\"1066\" \/>\n\t<meta property=\"og:image:height\" content=\"1600\" \/>\n\t<meta property=\"og:image:type\" content=\"image\/jpeg\" \/>\n<meta name=\"twitter:card\" content=\"summary_large_image\" \/>\n<meta name=\"twitter:label1\" content=\"Estimated reading time\" \/>\n\t<meta name=\"twitter:data1\" content=\"2 minutes\" \/>\n<script type=\"application\/ld+json\" class=\"yoast-schema-graph\">{\"@context\":\"https:\/\/schema.org\",\"@graph\":[{\"@type\":\"WebPage\",\"@id\":\"https:\/\/diistuff.com\/veikals\/mini-ekoadas-divangulta-ar-alakantras-auduma-miksto-spilvenu\/\",\"url\":\"https:\/\/diistuff.com\/veikals\/mini-ekoadas-divangulta-ar-alakantras-auduma-miksto-spilvenu\/\",\"name\":\"Su\u0146u gulta ar auduma spilvenu. DII Lab\u0101k\u0101s gultas J\u016bsu m\u012blu\u013ciem\",\"isPartOf\":{\"@id\":\"https:\/\/diistuff.com\/#website\"},\"primaryImageOfPage\":{\"@id\":\"https:\/\/diistuff.com\/veikals\/mini-ekoadas-divangulta-ar-alakantras-auduma-miksto-spilvenu\/#primaryimage\"},\"image\":{\"@id\":\"https:\/\/diistuff.com\/veikals\/mini-ekoadas-divangulta-ar-alakantras-auduma-miksto-spilvenu\/#primaryimage\"},\"thumbnailUrl\":\"https:\/\/diistuff.com\/wp-content\/uploads\/2021\/05\/WhatsApp-Image-2021-01-20-at-19.09.45.jpeg\",\"datePublished\":\"2021-05-31T07:31:23+00:00\",\"dateModified\":\"2025-08-29T20:20:48+00:00\",\"description\":\"Eko\u0101das d\u012bvani\u0146\u0161 ar m\u012bksto auduma spilventi\u0146u. Gulti\u0146a iecien\u012bta vid\u0113jiem un maza izm\u0113ra su\u0146iem. Spilvendr\u0101na mazg\u0101jama ve\u013cas ma\u0161\u012bn\u0101.\",\"breadcrumb\":{\"@id\":\"https:\/\/diistuff.com\/veikals\/mini-ekoadas-divangulta-ar-alakantras-auduma-miksto-spilvenu\/#breadcrumb\"},\"inLanguage\":\"en-GB\",\"potentialAction\":[{\"@type\":\"ReadAction\",\"target\":[\"https:\/\/diistuff.com\/veikals\/mini-ekoadas-divangulta-ar-alakantras-auduma-miksto-spilvenu\/\"]}]},{\"@type\":\"ImageObject\",\"inLanguage\":\"en-GB\",\"@id\":\"https:\/\/diistuff.com\/veikals\/mini-ekoadas-divangulta-ar-alakantras-auduma-miksto-spilvenu\/#primaryimage\",\"url\":\"https:\/\/diistuff.com\/wp-content\/uploads\/2021\/05\/WhatsApp-Image-2021-01-20-at-19.09.45.jpeg\",\"contentUrl\":\"https:\/\/diistuff.com\/wp-content\/uploads\/2021\/05\/WhatsApp-Image-2021-01-20-at-19.09.45.jpeg\",\"width\":1066,\"height\":1600},{\"@type\":\"BreadcrumbList\",\"@id\":\"https:\/\/diistuff.com\/veikals\/mini-ekoadas-divangulta-ar-alakantras-auduma-miksto-spilvenu\/#breadcrumb\",\"itemListElement\":[{\"@type\":\"ListItem\",\"position\":1,\"name\":\"Home\",\"item\":\"https:\/\/diistuff.com\/\"},{\"@type\":\"ListItem\",\"position\":2,\"name\":\"Shop\",\"item\":\"https:\/\/diistuff.com\/shop\/\"},{\"@type\":\"ListItem\",\"position\":3,\"name\":\"Mini eko\u0101das d\u012bv\u0101ngulta ar auduma m\u012bksto spilvenu (maziem un vid\u0113jiem su\u0146iem)\"}]},{\"@type\":\"WebSite\",\"@id\":\"https:\/\/diistuff.com\/#website\",\"url\":\"https:\/\/diistuff.com\/\",\"name\":\"DII-STUFF\",\"description\":\"\",\"publisher\":{\"@id\":\"https:\/\/diistuff.com\/#organization\"},\"potentialAction\":[{\"@type\":\"SearchAction\",\"target\":{\"@type\":\"EntryPoint\",\"urlTemplate\":\"https:\/\/diistuff.com\/?s={search_term_string}\"},\"query-input\":{\"@type\":\"PropertyValueSpecification\",\"valueRequired\":true,\"valueName\":\"search_term_string\"}}],\"inLanguage\":\"en-GB\"},{\"@type\":\"Organization\",\"@id\":\"https:\/\/diistuff.com\/#organization\",\"name\":\"SIA DII\",\"url\":\"https:\/\/diistuff.com\/\",\"logo\":{\"@type\":\"ImageObject\",\"inLanguage\":\"en-GB\",\"@id\":\"https:\/\/diistuff.com\/#\/schema\/logo\/image\/\",\"url\":\"https:\/\/diistuff.com\/wp-content\/uploads\/2021\/06\/cropped-Untitled-1-1.png\",\"contentUrl\":\"https:\/\/diistuff.com\/wp-content\/uploads\/2021\/06\/cropped-Untitled-1-1.png\",\"width\":232,\"height\":175,\"caption\":\"SIA DII\"},\"image\":{\"@id\":\"https:\/\/diistuff.com\/#\/schema\/logo\/image\/\"},\"sameAs\":[\"https:\/\/www.facebook.com\/diidogbuddy\",\"https:\/\/www.instagram.com\/dii_stuff\/\",\"https:\/\/www.pinterest.com\/diistuff\/\"]}]}<\/script>\n<!-- \/ Yoast SEO plugin. -->","yoast_head_json":{"title":"Su\u0146u gulta ar auduma spilvenu. DII Lab\u0101k\u0101s gultas J\u016bsu m\u012blu\u013ciem","description":"Eko\u0101das d\u012bvani\u0146\u0161 ar m\u012bksto auduma spilventi\u0146u. Gulti\u0146a iecien\u012bta vid\u0113jiem un maza izm\u0113ra su\u0146iem. Spilvendr\u0101na mazg\u0101jama ve\u013cas ma\u0161\u012bn\u0101.","robots":{"index":"index","follow":"follow","max-snippet":"max-snippet:-1","max-image-preview":"max-image-preview:large","max-video-preview":"max-video-preview:-1"},"canonical":"https:\/\/diistuff.com\/en\/veikals\/mini-ekoadas-divangulta-ar-alakantras-auduma-miksto-spilvenu\/","og_locale":"en_GB","og_type":"article","og_title":"Su\u0146u gulta ar auduma spilvenu. DII Lab\u0101k\u0101s gultas J\u016bsu m\u012blu\u013ciem","og_description":"Eko\u0101das d\u012bvani\u0146\u0161 ar m\u012bksto auduma spilventi\u0146u. Gulti\u0146a iecien\u012bta vid\u0113jiem un maza izm\u0113ra su\u0146iem. Spilvendr\u0101na mazg\u0101jama ve\u013cas ma\u0161\u012bn\u0101.","og_url":"https:\/\/diistuff.com\/en\/veikals\/mini-ekoadas-divangulta-ar-alakantras-auduma-miksto-spilvenu\/","og_site_name":"DII-STUFF","article_publisher":"https:\/\/www.facebook.com\/diidogbuddy","article_modified_time":"2025-08-29T20:20:48+00:00","og_image":[{"width":1066,"height":1600,"url":"https:\/\/diistuff.com\/wp-content\/uploads\/2021\/05\/WhatsApp-Image-2021-01-20-at-19.09.45.jpeg","type":"image\/jpeg"}],"twitter_card":"summary_large_image","twitter_misc":{"Estimated reading time":"2 minutes"},"schema":{"@context":"https:\/\/schema.org","@graph":[{"@type":"WebPage","@id":"https:\/\/diistuff.com\/veikals\/mini-ekoadas-divangulta-ar-alakantras-auduma-miksto-spilvenu\/","url":"https:\/\/diistuff.com\/veikals\/mini-ekoadas-divangulta-ar-alakantras-auduma-miksto-spilvenu\/","name":"Su\u0146u gulta ar auduma spilvenu. DII Lab\u0101k\u0101s gultas J\u016bsu m\u012blu\u013ciem","isPartOf":{"@id":"https:\/\/diistuff.com\/#website"},"primaryImageOfPage":{"@id":"https:\/\/diistuff.com\/veikals\/mini-ekoadas-divangulta-ar-alakantras-auduma-miksto-spilvenu\/#primaryimage"},"image":{"@id":"https:\/\/diistuff.com\/veikals\/mini-ekoadas-divangulta-ar-alakantras-auduma-miksto-spilvenu\/#primaryimage"},"thumbnailUrl":"https:\/\/diistuff.com\/wp-content\/uploads\/2021\/05\/WhatsApp-Image-2021-01-20-at-19.09.45.jpeg","datePublished":"2021-05-31T07:31:23+00:00","dateModified":"2025-08-29T20:20:48+00:00","description":"Eko\u0101das d\u012bvani\u0146\u0161 ar m\u012bksto auduma spilventi\u0146u. Gulti\u0146a iecien\u012bta vid\u0113jiem un maza izm\u0113ra su\u0146iem. Spilvendr\u0101na mazg\u0101jama ve\u013cas ma\u0161\u012bn\u0101.","breadcrumb":{"@id":"https:\/\/diistuff.com\/veikals\/mini-ekoadas-divangulta-ar-alakantras-auduma-miksto-spilvenu\/#breadcrumb"},"inLanguage":"en-GB","potentialAction":[{"@type":"ReadAction","target":["https:\/\/diistuff.com\/veikals\/mini-ekoadas-divangulta-ar-alakantras-auduma-miksto-spilvenu\/"]}]},{"@type":"ImageObject","inLanguage":"en-GB","@id":"https:\/\/diistuff.com\/veikals\/mini-ekoadas-divangulta-ar-alakantras-auduma-miksto-spilvenu\/#primaryimage","url":"https:\/\/diistuff.com\/wp-content\/uploads\/2021\/05\/WhatsApp-Image-2021-01-20-at-19.09.45.jpeg","contentUrl":"https:\/\/diistuff.com\/wp-content\/uploads\/2021\/05\/WhatsApp-Image-2021-01-20-at-19.09.45.jpeg","width":1066,"height":1600},{"@type":"BreadcrumbList","@id":"https:\/\/diistuff.com\/veikals\/mini-ekoadas-divangulta-ar-alakantras-auduma-miksto-spilvenu\/#breadcrumb","itemListElement":[{"@type":"ListItem","position":1,"name":"Home","item":"https:\/\/diistuff.com\/"},{"@type":"ListItem","position":2,"name":"Shop","item":"https:\/\/diistuff.com\/shop\/"},{"@type":"ListItem","position":3,"name":"Mini eko\u0101das d\u012bv\u0101ngulta ar auduma m\u012bksto spilvenu (maziem un vid\u0113jiem su\u0146iem)"}]},{"@type":"WebSite","@id":"https:\/\/diistuff.com\/#website","url":"https:\/\/diistuff.com\/","name":"DII-STUFF","description":"","publisher":{"@id":"https:\/\/diistuff.com\/#organization"},"potentialAction":[{"@type":"SearchAction","target":{"@type":"EntryPoint","urlTemplate":"https:\/\/diistuff.com\/?s={search_term_string}"},"query-input":{"@type":"PropertyValueSpecification","valueRequired":true,"valueName":"search_term_string"}}],"inLanguage":"en-GB"},{"@type":"Organization","@id":"https:\/\/diistuff.com\/#organization","name":"SIA DII","url":"https:\/\/diistuff.com\/","logo":{"@type":"ImageObject","inLanguage":"en-GB","@id":"https:\/\/diistuff.com\/#\/schema\/logo\/image\/","url":"https:\/\/diistuff.com\/wp-content\/uploads\/2021\/06\/cropped-Untitled-1-1.png","contentUrl":"https:\/\/diistuff.com\/wp-content\/uploads\/2021\/06\/cropped-Untitled-1-1.png","width":232,"height":175,"caption":"SIA DII"},"image":{"@id":"https:\/\/diistuff.com\/#\/schema\/logo\/image\/"},"sameAs":["https:\/\/www.facebook.com\/diidogbuddy","https:\/\/www.instagram.com\/dii_stuff\/","https:\/\/www.pinterest.com\/diistuff\/"]}]}},"_links":{"self":[{"href":"https:\/\/diistuff.com\/en\/wp-json\/wp\/v2\/product\/656","targetHints":{"allow":["GET"]}}],"collection":[{"href":"https:\/\/diistuff.com\/en\/wp-json\/wp\/v2\/product"}],"about":[{"href":"https:\/\/diistuff.com\/en\/wp-json\/wp\/v2\/types\/product"}],"replies":[{"embeddable":true,"href":"https:\/\/diistuff.com\/en\/wp-json\/wp\/v2\/comments?post=656"}],"wp:featuredmedia":[{"embeddable":true,"href":"https:\/\/diistuff.com\/en\/wp-json\/wp\/v2\/media\/670"}],"wp:attachment":[{"href":"https:\/\/diistuff.com\/en\/wp-json\/wp\/v2\/media?parent=656"}],"wp:term":[{"taxonomy":"product_brand","embeddable":true,"href":"https:\/\/diistuff.com\/en\/wp-json\/wp\/v2\/product_brand?post=656"},{"taxonomy":"product_cat","embeddable":true,"href":"https:\/\/diistuff.com\/en\/wp-json\/wp\/v2\/product_cat?post=656"},{"taxonomy":"product_tag","embeddable":true,"href":"https:\/\/diistuff.com\/en\/wp-json\/wp\/v2\/product_tag?post=656"}],"curies":[{"name":"wp","href":"https:\/\/api.w.org\/{rel}","templated":true}]}}