{"id":6387,"date":"2023-11-23T16:33:22","date_gmt":"2023-11-23T16:33:22","guid":{"rendered":"https:\/\/diistuff.com\/?post_type=product&#038;p=6387"},"modified":"2025-06-11T07:58:35","modified_gmt":"2025-06-11T07:58:35","slug":"papildbariba","status":"publish","type":"product","link":"https:\/\/diistuff.com\/en\/veikals\/papildbariba\/","title":{"rendered":"Supplementary food for dogs"},"content":{"rendered":"<p>Black Balance for dogs is formulated using fermented pine bark and birch chaga extract, rich in polyphenols, fulvic acid and humic acid (lignosulfonate). In the natural environment, animals are provided with humus and fulvic acids in water and food, however, pets only have access to food that is almost completely devoid of this acid compound.<\/p>\n<p>Our product consists of lignophenol obtained from pine bark or birch wood and supplemented with Chaga mushroom to improve the fulvic acid content of the product. We get the purest lignophenol from wood, because it accumulates lignin, which contains all the substances necessary for the tree to maintain its cells, protecting itself from free radicals, such as the sun's gamma rays, etc.<\/p>\n<p>The 3 most important product features:<br \/>\n1. Improves the functioning of the stomach and intestinal microbiome;<br \/>\n2. Improves absorption of nutrients from the gastrointestinal tract;<br \/>\n3. Removes heavy metals and free radicals from the body.<\/p>\n<p>Today, there is growing awareness and expanded research on the importance of the gut microbiome in all diseases, even to the father of modern medicine, Hippocrates, who suggested 2,000 years ago that all disease begins in the gut.<\/p>\n<p>Just like humans, animals are increasingly experiencing intestinal and stomach problems. Both prebiotics and probiotics play a role in gut function, and Black Balance is a very powerful prebiotic that promotes the vitality of beneficial microbes.<\/p>","protected":false},"excerpt":{"rendered":"<p>Black Balance nutritional supplements are designed to balance the gut microbiome as close to its natural state as possible, prevent intestinal problems and aid nutrient absorption.<\/p>\n<p>Black Balance for dogs is also recommended by veterinarians, Welsh Springer Spaniel breeder and veterinarian Ilze P\u0113tersone from the TOTO veterinary clinic and many others. Dietary supplements have been tested in several studies with excellent results.<\/p>","protected":false},"featured_media":6452,"comment_status":"open","ping_status":"closed","template":"","meta":{"om_disable_all_campaigns":false,"_monsterinsights_skip_tracking":false,"_monsterinsights_sitenote_active":false,"_monsterinsights_sitenote_note":"","_monsterinsights_sitenote_category":0,"_uf_show_specific_survey":0,"_uf_disable_surveys":false,"site-sidebar-layout":"default","site-content-layout":"default","ast-site-content-layout":"default","site-content-style":"default","site-sidebar-style":"default","ast-global-header-display":"","ast-banner-title-visibility":"","ast-main-header-display":"","ast-hfb-above-header-display":"","ast-hfb-below-header-display":"","ast-hfb-mobile-header-display":"","site-post-title":"","ast-breadcrumbs-content":"","ast-featured-img":"","footer-sml-layout":"","ast-disable-related-posts":"","theme-transparent-header-meta":"default","adv-header-id-meta":"","stick-header-meta":"","header-above-stick-meta":"","header-main-stick-meta":"","header-below-stick-meta":"","astra-migrate-meta-layouts":"set","ast-page-background-enabled":"default","ast-page-background-meta":{"desktop":{"background-color":"","background-image":"","background-repeat":"repeat","background-position":"center center","background-size":"auto","background-attachment":"scroll","background-type":"","background-media":"","overlay-type":"","overlay-color":"","overlay-opacity":"","overlay-gradient":""},"tablet":{"background-color":"","background-image":"","background-repeat":"repeat","background-position":"center center","background-size":"auto","background-attachment":"scroll","background-type":"","background-media":"","overlay-type":"","overlay-color":"","overlay-opacity":"","overlay-gradient":""},"mobile":{"background-color":"","background-image":"","background-repeat":"repeat","background-position":"center center","background-size":"auto","background-attachment":"scroll","background-type":"","background-media":"","overlay-type":"","overlay-color":"","overlay-opacity":"","overlay-gradient":""}},"ast-content-background-meta":{"desktop":{"background-color":"var(--ast-global-color-5)","background-image":"","background-repeat":"repeat","background-position":"center center","background-size":"auto","background-attachment":"scroll","background-type":"","background-media":"","overlay-type":"","overlay-color":"","overlay-opacity":"","overlay-gradient":""},"tablet":{"background-color":"var(--ast-global-color-5)","background-image":"","background-repeat":"repeat","background-position":"center center","background-size":"auto","background-attachment":"scroll","background-type":"","background-media":"","overlay-type":"","overlay-color":"","overlay-opacity":"","overlay-gradient":""},"mobile":{"background-color":"var(--ast-global-color-5)","background-image":"","background-repeat":"repeat","background-position":"center center","background-size":"auto","background-attachment":"scroll","background-type":"","background-media":"","overlay-type":"","overlay-color":"","overlay-opacity":"","overlay-gradient":""}}},"product_brand":[],"product_cat":[94],"product_tag":[],"class_list":{"0":"post-6387","1":"product","2":"type-product","3":"status-publish","4":"has-post-thumbnail","6":"product_cat-papildbariba","7":"desktop-align-left","8":"tablet-align-left","9":"mobile-align-left","11":"first","12":"outofstock","13":"sale","14":"shipping-taxable","15":"purchasable","16":"product-type-variable"},"yoast_head":"<!-- This site is optimized with the Yoast SEO plugin v27.1.1 - https:\/\/yoast.com\/product\/yoast-seo-wordpress\/ -->\n<title>Papildbar\u012bba su\u0146iem - DII-STUFF<\/title>\n<meta name=\"description\" content=\"Black Balance uztura bag\u0101tin\u0101t\u0101ji ir izstr\u0101d\u0101ti dz\u012bvnieku zarnu labkl\u0101j\u012bbai, lai l\u012bdzsvarotu zarnu mikrobiomu p\u0113c iesp\u0113jas tuv\u0101k to dabiskajam st\u0101voklim.\" \/>\n<meta name=\"robots\" content=\"index, follow, max-snippet:-1, max-image-preview:large, max-video-preview:-1\" \/>\n<link rel=\"canonical\" href=\"https:\/\/diistuff.com\/en\/veikals\/papildbariba\/\" \/>\n<meta property=\"og:locale\" content=\"en_GB\" \/>\n<meta property=\"og:type\" content=\"article\" \/>\n<meta property=\"og:title\" content=\"Papildbar\u012bba su\u0146iem - DII-STUFF\" \/>\n<meta property=\"og:description\" content=\"Black Balance uztura bag\u0101tin\u0101t\u0101ji ir izstr\u0101d\u0101ti dz\u012bvnieku zarnu labkl\u0101j\u012bbai, lai l\u012bdzsvarotu zarnu mikrobiomu p\u0113c iesp\u0113jas tuv\u0101k to dabiskajam st\u0101voklim.\" \/>\n<meta property=\"og:url\" content=\"https:\/\/diistuff.com\/en\/veikals\/papildbariba\/\" \/>\n<meta property=\"og:site_name\" content=\"DII-STUFF\" \/>\n<meta property=\"article:publisher\" content=\"https:\/\/www.facebook.com\/diidogbuddy\" \/>\n<meta property=\"article:modified_time\" content=\"2025-06-11T07:58:35+00:00\" \/>\n<meta property=\"og:image\" content=\"https:\/\/diistuff.com\/wp-content\/uploads\/2023\/11\/Black_Balance_for_dogs_3_pack.webp\" \/>\n\t<meta property=\"og:image:width\" content=\"1256\" \/>\n\t<meta property=\"og:image:height\" content=\"1137\" \/>\n\t<meta property=\"og:image:type\" content=\"image\/webp\" \/>\n<meta name=\"twitter:card\" content=\"summary_large_image\" \/>\n<meta name=\"twitter:label1\" content=\"Estimated reading time\" \/>\n\t<meta name=\"twitter:data1\" content=\"2 minutes\" \/>\n<script type=\"application\/ld+json\" class=\"yoast-schema-graph\">{\"@context\":\"https:\/\/schema.org\",\"@graph\":[{\"@type\":\"WebPage\",\"@id\":\"https:\/\/diistuff.com\/veikals\/papildbariba\/\",\"url\":\"https:\/\/diistuff.com\/veikals\/papildbariba\/\",\"name\":\"Papildbar\u012bba su\u0146iem - DII-STUFF\",\"isPartOf\":{\"@id\":\"https:\/\/diistuff.com\/#website\"},\"primaryImageOfPage\":{\"@id\":\"https:\/\/diistuff.com\/veikals\/papildbariba\/#primaryimage\"},\"image\":{\"@id\":\"https:\/\/diistuff.com\/veikals\/papildbariba\/#primaryimage\"},\"thumbnailUrl\":\"https:\/\/diistuff.com\/wp-content\/uploads\/2023\/11\/Black_Balance_for_dogs_3_pack.webp\",\"datePublished\":\"2023-11-23T16:33:22+00:00\",\"dateModified\":\"2025-06-11T07:58:35+00:00\",\"description\":\"Black Balance uztura bag\u0101tin\u0101t\u0101ji ir izstr\u0101d\u0101ti dz\u012bvnieku zarnu labkl\u0101j\u012bbai, lai l\u012bdzsvarotu zarnu mikrobiomu p\u0113c iesp\u0113jas tuv\u0101k to dabiskajam st\u0101voklim.\",\"breadcrumb\":{\"@id\":\"https:\/\/diistuff.com\/veikals\/papildbariba\/#breadcrumb\"},\"inLanguage\":\"en-GB\",\"potentialAction\":[{\"@type\":\"ReadAction\",\"target\":[\"https:\/\/diistuff.com\/veikals\/papildbariba\/\"]}]},{\"@type\":\"ImageObject\",\"inLanguage\":\"en-GB\",\"@id\":\"https:\/\/diistuff.com\/veikals\/papildbariba\/#primaryimage\",\"url\":\"https:\/\/diistuff.com\/wp-content\/uploads\/2023\/11\/Black_Balance_for_dogs_3_pack.webp\",\"contentUrl\":\"https:\/\/diistuff.com\/wp-content\/uploads\/2023\/11\/Black_Balance_for_dogs_3_pack.webp\",\"width\":1256,\"height\":1137},{\"@type\":\"BreadcrumbList\",\"@id\":\"https:\/\/diistuff.com\/veikals\/papildbariba\/#breadcrumb\",\"itemListElement\":[{\"@type\":\"ListItem\",\"position\":1,\"name\":\"Home\",\"item\":\"https:\/\/diistuff.com\/\"},{\"@type\":\"ListItem\",\"position\":2,\"name\":\"Shop\",\"item\":\"https:\/\/diistuff.com\/shop\/\"},{\"@type\":\"ListItem\",\"position\":3,\"name\":\"Papildbar\u012bba su\u0146iem\"}]},{\"@type\":\"WebSite\",\"@id\":\"https:\/\/diistuff.com\/#website\",\"url\":\"https:\/\/diistuff.com\/\",\"name\":\"DII-STUFF\",\"description\":\"\",\"publisher\":{\"@id\":\"https:\/\/diistuff.com\/#organization\"},\"potentialAction\":[{\"@type\":\"SearchAction\",\"target\":{\"@type\":\"EntryPoint\",\"urlTemplate\":\"https:\/\/diistuff.com\/?s={search_term_string}\"},\"query-input\":{\"@type\":\"PropertyValueSpecification\",\"valueRequired\":true,\"valueName\":\"search_term_string\"}}],\"inLanguage\":\"en-GB\"},{\"@type\":\"Organization\",\"@id\":\"https:\/\/diistuff.com\/#organization\",\"name\":\"SIA DII\",\"url\":\"https:\/\/diistuff.com\/\",\"logo\":{\"@type\":\"ImageObject\",\"inLanguage\":\"en-GB\",\"@id\":\"https:\/\/diistuff.com\/#\/schema\/logo\/image\/\",\"url\":\"https:\/\/diistuff.com\/wp-content\/uploads\/2021\/06\/cropped-Untitled-1-1.png\",\"contentUrl\":\"https:\/\/diistuff.com\/wp-content\/uploads\/2021\/06\/cropped-Untitled-1-1.png\",\"width\":232,\"height\":175,\"caption\":\"SIA DII\"},\"image\":{\"@id\":\"https:\/\/diistuff.com\/#\/schema\/logo\/image\/\"},\"sameAs\":[\"https:\/\/www.facebook.com\/diidogbuddy\",\"https:\/\/www.instagram.com\/dii_stuff\/\",\"https:\/\/www.pinterest.com\/diistuff\/\"]}]}<\/script>\n<!-- \/ Yoast SEO plugin. -->","yoast_head_json":{"title":"Papildbar\u012bba su\u0146iem - DII-STUFF","description":"Black Balance uztura bag\u0101tin\u0101t\u0101ji ir izstr\u0101d\u0101ti dz\u012bvnieku zarnu labkl\u0101j\u012bbai, lai l\u012bdzsvarotu zarnu mikrobiomu p\u0113c iesp\u0113jas tuv\u0101k to dabiskajam st\u0101voklim.","robots":{"index":"index","follow":"follow","max-snippet":"max-snippet:-1","max-image-preview":"max-image-preview:large","max-video-preview":"max-video-preview:-1"},"canonical":"https:\/\/diistuff.com\/en\/veikals\/papildbariba\/","og_locale":"en_GB","og_type":"article","og_title":"Papildbar\u012bba su\u0146iem - DII-STUFF","og_description":"Black Balance uztura bag\u0101tin\u0101t\u0101ji ir izstr\u0101d\u0101ti dz\u012bvnieku zarnu labkl\u0101j\u012bbai, lai l\u012bdzsvarotu zarnu mikrobiomu p\u0113c iesp\u0113jas tuv\u0101k to dabiskajam st\u0101voklim.","og_url":"https:\/\/diistuff.com\/en\/veikals\/papildbariba\/","og_site_name":"DII-STUFF","article_publisher":"https:\/\/www.facebook.com\/diidogbuddy","article_modified_time":"2025-06-11T07:58:35+00:00","og_image":[{"width":1256,"height":1137,"url":"https:\/\/diistuff.com\/wp-content\/uploads\/2023\/11\/Black_Balance_for_dogs_3_pack.webp","type":"image\/webp"}],"twitter_card":"summary_large_image","twitter_misc":{"Estimated reading time":"2 minutes"},"schema":{"@context":"https:\/\/schema.org","@graph":[{"@type":"WebPage","@id":"https:\/\/diistuff.com\/veikals\/papildbariba\/","url":"https:\/\/diistuff.com\/veikals\/papildbariba\/","name":"Papildbar\u012bba su\u0146iem - DII-STUFF","isPartOf":{"@id":"https:\/\/diistuff.com\/#website"},"primaryImageOfPage":{"@id":"https:\/\/diistuff.com\/veikals\/papildbariba\/#primaryimage"},"image":{"@id":"https:\/\/diistuff.com\/veikals\/papildbariba\/#primaryimage"},"thumbnailUrl":"https:\/\/diistuff.com\/wp-content\/uploads\/2023\/11\/Black_Balance_for_dogs_3_pack.webp","datePublished":"2023-11-23T16:33:22+00:00","dateModified":"2025-06-11T07:58:35+00:00","description":"Black Balance uztura bag\u0101tin\u0101t\u0101ji ir izstr\u0101d\u0101ti dz\u012bvnieku zarnu labkl\u0101j\u012bbai, lai l\u012bdzsvarotu zarnu mikrobiomu p\u0113c iesp\u0113jas tuv\u0101k to dabiskajam st\u0101voklim.","breadcrumb":{"@id":"https:\/\/diistuff.com\/veikals\/papildbariba\/#breadcrumb"},"inLanguage":"en-GB","potentialAction":[{"@type":"ReadAction","target":["https:\/\/diistuff.com\/veikals\/papildbariba\/"]}]},{"@type":"ImageObject","inLanguage":"en-GB","@id":"https:\/\/diistuff.com\/veikals\/papildbariba\/#primaryimage","url":"https:\/\/diistuff.com\/wp-content\/uploads\/2023\/11\/Black_Balance_for_dogs_3_pack.webp","contentUrl":"https:\/\/diistuff.com\/wp-content\/uploads\/2023\/11\/Black_Balance_for_dogs_3_pack.webp","width":1256,"height":1137},{"@type":"BreadcrumbList","@id":"https:\/\/diistuff.com\/veikals\/papildbariba\/#breadcrumb","itemListElement":[{"@type":"ListItem","position":1,"name":"Home","item":"https:\/\/diistuff.com\/"},{"@type":"ListItem","position":2,"name":"Shop","item":"https:\/\/diistuff.com\/shop\/"},{"@type":"ListItem","position":3,"name":"Papildbar\u012bba su\u0146iem"}]},{"@type":"WebSite","@id":"https:\/\/diistuff.com\/#website","url":"https:\/\/diistuff.com\/","name":"DII-STUFF","description":"","publisher":{"@id":"https:\/\/diistuff.com\/#organization"},"potentialAction":[{"@type":"SearchAction","target":{"@type":"EntryPoint","urlTemplate":"https:\/\/diistuff.com\/?s={search_term_string}"},"query-input":{"@type":"PropertyValueSpecification","valueRequired":true,"valueName":"search_term_string"}}],"inLanguage":"en-GB"},{"@type":"Organization","@id":"https:\/\/diistuff.com\/#organization","name":"SIA DII","url":"https:\/\/diistuff.com\/","logo":{"@type":"ImageObject","inLanguage":"en-GB","@id":"https:\/\/diistuff.com\/#\/schema\/logo\/image\/","url":"https:\/\/diistuff.com\/wp-content\/uploads\/2021\/06\/cropped-Untitled-1-1.png","contentUrl":"https:\/\/diistuff.com\/wp-content\/uploads\/2021\/06\/cropped-Untitled-1-1.png","width":232,"height":175,"caption":"SIA DII"},"image":{"@id":"https:\/\/diistuff.com\/#\/schema\/logo\/image\/"},"sameAs":["https:\/\/www.facebook.com\/diidogbuddy","https:\/\/www.instagram.com\/dii_stuff\/","https:\/\/www.pinterest.com\/diistuff\/"]}]}},"_links":{"self":[{"href":"https:\/\/diistuff.com\/en\/wp-json\/wp\/v2\/product\/6387","targetHints":{"allow":["GET"]}}],"collection":[{"href":"https:\/\/diistuff.com\/en\/wp-json\/wp\/v2\/product"}],"about":[{"href":"https:\/\/diistuff.com\/en\/wp-json\/wp\/v2\/types\/product"}],"replies":[{"embeddable":true,"href":"https:\/\/diistuff.com\/en\/wp-json\/wp\/v2\/comments?post=6387"}],"wp:featuredmedia":[{"embeddable":true,"href":"https:\/\/diistuff.com\/en\/wp-json\/wp\/v2\/media\/6452"}],"wp:attachment":[{"href":"https:\/\/diistuff.com\/en\/wp-json\/wp\/v2\/media?parent=6387"}],"wp:term":[{"taxonomy":"product_brand","embeddable":true,"href":"https:\/\/diistuff.com\/en\/wp-json\/wp\/v2\/product_brand?post=6387"},{"taxonomy":"product_cat","embeddable":true,"href":"https:\/\/diistuff.com\/en\/wp-json\/wp\/v2\/product_cat?post=6387"},{"taxonomy":"product_tag","embeddable":true,"href":"https:\/\/diistuff.com\/en\/wp-json\/wp\/v2\/product_tag?post=6387"}],"curies":[{"name":"wp","href":"https:\/\/api.w.org\/{rel}","templated":true}]}}