{"id":6230,"date":"2023-10-31T10:49:52","date_gmt":"2023-10-31T10:49:52","guid":{"rendered":"https:\/\/diistuff.com\/?post_type=product&#038;p=6230"},"modified":"2026-04-15T06:18:24","modified_gmt":"2026-04-15T06:18:24","slug":"spilvengulta","status":"publish","type":"product","link":"https:\/\/diistuff.com\/en\/veikals\/spilvengulta\/","title":{"rendered":"Pillowbed"},"content":{"rendered":"<p><span style=\"font-weight: 400;\">Pillow beds are a new model, it is offered in 4 sizes and 4 colors. The bed is designed like a pillow, where you can comfortably enjoy moments of rest. The cover is removable like a pillowcase and can be washed in a washing machine at a temperature of 30 degrees, it can also be put in a tumble dryer. The fabric is soft and pleasant to the touch, very similar to classic plaid.\u00a0<\/span><\/p>\n<p><strong>How do I choose a bed size for my pet?<\/strong><\/p>\n<p>Keep in mind that a bed can only be too big for your home and not for your pet - we know this ourselves,<br \/>\nas few of us have ever slept in a bed that was \"too big\".<br \/>\nTherefore, you should start by choosing the space you want in your home and measuring it. Then fold the blanket\/bed sheet into the size of the bed you have found and invite your pet to climb on it and you will immediately get an idea whether the size fits or not.<\/p>\n<p>VERY IMPORTANT when choosing ANY ECO-LEATHER or SOFT FABRIC SOFA BED : Remove at least 10-15cm from each side to understand the actual sleeping area, this does not apply to any other bed model.<\/p>\n<p>Examples:<br \/>\n* For a Labrador \/ Rottweiler \/ German shepherd \/ breed \/ size dog you should choose a 120x90cm bed, not 100x70cm bed, because the dimensions are external, not internal.<br \/>\n* French Bulldog\/Beagle\/Corgi breeds\/size dogs will do well in the 100\u00d770 or 80\u00d780 size\nsofa beds.<\/p>","protected":false},"excerpt":{"rendered":"<p><span style=\"font-weight: 400;\">Pillow beds are a new model, it is offered in 4 sizes and 4 colors. The bed is designed like a pillow, where you can comfortably enjoy moments of rest. The cover is removable like a pillowcase and can be washed in a washing machine at a temperature of 30 degrees, it can also be put in a tumble dryer. The fabric is soft and pleasant to the touch, very similar to classic plaid.\u00a0<\/span><\/p>\n<p>&nbsp;<\/p>\n<p><strong>Before ordering, take measure<\/strong><strong>ments to choose the right bed size.<\/strong><\/p>","protected":false},"featured_media":6244,"comment_status":"open","ping_status":"closed","template":"","meta":{"om_disable_all_campaigns":false,"_monsterinsights_skip_tracking":false,"_monsterinsights_sitenote_active":false,"_monsterinsights_sitenote_note":"","_monsterinsights_sitenote_category":0,"_uf_show_specific_survey":0,"_uf_disable_surveys":false,"site-sidebar-layout":"default","site-content-layout":"default","ast-site-content-layout":"default","site-content-style":"default","site-sidebar-style":"default","ast-global-header-display":"","ast-banner-title-visibility":"","ast-main-header-display":"","ast-hfb-above-header-display":"","ast-hfb-below-header-display":"","ast-hfb-mobile-header-display":"","site-post-title":"","ast-breadcrumbs-content":"","ast-featured-img":"","footer-sml-layout":"","ast-disable-related-posts":"","theme-transparent-header-meta":"default","adv-header-id-meta":"","stick-header-meta":"","header-above-stick-meta":"","header-main-stick-meta":"","header-below-stick-meta":"","astra-migrate-meta-layouts":"set","ast-page-background-enabled":"default","ast-page-background-meta":{"desktop":{"background-color":"","background-image":"","background-repeat":"repeat","background-position":"center center","background-size":"auto","background-attachment":"scroll","background-type":"","background-media":"","overlay-type":"","overlay-color":"","overlay-opacity":"","overlay-gradient":""},"tablet":{"background-color":"","background-image":"","background-repeat":"repeat","background-position":"center center","background-size":"auto","background-attachment":"scroll","background-type":"","background-media":"","overlay-type":"","overlay-color":"","overlay-opacity":"","overlay-gradient":""},"mobile":{"background-color":"","background-image":"","background-repeat":"repeat","background-position":"center center","background-size":"auto","background-attachment":"scroll","background-type":"","background-media":"","overlay-type":"","overlay-color":"","overlay-opacity":"","overlay-gradient":""}},"ast-content-background-meta":{"desktop":{"background-color":"var(--ast-global-color-5)","background-image":"","background-repeat":"repeat","background-position":"center center","background-size":"auto","background-attachment":"scroll","background-type":"","background-media":"","overlay-type":"","overlay-color":"","overlay-opacity":"","overlay-gradient":""},"tablet":{"background-color":"var(--ast-global-color-5)","background-image":"","background-repeat":"repeat","background-position":"center center","background-size":"auto","background-attachment":"scroll","background-type":"","background-media":"","overlay-type":"","overlay-color":"","overlay-opacity":"","overlay-gradient":""},"mobile":{"background-color":"var(--ast-global-color-5)","background-image":"","background-repeat":"repeat","background-position":"center center","background-size":"auto","background-attachment":"scroll","background-type":"","background-media":"","overlay-type":"","overlay-color":"","overlay-opacity":"","overlay-gradient":""}}},"product_brand":[],"product_cat":[28],"product_tag":[],"class_list":{"0":"post-6230","1":"product","2":"type-product","3":"status-publish","4":"has-post-thumbnail","6":"product_cat-gultas","7":"desktop-align-left","8":"tablet-align-left","9":"mobile-align-left","11":"first","12":"onbackorder","13":"shipping-taxable","14":"purchasable","15":"product-type-variable"},"yoast_head":"<!-- This site is optimized with the Yoast SEO plugin v27.1.1 - https:\/\/yoast.com\/product\/yoast-seo-wordpress\/ -->\n<title>Spilvengulta - DII-STUFF<\/title>\n<meta name=\"description\" content=\"Gulta veidota k\u0101 spilvens, kur\u0101 \u0113tri baud\u012bt atp\u016btas br\u012b\u017eus. P\u0101rvalks ir no\u0146emams k\u0101 spilvendr\u0101na. Audums ir maigs un pat\u012bkams uz tausti, k\u0101 klasiskais pleds\" \/>\n<meta name=\"robots\" content=\"index, follow, max-snippet:-1, max-image-preview:large, max-video-preview:-1\" \/>\n<link rel=\"canonical\" href=\"https:\/\/diistuff.com\/en\/veikals\/spilvengulta\/\" \/>\n<meta property=\"og:locale\" content=\"en_GB\" \/>\n<meta property=\"og:type\" content=\"article\" \/>\n<meta property=\"og:title\" content=\"Spilvengulta - DII-STUFF\" \/>\n<meta property=\"og:description\" content=\"Gulta veidota k\u0101 spilvens, kur\u0101 \u0113tri baud\u012bt atp\u016btas br\u012b\u017eus. P\u0101rvalks ir no\u0146emams k\u0101 spilvendr\u0101na. Audums ir maigs un pat\u012bkams uz tausti, k\u0101 klasiskais pleds\" \/>\n<meta property=\"og:url\" content=\"https:\/\/diistuff.com\/en\/veikals\/spilvengulta\/\" \/>\n<meta property=\"og:site_name\" content=\"DII-STUFF\" \/>\n<meta property=\"article:publisher\" content=\"https:\/\/www.facebook.com\/diidogbuddy\" \/>\n<meta property=\"article:modified_time\" content=\"2026-04-15T06:18:24+00:00\" \/>\n<meta property=\"og:image\" content=\"https:\/\/diistuff.com\/wp-content\/uploads\/2023\/10\/IMG_9162.jpg\" \/>\n\t<meta property=\"og:image:width\" content=\"1000\" \/>\n\t<meta property=\"og:image:height\" content=\"1500\" \/>\n\t<meta property=\"og:image:type\" content=\"image\/jpeg\" \/>\n<meta name=\"twitter:card\" content=\"summary_large_image\" \/>\n<meta name=\"twitter:label1\" content=\"Estimated reading time\" \/>\n\t<meta name=\"twitter:data1\" content=\"2 minutes\" \/>\n<script type=\"application\/ld+json\" class=\"yoast-schema-graph\">{\"@context\":\"https:\/\/schema.org\",\"@graph\":[{\"@type\":\"WebPage\",\"@id\":\"https:\/\/diistuff.com\/veikals\/spilvengulta\/\",\"url\":\"https:\/\/diistuff.com\/veikals\/spilvengulta\/\",\"name\":\"Spilvengulta - DII-STUFF\",\"isPartOf\":{\"@id\":\"https:\/\/diistuff.com\/#website\"},\"primaryImageOfPage\":{\"@id\":\"https:\/\/diistuff.com\/veikals\/spilvengulta\/#primaryimage\"},\"image\":{\"@id\":\"https:\/\/diistuff.com\/veikals\/spilvengulta\/#primaryimage\"},\"thumbnailUrl\":\"https:\/\/diistuff.com\/wp-content\/uploads\/2023\/10\/IMG_9162.jpg\",\"datePublished\":\"2023-10-31T10:49:52+00:00\",\"dateModified\":\"2026-04-15T06:18:24+00:00\",\"description\":\"Gulta veidota k\u0101 spilvens, kur\u0101 \u0113tri baud\u012bt atp\u016btas br\u012b\u017eus. P\u0101rvalks ir no\u0146emams k\u0101 spilvendr\u0101na. Audums ir maigs un pat\u012bkams uz tausti, k\u0101 klasiskais pleds\",\"breadcrumb\":{\"@id\":\"https:\/\/diistuff.com\/veikals\/spilvengulta\/#breadcrumb\"},\"inLanguage\":\"en-GB\",\"potentialAction\":[{\"@type\":\"ReadAction\",\"target\":[\"https:\/\/diistuff.com\/veikals\/spilvengulta\/\"]}]},{\"@type\":\"ImageObject\",\"inLanguage\":\"en-GB\",\"@id\":\"https:\/\/diistuff.com\/veikals\/spilvengulta\/#primaryimage\",\"url\":\"https:\/\/diistuff.com\/wp-content\/uploads\/2023\/10\/IMG_9162.jpg\",\"contentUrl\":\"https:\/\/diistuff.com\/wp-content\/uploads\/2023\/10\/IMG_9162.jpg\",\"width\":1000,\"height\":1500},{\"@type\":\"BreadcrumbList\",\"@id\":\"https:\/\/diistuff.com\/veikals\/spilvengulta\/#breadcrumb\",\"itemListElement\":[{\"@type\":\"ListItem\",\"position\":1,\"name\":\"Home\",\"item\":\"https:\/\/diistuff.com\/\"},{\"@type\":\"ListItem\",\"position\":2,\"name\":\"Shop\",\"item\":\"https:\/\/diistuff.com\/shop\/\"},{\"@type\":\"ListItem\",\"position\":3,\"name\":\"Spilvengulta\"}]},{\"@type\":\"WebSite\",\"@id\":\"https:\/\/diistuff.com\/#website\",\"url\":\"https:\/\/diistuff.com\/\",\"name\":\"DII-STUFF\",\"description\":\"\",\"publisher\":{\"@id\":\"https:\/\/diistuff.com\/#organization\"},\"potentialAction\":[{\"@type\":\"SearchAction\",\"target\":{\"@type\":\"EntryPoint\",\"urlTemplate\":\"https:\/\/diistuff.com\/?s={search_term_string}\"},\"query-input\":{\"@type\":\"PropertyValueSpecification\",\"valueRequired\":true,\"valueName\":\"search_term_string\"}}],\"inLanguage\":\"en-GB\"},{\"@type\":\"Organization\",\"@id\":\"https:\/\/diistuff.com\/#organization\",\"name\":\"SIA DII\",\"url\":\"https:\/\/diistuff.com\/\",\"logo\":{\"@type\":\"ImageObject\",\"inLanguage\":\"en-GB\",\"@id\":\"https:\/\/diistuff.com\/#\/schema\/logo\/image\/\",\"url\":\"https:\/\/diistuff.com\/wp-content\/uploads\/2021\/06\/cropped-Untitled-1-1.png\",\"contentUrl\":\"https:\/\/diistuff.com\/wp-content\/uploads\/2021\/06\/cropped-Untitled-1-1.png\",\"width\":232,\"height\":175,\"caption\":\"SIA DII\"},\"image\":{\"@id\":\"https:\/\/diistuff.com\/#\/schema\/logo\/image\/\"},\"sameAs\":[\"https:\/\/www.facebook.com\/diidogbuddy\",\"https:\/\/www.instagram.com\/dii_stuff\/\",\"https:\/\/www.pinterest.com\/diistuff\/\"]}]}<\/script>\n<!-- \/ Yoast SEO plugin. -->","yoast_head_json":{"title":"Spilvengulta - DII-STUFF","description":"Gulta veidota k\u0101 spilvens, kur\u0101 \u0113tri baud\u012bt atp\u016btas br\u012b\u017eus. P\u0101rvalks ir no\u0146emams k\u0101 spilvendr\u0101na. Audums ir maigs un pat\u012bkams uz tausti, k\u0101 klasiskais pleds","robots":{"index":"index","follow":"follow","max-snippet":"max-snippet:-1","max-image-preview":"max-image-preview:large","max-video-preview":"max-video-preview:-1"},"canonical":"https:\/\/diistuff.com\/en\/veikals\/spilvengulta\/","og_locale":"en_GB","og_type":"article","og_title":"Spilvengulta - DII-STUFF","og_description":"Gulta veidota k\u0101 spilvens, kur\u0101 \u0113tri baud\u012bt atp\u016btas br\u012b\u017eus. P\u0101rvalks ir no\u0146emams k\u0101 spilvendr\u0101na. Audums ir maigs un pat\u012bkams uz tausti, k\u0101 klasiskais pleds","og_url":"https:\/\/diistuff.com\/en\/veikals\/spilvengulta\/","og_site_name":"DII-STUFF","article_publisher":"https:\/\/www.facebook.com\/diidogbuddy","article_modified_time":"2026-04-15T06:18:24+00:00","og_image":[{"width":1000,"height":1500,"url":"https:\/\/diistuff.com\/wp-content\/uploads\/2023\/10\/IMG_9162.jpg","type":"image\/jpeg"}],"twitter_card":"summary_large_image","twitter_misc":{"Estimated reading time":"2 minutes"},"schema":{"@context":"https:\/\/schema.org","@graph":[{"@type":"WebPage","@id":"https:\/\/diistuff.com\/veikals\/spilvengulta\/","url":"https:\/\/diistuff.com\/veikals\/spilvengulta\/","name":"Spilvengulta - DII-STUFF","isPartOf":{"@id":"https:\/\/diistuff.com\/#website"},"primaryImageOfPage":{"@id":"https:\/\/diistuff.com\/veikals\/spilvengulta\/#primaryimage"},"image":{"@id":"https:\/\/diistuff.com\/veikals\/spilvengulta\/#primaryimage"},"thumbnailUrl":"https:\/\/diistuff.com\/wp-content\/uploads\/2023\/10\/IMG_9162.jpg","datePublished":"2023-10-31T10:49:52+00:00","dateModified":"2026-04-15T06:18:24+00:00","description":"Gulta veidota k\u0101 spilvens, kur\u0101 \u0113tri baud\u012bt atp\u016btas br\u012b\u017eus. P\u0101rvalks ir no\u0146emams k\u0101 spilvendr\u0101na. Audums ir maigs un pat\u012bkams uz tausti, k\u0101 klasiskais pleds","breadcrumb":{"@id":"https:\/\/diistuff.com\/veikals\/spilvengulta\/#breadcrumb"},"inLanguage":"en-GB","potentialAction":[{"@type":"ReadAction","target":["https:\/\/diistuff.com\/veikals\/spilvengulta\/"]}]},{"@type":"ImageObject","inLanguage":"en-GB","@id":"https:\/\/diistuff.com\/veikals\/spilvengulta\/#primaryimage","url":"https:\/\/diistuff.com\/wp-content\/uploads\/2023\/10\/IMG_9162.jpg","contentUrl":"https:\/\/diistuff.com\/wp-content\/uploads\/2023\/10\/IMG_9162.jpg","width":1000,"height":1500},{"@type":"BreadcrumbList","@id":"https:\/\/diistuff.com\/veikals\/spilvengulta\/#breadcrumb","itemListElement":[{"@type":"ListItem","position":1,"name":"Home","item":"https:\/\/diistuff.com\/"},{"@type":"ListItem","position":2,"name":"Shop","item":"https:\/\/diistuff.com\/shop\/"},{"@type":"ListItem","position":3,"name":"Spilvengulta"}]},{"@type":"WebSite","@id":"https:\/\/diistuff.com\/#website","url":"https:\/\/diistuff.com\/","name":"DII-STUFF","description":"","publisher":{"@id":"https:\/\/diistuff.com\/#organization"},"potentialAction":[{"@type":"SearchAction","target":{"@type":"EntryPoint","urlTemplate":"https:\/\/diistuff.com\/?s={search_term_string}"},"query-input":{"@type":"PropertyValueSpecification","valueRequired":true,"valueName":"search_term_string"}}],"inLanguage":"en-GB"},{"@type":"Organization","@id":"https:\/\/diistuff.com\/#organization","name":"SIA DII","url":"https:\/\/diistuff.com\/","logo":{"@type":"ImageObject","inLanguage":"en-GB","@id":"https:\/\/diistuff.com\/#\/schema\/logo\/image\/","url":"https:\/\/diistuff.com\/wp-content\/uploads\/2021\/06\/cropped-Untitled-1-1.png","contentUrl":"https:\/\/diistuff.com\/wp-content\/uploads\/2021\/06\/cropped-Untitled-1-1.png","width":232,"height":175,"caption":"SIA DII"},"image":{"@id":"https:\/\/diistuff.com\/#\/schema\/logo\/image\/"},"sameAs":["https:\/\/www.facebook.com\/diidogbuddy","https:\/\/www.instagram.com\/dii_stuff\/","https:\/\/www.pinterest.com\/diistuff\/"]}]}},"_links":{"self":[{"href":"https:\/\/diistuff.com\/en\/wp-json\/wp\/v2\/product\/6230","targetHints":{"allow":["GET"]}}],"collection":[{"href":"https:\/\/diistuff.com\/en\/wp-json\/wp\/v2\/product"}],"about":[{"href":"https:\/\/diistuff.com\/en\/wp-json\/wp\/v2\/types\/product"}],"replies":[{"embeddable":true,"href":"https:\/\/diistuff.com\/en\/wp-json\/wp\/v2\/comments?post=6230"}],"wp:featuredmedia":[{"embeddable":true,"href":"https:\/\/diistuff.com\/en\/wp-json\/wp\/v2\/media\/6244"}],"wp:attachment":[{"href":"https:\/\/diistuff.com\/en\/wp-json\/wp\/v2\/media?parent=6230"}],"wp:term":[{"taxonomy":"product_brand","embeddable":true,"href":"https:\/\/diistuff.com\/en\/wp-json\/wp\/v2\/product_brand?post=6230"},{"taxonomy":"product_cat","embeddable":true,"href":"https:\/\/diistuff.com\/en\/wp-json\/wp\/v2\/product_cat?post=6230"},{"taxonomy":"product_tag","embeddable":true,"href":"https:\/\/diistuff.com\/en\/wp-json\/wp\/v2\/product_tag?post=6230"}],"curies":[{"name":"wp","href":"https:\/\/api.w.org\/{rel}","templated":true}]}}