{"id":5784,"date":"2023-09-20T16:28:46","date_gmt":"2023-09-20T16:28:46","guid":{"rendered":"https:\/\/diistuff.com\/?post_type=product&#038;p=5784"},"modified":"2025-09-08T10:08:32","modified_gmt":"2025-09-08T10:08:32","slug":"hug-in-a-hoodie","status":"publish","type":"product","link":"https:\/\/diistuff.com\/en\/veikals\/hug-in-a-hoodie\/","title":{"rendered":"Hug in a hoodie"},"content":{"rendered":"<p>Classic cut UNISEX sweater with a hood<\/p>\n<p>&nbsp;<\/p>\n<p><strong>QUALITY<\/strong><br \/>\nFabric: 80% organic cotton - 20% recycled polyester<br \/>\nFabric density: 280g\/m<sup>2<\/sup><\/p>\n<p>&nbsp;<\/p>\n<p><strong>STYLE<\/strong><br \/>\nKangaroo pocket<br \/>\nSoft lining inside<br \/>\n3 layer hood<br \/>\nWith two cords in the color of the sweater<\/p>\n<p>&nbsp;<\/p>","protected":false},"excerpt":{"rendered":"<p>A classic cut sweater with a medium-sized drawstring hood, a kangaroo pocket on the front and a soft lining inside. 80% cotton and 20% recycled polyester.<br \/>\nMedium thickness - fabric density 280g\/m2<\/p>\n<p>Chest patch, left side:<br \/>\nNot antisocial just prefer dogs<br \/>\nor<br \/>\nNot antisocial just prefer cats<\/p>\n<p>Delivery time for orders in LV to dispatch is 5-7 working days.<\/p>","protected":false},"featured_media":5792,"comment_status":"open","ping_status":"closed","template":"","meta":{"om_disable_all_campaigns":false,"_monsterinsights_skip_tracking":false,"_monsterinsights_sitenote_active":false,"_monsterinsights_sitenote_note":"","_monsterinsights_sitenote_category":0,"_uf_show_specific_survey":0,"_uf_disable_surveys":false,"site-sidebar-layout":"default","site-content-layout":"default","ast-site-content-layout":"default","site-content-style":"default","site-sidebar-style":"default","ast-global-header-display":"","ast-banner-title-visibility":"","ast-main-header-display":"","ast-hfb-above-header-display":"","ast-hfb-below-header-display":"","ast-hfb-mobile-header-display":"","site-post-title":"","ast-breadcrumbs-content":"","ast-featured-img":"","footer-sml-layout":"","ast-disable-related-posts":"","theme-transparent-header-meta":"default","adv-header-id-meta":"","stick-header-meta":"","header-above-stick-meta":"","header-main-stick-meta":"","header-below-stick-meta":"","astra-migrate-meta-layouts":"set","ast-page-background-enabled":"default","ast-page-background-meta":{"desktop":{"background-color":"","background-image":"","background-repeat":"repeat","background-position":"center center","background-size":"auto","background-attachment":"scroll","background-type":"","background-media":"","overlay-type":"","overlay-color":"","overlay-opacity":"","overlay-gradient":""},"tablet":{"background-color":"","background-image":"","background-repeat":"repeat","background-position":"center center","background-size":"auto","background-attachment":"scroll","background-type":"","background-media":"","overlay-type":"","overlay-color":"","overlay-opacity":"","overlay-gradient":""},"mobile":{"background-color":"","background-image":"","background-repeat":"repeat","background-position":"center center","background-size":"auto","background-attachment":"scroll","background-type":"","background-media":"","overlay-type":"","overlay-color":"","overlay-opacity":"","overlay-gradient":""}},"ast-content-background-meta":{"desktop":{"background-color":"var(--ast-global-color-5)","background-image":"","background-repeat":"repeat","background-position":"center center","background-size":"auto","background-attachment":"scroll","background-type":"","background-media":"","overlay-type":"","overlay-color":"","overlay-opacity":"","overlay-gradient":""},"tablet":{"background-color":"var(--ast-global-color-5)","background-image":"","background-repeat":"repeat","background-position":"center center","background-size":"auto","background-attachment":"scroll","background-type":"","background-media":"","overlay-type":"","overlay-color":"","overlay-opacity":"","overlay-gradient":""},"mobile":{"background-color":"var(--ast-global-color-5)","background-image":"","background-repeat":"repeat","background-position":"center center","background-size":"auto","background-attachment":"scroll","background-type":"","background-media":"","overlay-type":"","overlay-color":"","overlay-opacity":"","overlay-gradient":""}}},"product_brand":[],"product_cat":[55],"product_tag":[],"class_list":{"0":"post-5784","1":"product","2":"type-product","3":"status-publish","4":"has-post-thumbnail","6":"product_cat-tev","7":"desktop-align-left","8":"tablet-align-left","9":"mobile-align-left","11":"first","12":"outofstock","13":"shipping-taxable","14":"purchasable","15":"product-type-variable"},"yoast_head":"<!-- This site is optimized with the Yoast SEO plugin v27.1.1 - https:\/\/yoast.com\/product\/yoast-seo-wordpress\/ -->\n<title>Hug in a hoodie - DII-STUFF<\/title>\n<meta name=\"description\" content=\"Klasiska piegriezuma UNISEX d\u017eemperis ar kapuci. Audums: 80% organisk\u0101 kokvilna - 20% p\u0101rstr\u0101d\u0101ts poliesters. Ilgtp\u0113j\u012bga izv\u0113le.\" \/>\n<meta name=\"robots\" content=\"index, follow, max-snippet:-1, max-image-preview:large, max-video-preview:-1\" \/>\n<link rel=\"canonical\" href=\"https:\/\/diistuff.com\/en\/veikals\/hug-in-a-hoodie\/\" \/>\n<meta property=\"og:locale\" content=\"en_GB\" \/>\n<meta property=\"og:type\" content=\"article\" \/>\n<meta property=\"og:title\" content=\"Hug in a hoodie - DII-STUFF\" \/>\n<meta property=\"og:description\" content=\"Klasiska piegriezuma UNISEX d\u017eemperis ar kapuci. Audums: 80% organisk\u0101 kokvilna - 20% p\u0101rstr\u0101d\u0101ts poliesters. Ilgtp\u0113j\u012bga izv\u0113le.\" \/>\n<meta property=\"og:url\" content=\"https:\/\/diistuff.com\/en\/veikals\/hug-in-a-hoodie\/\" \/>\n<meta property=\"og:site_name\" content=\"DII-STUFF\" \/>\n<meta property=\"article:publisher\" content=\"https:\/\/www.facebook.com\/diidogbuddy\" \/>\n<meta property=\"article:modified_time\" content=\"2025-09-08T10:08:32+00:00\" \/>\n<meta property=\"og:image\" content=\"https:\/\/diistuff.com\/wp-content\/uploads\/2023\/09\/4A8C907D-B10C-4EF7-8B32-0266B2F7F190.jpeg\" \/>\n\t<meta property=\"og:image:width\" content=\"994\" \/>\n\t<meta property=\"og:image:height\" content=\"1500\" \/>\n\t<meta property=\"og:image:type\" content=\"image\/jpeg\" \/>\n<meta name=\"twitter:card\" content=\"summary_large_image\" \/>\n<meta name=\"twitter:label1\" content=\"Estimated reading time\" \/>\n\t<meta name=\"twitter:data1\" content=\"1 minute\" \/>\n<script type=\"application\/ld+json\" class=\"yoast-schema-graph\">{\"@context\":\"https:\/\/schema.org\",\"@graph\":[{\"@type\":\"WebPage\",\"@id\":\"https:\/\/diistuff.com\/veikals\/hug-in-a-hoodie\/\",\"url\":\"https:\/\/diistuff.com\/veikals\/hug-in-a-hoodie\/\",\"name\":\"Hug in a hoodie - DII-STUFF\",\"isPartOf\":{\"@id\":\"https:\/\/diistuff.com\/#website\"},\"primaryImageOfPage\":{\"@id\":\"https:\/\/diistuff.com\/veikals\/hug-in-a-hoodie\/#primaryimage\"},\"image\":{\"@id\":\"https:\/\/diistuff.com\/veikals\/hug-in-a-hoodie\/#primaryimage\"},\"thumbnailUrl\":\"https:\/\/diistuff.com\/wp-content\/uploads\/2023\/09\/4A8C907D-B10C-4EF7-8B32-0266B2F7F190.jpeg\",\"datePublished\":\"2023-09-20T16:28:46+00:00\",\"dateModified\":\"2025-09-08T10:08:32+00:00\",\"description\":\"Klasiska piegriezuma UNISEX d\u017eemperis ar kapuci. Audums: 80% organisk\u0101 kokvilna - 20% p\u0101rstr\u0101d\u0101ts poliesters. Ilgtp\u0113j\u012bga izv\u0113le.\",\"breadcrumb\":{\"@id\":\"https:\/\/diistuff.com\/veikals\/hug-in-a-hoodie\/#breadcrumb\"},\"inLanguage\":\"en-GB\",\"potentialAction\":[{\"@type\":\"ReadAction\",\"target\":[\"https:\/\/diistuff.com\/veikals\/hug-in-a-hoodie\/\"]}]},{\"@type\":\"ImageObject\",\"inLanguage\":\"en-GB\",\"@id\":\"https:\/\/diistuff.com\/veikals\/hug-in-a-hoodie\/#primaryimage\",\"url\":\"https:\/\/diistuff.com\/wp-content\/uploads\/2023\/09\/4A8C907D-B10C-4EF7-8B32-0266B2F7F190.jpeg\",\"contentUrl\":\"https:\/\/diistuff.com\/wp-content\/uploads\/2023\/09\/4A8C907D-B10C-4EF7-8B32-0266B2F7F190.jpeg\",\"width\":994,\"height\":1500},{\"@type\":\"BreadcrumbList\",\"@id\":\"https:\/\/diistuff.com\/veikals\/hug-in-a-hoodie\/#breadcrumb\",\"itemListElement\":[{\"@type\":\"ListItem\",\"position\":1,\"name\":\"Home\",\"item\":\"https:\/\/diistuff.com\/\"},{\"@type\":\"ListItem\",\"position\":2,\"name\":\"Shop\",\"item\":\"https:\/\/diistuff.com\/shop\/\"},{\"@type\":\"ListItem\",\"position\":3,\"name\":\"Hug in a hoodie\"}]},{\"@type\":\"WebSite\",\"@id\":\"https:\/\/diistuff.com\/#website\",\"url\":\"https:\/\/diistuff.com\/\",\"name\":\"DII-STUFF\",\"description\":\"\",\"publisher\":{\"@id\":\"https:\/\/diistuff.com\/#organization\"},\"potentialAction\":[{\"@type\":\"SearchAction\",\"target\":{\"@type\":\"EntryPoint\",\"urlTemplate\":\"https:\/\/diistuff.com\/?s={search_term_string}\"},\"query-input\":{\"@type\":\"PropertyValueSpecification\",\"valueRequired\":true,\"valueName\":\"search_term_string\"}}],\"inLanguage\":\"en-GB\"},{\"@type\":\"Organization\",\"@id\":\"https:\/\/diistuff.com\/#organization\",\"name\":\"SIA DII\",\"url\":\"https:\/\/diistuff.com\/\",\"logo\":{\"@type\":\"ImageObject\",\"inLanguage\":\"en-GB\",\"@id\":\"https:\/\/diistuff.com\/#\/schema\/logo\/image\/\",\"url\":\"https:\/\/diistuff.com\/wp-content\/uploads\/2021\/06\/cropped-Untitled-1-1.png\",\"contentUrl\":\"https:\/\/diistuff.com\/wp-content\/uploads\/2021\/06\/cropped-Untitled-1-1.png\",\"width\":232,\"height\":175,\"caption\":\"SIA DII\"},\"image\":{\"@id\":\"https:\/\/diistuff.com\/#\/schema\/logo\/image\/\"},\"sameAs\":[\"https:\/\/www.facebook.com\/diidogbuddy\",\"https:\/\/www.instagram.com\/dii_stuff\/\",\"https:\/\/www.pinterest.com\/diistuff\/\"]}]}<\/script>\n<!-- \/ Yoast SEO plugin. -->","yoast_head_json":{"title":"Hug in a hoodie - DII-STUFF","description":"Klasiska piegriezuma UNISEX d\u017eemperis ar kapuci. Audums: 80% organisk\u0101 kokvilna - 20% p\u0101rstr\u0101d\u0101ts poliesters. Ilgtp\u0113j\u012bga izv\u0113le.","robots":{"index":"index","follow":"follow","max-snippet":"max-snippet:-1","max-image-preview":"max-image-preview:large","max-video-preview":"max-video-preview:-1"},"canonical":"https:\/\/diistuff.com\/en\/veikals\/hug-in-a-hoodie\/","og_locale":"en_GB","og_type":"article","og_title":"Hug in a hoodie - DII-STUFF","og_description":"Klasiska piegriezuma UNISEX d\u017eemperis ar kapuci. Audums: 80% organisk\u0101 kokvilna - 20% p\u0101rstr\u0101d\u0101ts poliesters. Ilgtp\u0113j\u012bga izv\u0113le.","og_url":"https:\/\/diistuff.com\/en\/veikals\/hug-in-a-hoodie\/","og_site_name":"DII-STUFF","article_publisher":"https:\/\/www.facebook.com\/diidogbuddy","article_modified_time":"2025-09-08T10:08:32+00:00","og_image":[{"width":994,"height":1500,"url":"https:\/\/diistuff.com\/wp-content\/uploads\/2023\/09\/4A8C907D-B10C-4EF7-8B32-0266B2F7F190.jpeg","type":"image\/jpeg"}],"twitter_card":"summary_large_image","twitter_misc":{"Estimated reading time":"1 minute"},"schema":{"@context":"https:\/\/schema.org","@graph":[{"@type":"WebPage","@id":"https:\/\/diistuff.com\/veikals\/hug-in-a-hoodie\/","url":"https:\/\/diistuff.com\/veikals\/hug-in-a-hoodie\/","name":"Hug in a hoodie - DII-STUFF","isPartOf":{"@id":"https:\/\/diistuff.com\/#website"},"primaryImageOfPage":{"@id":"https:\/\/diistuff.com\/veikals\/hug-in-a-hoodie\/#primaryimage"},"image":{"@id":"https:\/\/diistuff.com\/veikals\/hug-in-a-hoodie\/#primaryimage"},"thumbnailUrl":"https:\/\/diistuff.com\/wp-content\/uploads\/2023\/09\/4A8C907D-B10C-4EF7-8B32-0266B2F7F190.jpeg","datePublished":"2023-09-20T16:28:46+00:00","dateModified":"2025-09-08T10:08:32+00:00","description":"Klasiska piegriezuma UNISEX d\u017eemperis ar kapuci. Audums: 80% organisk\u0101 kokvilna - 20% p\u0101rstr\u0101d\u0101ts poliesters. Ilgtp\u0113j\u012bga izv\u0113le.","breadcrumb":{"@id":"https:\/\/diistuff.com\/veikals\/hug-in-a-hoodie\/#breadcrumb"},"inLanguage":"en-GB","potentialAction":[{"@type":"ReadAction","target":["https:\/\/diistuff.com\/veikals\/hug-in-a-hoodie\/"]}]},{"@type":"ImageObject","inLanguage":"en-GB","@id":"https:\/\/diistuff.com\/veikals\/hug-in-a-hoodie\/#primaryimage","url":"https:\/\/diistuff.com\/wp-content\/uploads\/2023\/09\/4A8C907D-B10C-4EF7-8B32-0266B2F7F190.jpeg","contentUrl":"https:\/\/diistuff.com\/wp-content\/uploads\/2023\/09\/4A8C907D-B10C-4EF7-8B32-0266B2F7F190.jpeg","width":994,"height":1500},{"@type":"BreadcrumbList","@id":"https:\/\/diistuff.com\/veikals\/hug-in-a-hoodie\/#breadcrumb","itemListElement":[{"@type":"ListItem","position":1,"name":"Home","item":"https:\/\/diistuff.com\/"},{"@type":"ListItem","position":2,"name":"Shop","item":"https:\/\/diistuff.com\/shop\/"},{"@type":"ListItem","position":3,"name":"Hug in a hoodie"}]},{"@type":"WebSite","@id":"https:\/\/diistuff.com\/#website","url":"https:\/\/diistuff.com\/","name":"DII-STUFF","description":"","publisher":{"@id":"https:\/\/diistuff.com\/#organization"},"potentialAction":[{"@type":"SearchAction","target":{"@type":"EntryPoint","urlTemplate":"https:\/\/diistuff.com\/?s={search_term_string}"},"query-input":{"@type":"PropertyValueSpecification","valueRequired":true,"valueName":"search_term_string"}}],"inLanguage":"en-GB"},{"@type":"Organization","@id":"https:\/\/diistuff.com\/#organization","name":"SIA DII","url":"https:\/\/diistuff.com\/","logo":{"@type":"ImageObject","inLanguage":"en-GB","@id":"https:\/\/diistuff.com\/#\/schema\/logo\/image\/","url":"https:\/\/diistuff.com\/wp-content\/uploads\/2021\/06\/cropped-Untitled-1-1.png","contentUrl":"https:\/\/diistuff.com\/wp-content\/uploads\/2021\/06\/cropped-Untitled-1-1.png","width":232,"height":175,"caption":"SIA DII"},"image":{"@id":"https:\/\/diistuff.com\/#\/schema\/logo\/image\/"},"sameAs":["https:\/\/www.facebook.com\/diidogbuddy","https:\/\/www.instagram.com\/dii_stuff\/","https:\/\/www.pinterest.com\/diistuff\/"]}]}},"_links":{"self":[{"href":"https:\/\/diistuff.com\/en\/wp-json\/wp\/v2\/product\/5784","targetHints":{"allow":["GET"]}}],"collection":[{"href":"https:\/\/diistuff.com\/en\/wp-json\/wp\/v2\/product"}],"about":[{"href":"https:\/\/diistuff.com\/en\/wp-json\/wp\/v2\/types\/product"}],"replies":[{"embeddable":true,"href":"https:\/\/diistuff.com\/en\/wp-json\/wp\/v2\/comments?post=5784"}],"wp:featuredmedia":[{"embeddable":true,"href":"https:\/\/diistuff.com\/en\/wp-json\/wp\/v2\/media\/5792"}],"wp:attachment":[{"href":"https:\/\/diistuff.com\/en\/wp-json\/wp\/v2\/media?parent=5784"}],"wp:term":[{"taxonomy":"product_brand","embeddable":true,"href":"https:\/\/diistuff.com\/en\/wp-json\/wp\/v2\/product_brand?post=5784"},{"taxonomy":"product_cat","embeddable":true,"href":"https:\/\/diistuff.com\/en\/wp-json\/wp\/v2\/product_cat?post=5784"},{"taxonomy":"product_tag","embeddable":true,"href":"https:\/\/diistuff.com\/en\/wp-json\/wp\/v2\/product_tag?post=5784"}],"curies":[{"name":"wp","href":"https:\/\/api.w.org\/{rel}","templated":true}]}}