{"id":5346,"date":"2023-09-07T07:17:24","date_gmt":"2023-09-07T07:17:24","guid":{"rendered":"https:\/\/diistuff.com\/?post_type=product&#038;p=5346"},"modified":"2025-11-02T20:22:57","modified_gmt":"2025-11-02T20:22:57","slug":"oversize-t-krekls","status":"publish","type":"product","link":"https:\/\/diistuff.com\/en\/veikals\/oversize-t-krekls\/","title":{"rendered":"Oversize T-shirt"},"content":{"rendered":"<p>Women's Loose Fit T-Shirt<br \/>\nor<br \/>\nMen's Loose Fit T-Shirt<\/p>\n<p>&nbsp;<\/p>\n<p><img decoding=\"async\" src=\"https:\/\/dinoss.lv\/upload\/files\/ilgspejiga_izvele2.jpg\" alt=\"\" \/><\/p>\n<p>&nbsp;<\/p>\n<p style=\"text-align: left;\"><strong>QUALITY<\/strong><\/p>\n<p style=\"text-align: left;\">Fabric: 100% combed organic cotton<br \/>\nFabric thickness: 180g\/m2<\/p>\n<p style=\"text-align: left;\"><img decoding=\"async\" class=\"\" src=\"https:\/\/dinoss.lv\/upload\/files\/oekotex_4.png\" alt=\"\" width=\"96\" height=\"50\" \/><img decoding=\"async\" class=\"\" src=\"https:\/\/dinoss.lv\/upload\/files\/peta_vegan_certification.png\" alt=\"\" width=\"124\" height=\"50\" \/><\/p>\n<p><strong>STYLE<\/strong><\/p>\n<p>Round neckline<br \/>\nNeck tape<br \/>\nSet-in sleeve with dropped shoulders<br \/>\nNo label<\/p>\n<p>&nbsp;<\/p>","protected":false},"excerpt":{"rendered":"<p>Women's and Men's loose fit T-shirts, in 3 colors and 5 sizes.<br \/>\nT-shirts are medium thickness, 180g\/m2 fabric density.<\/p>\n<p>They are made from 100% organic combed cotton.<\/p>\n<p>This t-shirt selection supports a sustainable choice. Peta vegan approved.<\/p>\n<p>Delivery time for orders in LV to dispatch is 5-7 working days.<\/p>","protected":false},"featured_media":5471,"comment_status":"open","ping_status":"closed","template":"","meta":{"om_disable_all_campaigns":false,"_monsterinsights_skip_tracking":false,"_monsterinsights_sitenote_active":false,"_monsterinsights_sitenote_note":"","_monsterinsights_sitenote_category":0,"_uf_show_specific_survey":0,"_uf_disable_surveys":false,"site-sidebar-layout":"default","site-content-layout":"default","ast-site-content-layout":"default","site-content-style":"default","site-sidebar-style":"default","ast-global-header-display":"","ast-banner-title-visibility":"","ast-main-header-display":"","ast-hfb-above-header-display":"","ast-hfb-below-header-display":"","ast-hfb-mobile-header-display":"","site-post-title":"","ast-breadcrumbs-content":"","ast-featured-img":"","footer-sml-layout":"","ast-disable-related-posts":"","theme-transparent-header-meta":"default","adv-header-id-meta":"","stick-header-meta":"","header-above-stick-meta":"","header-main-stick-meta":"","header-below-stick-meta":"","astra-migrate-meta-layouts":"set","ast-page-background-enabled":"default","ast-page-background-meta":{"desktop":{"background-color":"","background-image":"","background-repeat":"repeat","background-position":"center center","background-size":"auto","background-attachment":"scroll","background-type":"","background-media":"","overlay-type":"","overlay-color":"","overlay-opacity":"","overlay-gradient":""},"tablet":{"background-color":"","background-image":"","background-repeat":"repeat","background-position":"center center","background-size":"auto","background-attachment":"scroll","background-type":"","background-media":"","overlay-type":"","overlay-color":"","overlay-opacity":"","overlay-gradient":""},"mobile":{"background-color":"","background-image":"","background-repeat":"repeat","background-position":"center center","background-size":"auto","background-attachment":"scroll","background-type":"","background-media":"","overlay-type":"","overlay-color":"","overlay-opacity":"","overlay-gradient":""}},"ast-content-background-meta":{"desktop":{"background-color":"var(--ast-global-color-5)","background-image":"","background-repeat":"repeat","background-position":"center center","background-size":"auto","background-attachment":"scroll","background-type":"","background-media":"","overlay-type":"","overlay-color":"","overlay-opacity":"","overlay-gradient":""},"tablet":{"background-color":"var(--ast-global-color-5)","background-image":"","background-repeat":"repeat","background-position":"center center","background-size":"auto","background-attachment":"scroll","background-type":"","background-media":"","overlay-type":"","overlay-color":"","overlay-opacity":"","overlay-gradient":""},"mobile":{"background-color":"var(--ast-global-color-5)","background-image":"","background-repeat":"repeat","background-position":"center center","background-size":"auto","background-attachment":"scroll","background-type":"","background-media":"","overlay-type":"","overlay-color":"","overlay-opacity":"","overlay-gradient":""}}},"product_brand":[],"product_cat":[55],"product_tag":[],"class_list":{"0":"post-5346","1":"product","2":"type-product","3":"status-publish","4":"has-post-thumbnail","6":"product_cat-tev","7":"desktop-align-left","8":"tablet-align-left","9":"mobile-align-left","11":"first","12":"instock","13":"shipping-taxable","14":"purchasable","15":"product-type-variable"},"yoast_head":"<!-- This site is optimized with the Yoast SEO plugin v27.1.1 - https:\/\/yoast.com\/product\/yoast-seo-wordpress\/ -->\n<title>Oversize T-krekls - DII-STUFF<\/title>\n<meta name=\"description\" content=\"Sievie\u0161u br\u012bva piegriezuma\u00a0T-krekls. V\u012brie\u0161u br\u012bva piegriezuma\u00a0T-krekls. Audums:\u00a0100% \u0137emm\u0113ta organisk\u0101 kokvilna.Auduma biezums: 180g\/m2. Ilgtp\u0113j\u012bga izv\u0113le.\" \/>\n<meta name=\"robots\" content=\"index, follow, max-snippet:-1, max-image-preview:large, max-video-preview:-1\" \/>\n<link rel=\"canonical\" href=\"https:\/\/diistuff.com\/en\/veikals\/oversize-t-krekls\/\" \/>\n<meta property=\"og:locale\" content=\"en_GB\" \/>\n<meta property=\"og:type\" content=\"article\" \/>\n<meta property=\"og:title\" content=\"Oversize T-krekls - DII-STUFF\" \/>\n<meta property=\"og:description\" content=\"Sievie\u0161u br\u012bva piegriezuma\u00a0T-krekls. V\u012brie\u0161u br\u012bva piegriezuma\u00a0T-krekls. Audums:\u00a0100% \u0137emm\u0113ta organisk\u0101 kokvilna.Auduma biezums: 180g\/m2. Ilgtp\u0113j\u012bga izv\u0113le.\" \/>\n<meta property=\"og:url\" content=\"https:\/\/diistuff.com\/en\/veikals\/oversize-t-krekls\/\" \/>\n<meta property=\"og:site_name\" content=\"DII-STUFF\" \/>\n<meta property=\"article:publisher\" content=\"https:\/\/www.facebook.com\/diidogbuddy\" \/>\n<meta property=\"article:modified_time\" content=\"2025-11-02T20:22:57+00:00\" \/>\n<meta property=\"og:image\" content=\"https:\/\/diistuff.com\/wp-content\/uploads\/2023\/09\/1-scaled.jpg\" \/>\n\t<meta property=\"og:image:width\" content=\"1697\" \/>\n\t<meta property=\"og:image:height\" content=\"2560\" \/>\n\t<meta property=\"og:image:type\" content=\"image\/jpeg\" \/>\n<meta name=\"twitter:card\" content=\"summary_large_image\" \/>\n<meta name=\"twitter:label1\" content=\"Estimated reading time\" \/>\n\t<meta name=\"twitter:data1\" content=\"1 minute\" \/>\n<script type=\"application\/ld+json\" class=\"yoast-schema-graph\">{\"@context\":\"https:\/\/schema.org\",\"@graph\":[{\"@type\":\"WebPage\",\"@id\":\"https:\/\/diistuff.com\/veikals\/oversize-t-krekls\/\",\"url\":\"https:\/\/diistuff.com\/veikals\/oversize-t-krekls\/\",\"name\":\"Oversize T-krekls - DII-STUFF\",\"isPartOf\":{\"@id\":\"https:\/\/diistuff.com\/#website\"},\"primaryImageOfPage\":{\"@id\":\"https:\/\/diistuff.com\/veikals\/oversize-t-krekls\/#primaryimage\"},\"image\":{\"@id\":\"https:\/\/diistuff.com\/veikals\/oversize-t-krekls\/#primaryimage\"},\"thumbnailUrl\":\"https:\/\/diistuff.com\/wp-content\/uploads\/2023\/09\/1-scaled.jpg\",\"datePublished\":\"2023-09-07T07:17:24+00:00\",\"dateModified\":\"2025-11-02T20:22:57+00:00\",\"description\":\"Sievie\u0161u br\u012bva piegriezuma\u00a0T-krekls. V\u012brie\u0161u br\u012bva piegriezuma\u00a0T-krekls. Audums:\u00a0100% \u0137emm\u0113ta organisk\u0101 kokvilna.Auduma biezums: 180g\/m2. Ilgtp\u0113j\u012bga izv\u0113le.\",\"breadcrumb\":{\"@id\":\"https:\/\/diistuff.com\/veikals\/oversize-t-krekls\/#breadcrumb\"},\"inLanguage\":\"en-GB\",\"potentialAction\":[{\"@type\":\"ReadAction\",\"target\":[\"https:\/\/diistuff.com\/veikals\/oversize-t-krekls\/\"]}]},{\"@type\":\"ImageObject\",\"inLanguage\":\"en-GB\",\"@id\":\"https:\/\/diistuff.com\/veikals\/oversize-t-krekls\/#primaryimage\",\"url\":\"https:\/\/diistuff.com\/wp-content\/uploads\/2023\/09\/1-scaled.jpg\",\"contentUrl\":\"https:\/\/diistuff.com\/wp-content\/uploads\/2023\/09\/1-scaled.jpg\",\"width\":1697,\"height\":2560},{\"@type\":\"BreadcrumbList\",\"@id\":\"https:\/\/diistuff.com\/veikals\/oversize-t-krekls\/#breadcrumb\",\"itemListElement\":[{\"@type\":\"ListItem\",\"position\":1,\"name\":\"Home\",\"item\":\"https:\/\/diistuff.com\/\"},{\"@type\":\"ListItem\",\"position\":2,\"name\":\"Shop\",\"item\":\"https:\/\/diistuff.com\/shop\/\"},{\"@type\":\"ListItem\",\"position\":3,\"name\":\"Oversize T-krekls\"}]},{\"@type\":\"WebSite\",\"@id\":\"https:\/\/diistuff.com\/#website\",\"url\":\"https:\/\/diistuff.com\/\",\"name\":\"DII-STUFF\",\"description\":\"\",\"publisher\":{\"@id\":\"https:\/\/diistuff.com\/#organization\"},\"potentialAction\":[{\"@type\":\"SearchAction\",\"target\":{\"@type\":\"EntryPoint\",\"urlTemplate\":\"https:\/\/diistuff.com\/?s={search_term_string}\"},\"query-input\":{\"@type\":\"PropertyValueSpecification\",\"valueRequired\":true,\"valueName\":\"search_term_string\"}}],\"inLanguage\":\"en-GB\"},{\"@type\":\"Organization\",\"@id\":\"https:\/\/diistuff.com\/#organization\",\"name\":\"SIA DII\",\"url\":\"https:\/\/diistuff.com\/\",\"logo\":{\"@type\":\"ImageObject\",\"inLanguage\":\"en-GB\",\"@id\":\"https:\/\/diistuff.com\/#\/schema\/logo\/image\/\",\"url\":\"https:\/\/diistuff.com\/wp-content\/uploads\/2021\/06\/cropped-Untitled-1-1.png\",\"contentUrl\":\"https:\/\/diistuff.com\/wp-content\/uploads\/2021\/06\/cropped-Untitled-1-1.png\",\"width\":232,\"height\":175,\"caption\":\"SIA DII\"},\"image\":{\"@id\":\"https:\/\/diistuff.com\/#\/schema\/logo\/image\/\"},\"sameAs\":[\"https:\/\/www.facebook.com\/diidogbuddy\",\"https:\/\/www.instagram.com\/dii_stuff\/\",\"https:\/\/www.pinterest.com\/diistuff\/\"]}]}<\/script>\n<!-- \/ Yoast SEO plugin. -->","yoast_head_json":{"title":"Oversize T-krekls - DII-STUFF","description":"Sievie\u0161u br\u012bva piegriezuma\u00a0T-krekls. V\u012brie\u0161u br\u012bva piegriezuma\u00a0T-krekls. Audums:\u00a0100% \u0137emm\u0113ta organisk\u0101 kokvilna.Auduma biezums: 180g\/m2. Ilgtp\u0113j\u012bga izv\u0113le.","robots":{"index":"index","follow":"follow","max-snippet":"max-snippet:-1","max-image-preview":"max-image-preview:large","max-video-preview":"max-video-preview:-1"},"canonical":"https:\/\/diistuff.com\/en\/veikals\/oversize-t-krekls\/","og_locale":"en_GB","og_type":"article","og_title":"Oversize T-krekls - DII-STUFF","og_description":"Sievie\u0161u br\u012bva piegriezuma\u00a0T-krekls. V\u012brie\u0161u br\u012bva piegriezuma\u00a0T-krekls. Audums:\u00a0100% \u0137emm\u0113ta organisk\u0101 kokvilna.Auduma biezums: 180g\/m2. Ilgtp\u0113j\u012bga izv\u0113le.","og_url":"https:\/\/diistuff.com\/en\/veikals\/oversize-t-krekls\/","og_site_name":"DII-STUFF","article_publisher":"https:\/\/www.facebook.com\/diidogbuddy","article_modified_time":"2025-11-02T20:22:57+00:00","og_image":[{"width":1697,"height":2560,"url":"https:\/\/diistuff.com\/wp-content\/uploads\/2023\/09\/1-scaled.jpg","type":"image\/jpeg"}],"twitter_card":"summary_large_image","twitter_misc":{"Estimated reading time":"1 minute"},"schema":{"@context":"https:\/\/schema.org","@graph":[{"@type":"WebPage","@id":"https:\/\/diistuff.com\/veikals\/oversize-t-krekls\/","url":"https:\/\/diistuff.com\/veikals\/oversize-t-krekls\/","name":"Oversize T-krekls - DII-STUFF","isPartOf":{"@id":"https:\/\/diistuff.com\/#website"},"primaryImageOfPage":{"@id":"https:\/\/diistuff.com\/veikals\/oversize-t-krekls\/#primaryimage"},"image":{"@id":"https:\/\/diistuff.com\/veikals\/oversize-t-krekls\/#primaryimage"},"thumbnailUrl":"https:\/\/diistuff.com\/wp-content\/uploads\/2023\/09\/1-scaled.jpg","datePublished":"2023-09-07T07:17:24+00:00","dateModified":"2025-11-02T20:22:57+00:00","description":"Sievie\u0161u br\u012bva piegriezuma\u00a0T-krekls. V\u012brie\u0161u br\u012bva piegriezuma\u00a0T-krekls. Audums:\u00a0100% \u0137emm\u0113ta organisk\u0101 kokvilna.Auduma biezums: 180g\/m2. Ilgtp\u0113j\u012bga izv\u0113le.","breadcrumb":{"@id":"https:\/\/diistuff.com\/veikals\/oversize-t-krekls\/#breadcrumb"},"inLanguage":"en-GB","potentialAction":[{"@type":"ReadAction","target":["https:\/\/diistuff.com\/veikals\/oversize-t-krekls\/"]}]},{"@type":"ImageObject","inLanguage":"en-GB","@id":"https:\/\/diistuff.com\/veikals\/oversize-t-krekls\/#primaryimage","url":"https:\/\/diistuff.com\/wp-content\/uploads\/2023\/09\/1-scaled.jpg","contentUrl":"https:\/\/diistuff.com\/wp-content\/uploads\/2023\/09\/1-scaled.jpg","width":1697,"height":2560},{"@type":"BreadcrumbList","@id":"https:\/\/diistuff.com\/veikals\/oversize-t-krekls\/#breadcrumb","itemListElement":[{"@type":"ListItem","position":1,"name":"Home","item":"https:\/\/diistuff.com\/"},{"@type":"ListItem","position":2,"name":"Shop","item":"https:\/\/diistuff.com\/shop\/"},{"@type":"ListItem","position":3,"name":"Oversize T-krekls"}]},{"@type":"WebSite","@id":"https:\/\/diistuff.com\/#website","url":"https:\/\/diistuff.com\/","name":"DII-STUFF","description":"","publisher":{"@id":"https:\/\/diistuff.com\/#organization"},"potentialAction":[{"@type":"SearchAction","target":{"@type":"EntryPoint","urlTemplate":"https:\/\/diistuff.com\/?s={search_term_string}"},"query-input":{"@type":"PropertyValueSpecification","valueRequired":true,"valueName":"search_term_string"}}],"inLanguage":"en-GB"},{"@type":"Organization","@id":"https:\/\/diistuff.com\/#organization","name":"SIA DII","url":"https:\/\/diistuff.com\/","logo":{"@type":"ImageObject","inLanguage":"en-GB","@id":"https:\/\/diistuff.com\/#\/schema\/logo\/image\/","url":"https:\/\/diistuff.com\/wp-content\/uploads\/2021\/06\/cropped-Untitled-1-1.png","contentUrl":"https:\/\/diistuff.com\/wp-content\/uploads\/2021\/06\/cropped-Untitled-1-1.png","width":232,"height":175,"caption":"SIA DII"},"image":{"@id":"https:\/\/diistuff.com\/#\/schema\/logo\/image\/"},"sameAs":["https:\/\/www.facebook.com\/diidogbuddy","https:\/\/www.instagram.com\/dii_stuff\/","https:\/\/www.pinterest.com\/diistuff\/"]}]}},"_links":{"self":[{"href":"https:\/\/diistuff.com\/en\/wp-json\/wp\/v2\/product\/5346","targetHints":{"allow":["GET"]}}],"collection":[{"href":"https:\/\/diistuff.com\/en\/wp-json\/wp\/v2\/product"}],"about":[{"href":"https:\/\/diistuff.com\/en\/wp-json\/wp\/v2\/types\/product"}],"replies":[{"embeddable":true,"href":"https:\/\/diistuff.com\/en\/wp-json\/wp\/v2\/comments?post=5346"}],"wp:featuredmedia":[{"embeddable":true,"href":"https:\/\/diistuff.com\/en\/wp-json\/wp\/v2\/media\/5471"}],"wp:attachment":[{"href":"https:\/\/diistuff.com\/en\/wp-json\/wp\/v2\/media?parent=5346"}],"wp:term":[{"taxonomy":"product_brand","embeddable":true,"href":"https:\/\/diistuff.com\/en\/wp-json\/wp\/v2\/product_brand?post=5346"},{"taxonomy":"product_cat","embeddable":true,"href":"https:\/\/diistuff.com\/en\/wp-json\/wp\/v2\/product_cat?post=5346"},{"taxonomy":"product_tag","embeddable":true,"href":"https:\/\/diistuff.com\/en\/wp-json\/wp\/v2\/product_tag?post=5346"}],"curies":[{"name":"wp","href":"https:\/\/api.w.org\/{rel}","templated":true}]}}