{"id":3131,"date":"2022-03-09T18:39:56","date_gmt":"2022-03-09T18:39:56","guid":{"rendered":"https:\/\/diistuff.com\/?post_type=product&#038;p=3131"},"modified":"2026-04-15T06:18:27","modified_gmt":"2026-04-15T06:18:27","slug":"sedzingulta","status":"publish","type":"product","link":"https:\/\/diistuff.com\/en\/veikals\/sedzingulta\/","title":{"rendered":"Blankybed"},"content":{"rendered":"<p><span style=\"font-weight: 400;\">Blanket beds are a great model loved by many, it is offered in 4 sizes and 4 colors, a blanket is attached to the base of the bed and the pet can crawl under it and hide, sleep covered, or just use it as a regular bed. The cover is removable like a pillowcase and can be washed in a washing machine at a temperature of 30 degrees, it can also be put in a tumble dryer. The fabric is soft and pleasant to the touch, very similar to classic plaid.\u00a0<\/span><\/p>\n<p><strong>How do I choose a bed size for my pet?<\/strong><\/p>\n<p>Keep in mind that a bed can only be too big for your home and not for your pet - we know this ourselves,<br \/>\nas few of us have ever slept in a bed that was \"too big\".<br \/>\nTherefore, you should start by choosing the space you want in your home and measuring it. Then fold the blanket\/bed sheet into the size of the bed you have found and invite your pet to climb on it and you will immediately get an idea whether the size fits or not.<\/p>\n<p>VERY IMPORTANT when choosing ANY ECO-LEATHER or SOFT FABRIC SOFA BED : Remove at least 10-15cm from each side to understand the actual sleeping area, this does not apply to any other bed model.<\/p>\n<p>Examples:<br \/>\n* For a Labrador \/ Rottweiler \/ German shepherd \/ breed \/ size dog you should choose a 120x90cm bed, not 100x70cm bed, because the dimensions are external, not internal.<br \/>\n* French Bulldog\/Beagle\/Corgi breeds\/size dogs will do well in the 100\u00d770 or 80\u00d780 size\nsofa beds.<\/p>","protected":false},"excerpt":{"rendered":"<p>&nbsp;<\/p>\n<p><span style=\"font-weight: 400;\">Blanket beds are a great model loved by many, it is offered in 4 sizes and 4 colors, a blanket is attached to the base of the bed and the pet can crawl under it and hide, sleep covered, or just use it as a regular bed. The cover is removable like a pillowcase and can be washed in a washing machine at a temperature of 30 degrees, it can also be put in a tumble dryer. The fabric is soft and pleasant to the touch, very similar to classic plaid.\u00a0<\/span><\/p>\n<p>&nbsp;<\/p>\n<p><strong>Before ordering, take measure<\/strong><strong>ments to choose the right bed size.<\/strong><\/p>","protected":false},"featured_media":6221,"comment_status":"open","ping_status":"closed","template":"","meta":{"om_disable_all_campaigns":false,"_monsterinsights_skip_tracking":false,"_monsterinsights_sitenote_active":false,"_monsterinsights_sitenote_note":"","_monsterinsights_sitenote_category":0,"_uf_show_specific_survey":0,"_uf_disable_surveys":false,"site-sidebar-layout":"default","site-content-layout":"default","ast-site-content-layout":"default","site-content-style":"default","site-sidebar-style":"default","ast-global-header-display":"","ast-banner-title-visibility":"","ast-main-header-display":"","ast-hfb-above-header-display":"","ast-hfb-below-header-display":"","ast-hfb-mobile-header-display":"","site-post-title":"","ast-breadcrumbs-content":"","ast-featured-img":"","footer-sml-layout":"","ast-disable-related-posts":"","theme-transparent-header-meta":"default","adv-header-id-meta":"","stick-header-meta":"","header-above-stick-meta":"","header-main-stick-meta":"","header-below-stick-meta":"","astra-migrate-meta-layouts":"set","ast-page-background-enabled":"default","ast-page-background-meta":{"desktop":{"background-color":"","background-image":"","background-repeat":"repeat","background-position":"center center","background-size":"auto","background-attachment":"scroll","background-type":"","background-media":"","overlay-type":"","overlay-color":"","overlay-opacity":"","overlay-gradient":""},"tablet":{"background-color":"","background-image":"","background-repeat":"repeat","background-position":"center center","background-size":"auto","background-attachment":"scroll","background-type":"","background-media":"","overlay-type":"","overlay-color":"","overlay-opacity":"","overlay-gradient":""},"mobile":{"background-color":"","background-image":"","background-repeat":"repeat","background-position":"center center","background-size":"auto","background-attachment":"scroll","background-type":"","background-media":"","overlay-type":"","overlay-color":"","overlay-opacity":"","overlay-gradient":""}},"ast-content-background-meta":{"desktop":{"background-color":"var(--ast-global-color-5)","background-image":"","background-repeat":"repeat","background-position":"center center","background-size":"auto","background-attachment":"scroll","background-type":"","background-media":"","overlay-type":"","overlay-color":"","overlay-opacity":"","overlay-gradient":""},"tablet":{"background-color":"var(--ast-global-color-5)","background-image":"","background-repeat":"repeat","background-position":"center center","background-size":"auto","background-attachment":"scroll","background-type":"","background-media":"","overlay-type":"","overlay-color":"","overlay-opacity":"","overlay-gradient":""},"mobile":{"background-color":"var(--ast-global-color-5)","background-image":"","background-repeat":"repeat","background-position":"center center","background-size":"auto","background-attachment":"scroll","background-type":"","background-media":"","overlay-type":"","overlay-color":"","overlay-opacity":"","overlay-gradient":""}}},"product_brand":[],"product_cat":[28],"product_tag":[],"class_list":{"0":"post-3131","1":"product","2":"type-product","3":"status-publish","4":"has-post-thumbnail","6":"product_cat-gultas","7":"desktop-align-left","8":"tablet-align-left","9":"mobile-align-left","11":"first","12":"onbackorder","13":"shipping-taxable","14":"purchasable","15":"product-type-variable"},"yoast_head":"<!-- This site is optimized with the Yoast SEO plugin v27.1.1 - https:\/\/yoast.com\/product\/yoast-seo-wordpress\/ -->\n<title>Sedzi\u0146gulta - DII-STUFF<\/title>\n<meta name=\"description\" content=\"Sedzi\u0146gultas pamatnei ir pievienota sedzi\u0146a un m\u012blulis var pal\u012bst zem t\u0101s un pasl\u0113pties k\u0101 ali\u0146\u0101, gul\u0113t apsegts, vai vienk\u0101r\u0161i izmantot k\u0101 parasto gultu\" \/>\n<meta name=\"robots\" content=\"index, follow, max-snippet:-1, max-image-preview:large, max-video-preview:-1\" \/>\n<link rel=\"canonical\" href=\"https:\/\/diistuff.com\/en\/veikals\/sedzingulta\/\" \/>\n<meta property=\"og:locale\" content=\"en_GB\" \/>\n<meta property=\"og:type\" content=\"article\" \/>\n<meta property=\"og:title\" content=\"Sedzi\u0146gulta - DII-STUFF\" \/>\n<meta property=\"og:description\" content=\"Sedzi\u0146gultas pamatnei ir pievienota sedzi\u0146a un m\u012blulis var pal\u012bst zem t\u0101s un pasl\u0113pties k\u0101 ali\u0146\u0101, gul\u0113t apsegts, vai vienk\u0101r\u0161i izmantot k\u0101 parasto gultu\" \/>\n<meta property=\"og:url\" content=\"https:\/\/diistuff.com\/en\/veikals\/sedzingulta\/\" \/>\n<meta property=\"og:site_name\" content=\"DII-STUFF\" \/>\n<meta property=\"article:publisher\" content=\"https:\/\/www.facebook.com\/diidogbuddy\" \/>\n<meta property=\"article:modified_time\" content=\"2026-04-15T06:18:27+00:00\" \/>\n<meta property=\"og:image\" content=\"https:\/\/diistuff.com\/wp-content\/uploads\/2022\/03\/IMG_9191.jpg\" \/>\n\t<meta property=\"og:image:width\" content=\"991\" \/>\n\t<meta property=\"og:image:height\" content=\"1500\" \/>\n\t<meta property=\"og:image:type\" content=\"image\/jpeg\" \/>\n<meta name=\"twitter:card\" content=\"summary_large_image\" \/>\n<meta name=\"twitter:label1\" content=\"Estimated reading time\" \/>\n\t<meta name=\"twitter:data1\" content=\"2 minutes\" \/>\n<script type=\"application\/ld+json\" class=\"yoast-schema-graph\">{\"@context\":\"https:\/\/schema.org\",\"@graph\":[{\"@type\":\"WebPage\",\"@id\":\"https:\/\/diistuff.com\/veikals\/sedzingulta\/\",\"url\":\"https:\/\/diistuff.com\/veikals\/sedzingulta\/\",\"name\":\"Sedzi\u0146gulta - DII-STUFF\",\"isPartOf\":{\"@id\":\"https:\/\/diistuff.com\/#website\"},\"primaryImageOfPage\":{\"@id\":\"https:\/\/diistuff.com\/veikals\/sedzingulta\/#primaryimage\"},\"image\":{\"@id\":\"https:\/\/diistuff.com\/veikals\/sedzingulta\/#primaryimage\"},\"thumbnailUrl\":\"https:\/\/diistuff.com\/wp-content\/uploads\/2022\/03\/IMG_9191.jpg\",\"datePublished\":\"2022-03-09T18:39:56+00:00\",\"dateModified\":\"2026-04-15T06:18:27+00:00\",\"description\":\"Sedzi\u0146gultas pamatnei ir pievienota sedzi\u0146a un m\u012blulis var pal\u012bst zem t\u0101s un pasl\u0113pties k\u0101 ali\u0146\u0101, gul\u0113t apsegts, vai vienk\u0101r\u0161i izmantot k\u0101 parasto gultu\",\"breadcrumb\":{\"@id\":\"https:\/\/diistuff.com\/veikals\/sedzingulta\/#breadcrumb\"},\"inLanguage\":\"en-GB\",\"potentialAction\":[{\"@type\":\"ReadAction\",\"target\":[\"https:\/\/diistuff.com\/veikals\/sedzingulta\/\"]}]},{\"@type\":\"ImageObject\",\"inLanguage\":\"en-GB\",\"@id\":\"https:\/\/diistuff.com\/veikals\/sedzingulta\/#primaryimage\",\"url\":\"https:\/\/diistuff.com\/wp-content\/uploads\/2022\/03\/IMG_9191.jpg\",\"contentUrl\":\"https:\/\/diistuff.com\/wp-content\/uploads\/2022\/03\/IMG_9191.jpg\",\"width\":991,\"height\":1500},{\"@type\":\"BreadcrumbList\",\"@id\":\"https:\/\/diistuff.com\/veikals\/sedzingulta\/#breadcrumb\",\"itemListElement\":[{\"@type\":\"ListItem\",\"position\":1,\"name\":\"Home\",\"item\":\"https:\/\/diistuff.com\/\"},{\"@type\":\"ListItem\",\"position\":2,\"name\":\"Shop\",\"item\":\"https:\/\/diistuff.com\/shop\/\"},{\"@type\":\"ListItem\",\"position\":3,\"name\":\"Sedzi\u0146gulta\"}]},{\"@type\":\"WebSite\",\"@id\":\"https:\/\/diistuff.com\/#website\",\"url\":\"https:\/\/diistuff.com\/\",\"name\":\"DII-STUFF\",\"description\":\"\",\"publisher\":{\"@id\":\"https:\/\/diistuff.com\/#organization\"},\"potentialAction\":[{\"@type\":\"SearchAction\",\"target\":{\"@type\":\"EntryPoint\",\"urlTemplate\":\"https:\/\/diistuff.com\/?s={search_term_string}\"},\"query-input\":{\"@type\":\"PropertyValueSpecification\",\"valueRequired\":true,\"valueName\":\"search_term_string\"}}],\"inLanguage\":\"en-GB\"},{\"@type\":\"Organization\",\"@id\":\"https:\/\/diistuff.com\/#organization\",\"name\":\"SIA DII\",\"url\":\"https:\/\/diistuff.com\/\",\"logo\":{\"@type\":\"ImageObject\",\"inLanguage\":\"en-GB\",\"@id\":\"https:\/\/diistuff.com\/#\/schema\/logo\/image\/\",\"url\":\"https:\/\/diistuff.com\/wp-content\/uploads\/2021\/06\/cropped-Untitled-1-1.png\",\"contentUrl\":\"https:\/\/diistuff.com\/wp-content\/uploads\/2021\/06\/cropped-Untitled-1-1.png\",\"width\":232,\"height\":175,\"caption\":\"SIA DII\"},\"image\":{\"@id\":\"https:\/\/diistuff.com\/#\/schema\/logo\/image\/\"},\"sameAs\":[\"https:\/\/www.facebook.com\/diidogbuddy\",\"https:\/\/www.instagram.com\/dii_stuff\/\",\"https:\/\/www.pinterest.com\/diistuff\/\"]}]}<\/script>\n<!-- \/ Yoast SEO plugin. -->","yoast_head_json":{"title":"Sedzi\u0146gulta - DII-STUFF","description":"Sedzi\u0146gultas pamatnei ir pievienota sedzi\u0146a un m\u012blulis var pal\u012bst zem t\u0101s un pasl\u0113pties k\u0101 ali\u0146\u0101, gul\u0113t apsegts, vai vienk\u0101r\u0161i izmantot k\u0101 parasto gultu","robots":{"index":"index","follow":"follow","max-snippet":"max-snippet:-1","max-image-preview":"max-image-preview:large","max-video-preview":"max-video-preview:-1"},"canonical":"https:\/\/diistuff.com\/en\/veikals\/sedzingulta\/","og_locale":"en_GB","og_type":"article","og_title":"Sedzi\u0146gulta - DII-STUFF","og_description":"Sedzi\u0146gultas pamatnei ir pievienota sedzi\u0146a un m\u012blulis var pal\u012bst zem t\u0101s un pasl\u0113pties k\u0101 ali\u0146\u0101, gul\u0113t apsegts, vai vienk\u0101r\u0161i izmantot k\u0101 parasto gultu","og_url":"https:\/\/diistuff.com\/en\/veikals\/sedzingulta\/","og_site_name":"DII-STUFF","article_publisher":"https:\/\/www.facebook.com\/diidogbuddy","article_modified_time":"2026-04-15T06:18:27+00:00","og_image":[{"width":991,"height":1500,"url":"https:\/\/diistuff.com\/wp-content\/uploads\/2022\/03\/IMG_9191.jpg","type":"image\/jpeg"}],"twitter_card":"summary_large_image","twitter_misc":{"Estimated reading time":"2 minutes"},"schema":{"@context":"https:\/\/schema.org","@graph":[{"@type":"WebPage","@id":"https:\/\/diistuff.com\/veikals\/sedzingulta\/","url":"https:\/\/diistuff.com\/veikals\/sedzingulta\/","name":"Sedzi\u0146gulta - DII-STUFF","isPartOf":{"@id":"https:\/\/diistuff.com\/#website"},"primaryImageOfPage":{"@id":"https:\/\/diistuff.com\/veikals\/sedzingulta\/#primaryimage"},"image":{"@id":"https:\/\/diistuff.com\/veikals\/sedzingulta\/#primaryimage"},"thumbnailUrl":"https:\/\/diistuff.com\/wp-content\/uploads\/2022\/03\/IMG_9191.jpg","datePublished":"2022-03-09T18:39:56+00:00","dateModified":"2026-04-15T06:18:27+00:00","description":"Sedzi\u0146gultas pamatnei ir pievienota sedzi\u0146a un m\u012blulis var pal\u012bst zem t\u0101s un pasl\u0113pties k\u0101 ali\u0146\u0101, gul\u0113t apsegts, vai vienk\u0101r\u0161i izmantot k\u0101 parasto gultu","breadcrumb":{"@id":"https:\/\/diistuff.com\/veikals\/sedzingulta\/#breadcrumb"},"inLanguage":"en-GB","potentialAction":[{"@type":"ReadAction","target":["https:\/\/diistuff.com\/veikals\/sedzingulta\/"]}]},{"@type":"ImageObject","inLanguage":"en-GB","@id":"https:\/\/diistuff.com\/veikals\/sedzingulta\/#primaryimage","url":"https:\/\/diistuff.com\/wp-content\/uploads\/2022\/03\/IMG_9191.jpg","contentUrl":"https:\/\/diistuff.com\/wp-content\/uploads\/2022\/03\/IMG_9191.jpg","width":991,"height":1500},{"@type":"BreadcrumbList","@id":"https:\/\/diistuff.com\/veikals\/sedzingulta\/#breadcrumb","itemListElement":[{"@type":"ListItem","position":1,"name":"Home","item":"https:\/\/diistuff.com\/"},{"@type":"ListItem","position":2,"name":"Shop","item":"https:\/\/diistuff.com\/shop\/"},{"@type":"ListItem","position":3,"name":"Sedzi\u0146gulta"}]},{"@type":"WebSite","@id":"https:\/\/diistuff.com\/#website","url":"https:\/\/diistuff.com\/","name":"DII-STUFF","description":"","publisher":{"@id":"https:\/\/diistuff.com\/#organization"},"potentialAction":[{"@type":"SearchAction","target":{"@type":"EntryPoint","urlTemplate":"https:\/\/diistuff.com\/?s={search_term_string}"},"query-input":{"@type":"PropertyValueSpecification","valueRequired":true,"valueName":"search_term_string"}}],"inLanguage":"en-GB"},{"@type":"Organization","@id":"https:\/\/diistuff.com\/#organization","name":"SIA DII","url":"https:\/\/diistuff.com\/","logo":{"@type":"ImageObject","inLanguage":"en-GB","@id":"https:\/\/diistuff.com\/#\/schema\/logo\/image\/","url":"https:\/\/diistuff.com\/wp-content\/uploads\/2021\/06\/cropped-Untitled-1-1.png","contentUrl":"https:\/\/diistuff.com\/wp-content\/uploads\/2021\/06\/cropped-Untitled-1-1.png","width":232,"height":175,"caption":"SIA DII"},"image":{"@id":"https:\/\/diistuff.com\/#\/schema\/logo\/image\/"},"sameAs":["https:\/\/www.facebook.com\/diidogbuddy","https:\/\/www.instagram.com\/dii_stuff\/","https:\/\/www.pinterest.com\/diistuff\/"]}]}},"_links":{"self":[{"href":"https:\/\/diistuff.com\/en\/wp-json\/wp\/v2\/product\/3131","targetHints":{"allow":["GET"]}}],"collection":[{"href":"https:\/\/diistuff.com\/en\/wp-json\/wp\/v2\/product"}],"about":[{"href":"https:\/\/diistuff.com\/en\/wp-json\/wp\/v2\/types\/product"}],"replies":[{"embeddable":true,"href":"https:\/\/diistuff.com\/en\/wp-json\/wp\/v2\/comments?post=3131"}],"wp:featuredmedia":[{"embeddable":true,"href":"https:\/\/diistuff.com\/en\/wp-json\/wp\/v2\/media\/6221"}],"wp:attachment":[{"href":"https:\/\/diistuff.com\/en\/wp-json\/wp\/v2\/media?parent=3131"}],"wp:term":[{"taxonomy":"product_brand","embeddable":true,"href":"https:\/\/diistuff.com\/en\/wp-json\/wp\/v2\/product_brand?post=3131"},{"taxonomy":"product_cat","embeddable":true,"href":"https:\/\/diistuff.com\/en\/wp-json\/wp\/v2\/product_cat?post=3131"},{"taxonomy":"product_tag","embeddable":true,"href":"https:\/\/diistuff.com\/en\/wp-json\/wp\/v2\/product_tag?post=3131"}],"curies":[{"name":"wp","href":"https:\/\/api.w.org\/{rel}","templated":true}]}}