{"id":2452,"date":"2021-11-15T08:34:40","date_gmt":"2021-11-15T08:34:40","guid":{"rendered":"https:\/\/diistuff.com\/?post_type=product&#038;p=2452"},"modified":"2026-04-14T21:10:58","modified_gmt":"2026-04-14T21:10:58","slug":"garie_beanie","status":"publish","type":"product","link":"https:\/\/diistuff.com\/en\/veikals\/garie_beanie\/","title":{"rendered":"Long Beanie"},"content":{"rendered":"<p>Composition:<br \/>\nFabric: 60% polyester, 40% acrylic<br \/>\nFabric density: 80g\/m2<\/p>\n<p>Size:<br \/>\nOnesize<\/p>\n<p>Cut:<br \/>\nBeanie<\/p>\n<p>The fabric is made from recycled polyester yarn obtained from PET bottles. The fabric is ecologically compatible, as the raw materials in its composition come from recycled resources (plastic), without compromising the high quality and breathable properties of the fiber.<\/p>\n<p>Its production reduces CO2 emissions by 32% compared to virgin polyester.<br \/>\nThere is no need to create new plastic, thus the extraction of crude oil and natural gas from the ground is reduced.<\/p>\n<p>Recycled and virgin yarn are blended into a super-soft blend that uses less energy and water in the manufacturing process than standard yarn.<\/p>","protected":false},"excerpt":{"rendered":"<p>Sast\u0101vs : Audums: 60% poliesters, 40% akrils Auduma bl\u012bvums: 80 g\/m2 Izm\u0113rs : Onesize Piegriezums: Beanie Audums izgatavots no p\u0101rstr\u0101d\u0101tas poliestera dzijas, kas ieg\u016bta no PET pudel\u0113m. Audums ir ekolo\u0123iski sader\u012bgs, jo t\u0101 sast\u0101v\u0101 eso\u0161\u0101s izejvielas n\u0101k no otrreiz\u0113ji p\u0101rstr\u0101d\u0101tiem resursiem (plastmasas), neapdraudot \u0161\u0137iedras augsto kvalit\u0101ti un elpojo\u0161\u0101s \u012bpa\u0161\u012bbas. T\u0101 ra\u017eo\u0161ana samazina CO2 emisijas par [&hellip;]<\/p>\n","protected":false},"featured_media":2466,"comment_status":"open","ping_status":"closed","template":"","meta":{"om_disable_all_campaigns":false,"_monsterinsights_skip_tracking":false,"_monsterinsights_sitenote_active":false,"_monsterinsights_sitenote_note":"","_monsterinsights_sitenote_category":0,"_uf_show_specific_survey":0,"_uf_disable_surveys":false,"site-sidebar-layout":"default","site-content-layout":"default","ast-site-content-layout":"default","site-content-style":"default","site-sidebar-style":"default","ast-global-header-display":"","ast-banner-title-visibility":"","ast-main-header-display":"","ast-hfb-above-header-display":"","ast-hfb-below-header-display":"","ast-hfb-mobile-header-display":"","site-post-title":"","ast-breadcrumbs-content":"","ast-featured-img":"","footer-sml-layout":"","ast-disable-related-posts":"","theme-transparent-header-meta":"default","adv-header-id-meta":"","stick-header-meta":"","header-above-stick-meta":"","header-main-stick-meta":"","header-below-stick-meta":"","astra-migrate-meta-layouts":"set","ast-page-background-enabled":"default","ast-page-background-meta":{"desktop":{"background-color":"","background-image":"","background-repeat":"repeat","background-position":"center center","background-size":"auto","background-attachment":"scroll","background-type":"","background-media":"","overlay-type":"","overlay-color":"","overlay-opacity":"","overlay-gradient":""},"tablet":{"background-color":"","background-image":"","background-repeat":"repeat","background-position":"center center","background-size":"auto","background-attachment":"scroll","background-type":"","background-media":"","overlay-type":"","overlay-color":"","overlay-opacity":"","overlay-gradient":""},"mobile":{"background-color":"","background-image":"","background-repeat":"repeat","background-position":"center center","background-size":"auto","background-attachment":"scroll","background-type":"","background-media":"","overlay-type":"","overlay-color":"","overlay-opacity":"","overlay-gradient":""}},"ast-content-background-meta":{"desktop":{"background-color":"var(--ast-global-color-5)","background-image":"","background-repeat":"repeat","background-position":"center center","background-size":"auto","background-attachment":"scroll","background-type":"","background-media":"","overlay-type":"","overlay-color":"","overlay-opacity":"","overlay-gradient":""},"tablet":{"background-color":"var(--ast-global-color-5)","background-image":"","background-repeat":"repeat","background-position":"center center","background-size":"auto","background-attachment":"scroll","background-type":"","background-media":"","overlay-type":"","overlay-color":"","overlay-opacity":"","overlay-gradient":""},"mobile":{"background-color":"var(--ast-global-color-5)","background-image":"","background-repeat":"repeat","background-position":"center center","background-size":"auto","background-attachment":"scroll","background-type":"","background-media":"","overlay-type":"","overlay-color":"","overlay-opacity":"","overlay-gradient":""}}},"product_brand":[],"product_cat":[42],"product_tag":[],"class_list":{"0":"post-2452","1":"product","2":"type-product","3":"status-publish","4":"has-post-thumbnail","6":"product_cat-cepures","7":"desktop-align-left","8":"tablet-align-left","9":"mobile-align-left","11":"first","12":"outofstock","13":"sale","14":"shipping-taxable","15":"purchasable","16":"product-type-variable"},"yoast_head":"<!-- This site is optimized with the Yoast SEO plugin v27.1.1 - https:\/\/yoast.com\/product\/yoast-seo-wordpress\/ -->\n<title>Garie beanie - DII-STUFF<\/title>\n<meta name=\"description\" content=\"Beanie audums izgatavots no p\u0101rstr\u0101d\u0101tas poliestera dzijas. Audums ir ekolo\u0123iski sader\u012bgs, neapdraudot \u0161\u0137iedras augsto kvalit\u0101ti un elpojo\u0161\u0101s \u012bpa\u0161\u012bbas.\" \/>\n<meta name=\"robots\" content=\"index, follow, max-snippet:-1, max-image-preview:large, max-video-preview:-1\" \/>\n<link rel=\"canonical\" href=\"https:\/\/diistuff.com\/en\/veikals\/garie_beanie\/\" \/>\n<meta property=\"og:locale\" content=\"en_GB\" \/>\n<meta property=\"og:type\" content=\"article\" \/>\n<meta property=\"og:title\" content=\"Garie beanie - DII-STUFF\" \/>\n<meta property=\"og:description\" content=\"Beanie audums izgatavots no p\u0101rstr\u0101d\u0101tas poliestera dzijas. Audums ir ekolo\u0123iski sader\u012bgs, neapdraudot \u0161\u0137iedras augsto kvalit\u0101ti un elpojo\u0161\u0101s \u012bpa\u0161\u012bbas.\" \/>\n<meta property=\"og:url\" content=\"https:\/\/diistuff.com\/en\/veikals\/garie_beanie\/\" \/>\n<meta property=\"og:site_name\" content=\"DII-STUFF\" \/>\n<meta property=\"article:publisher\" content=\"https:\/\/www.facebook.com\/diidogbuddy\" \/>\n<meta property=\"article:modified_time\" content=\"2026-04-14T21:10:58+00:00\" \/>\n<meta property=\"og:image\" content=\"https:\/\/diistuff.com\/wp-content\/uploads\/2021\/11\/DSC_8620-scaled.jpg\" \/>\n\t<meta property=\"og:image:width\" content=\"2560\" \/>\n\t<meta property=\"og:image:height\" content=\"1709\" \/>\n\t<meta property=\"og:image:type\" content=\"image\/jpeg\" \/>\n<meta name=\"twitter:card\" content=\"summary_large_image\" \/>\n<meta name=\"twitter:label1\" content=\"Estimated reading time\" \/>\n\t<meta name=\"twitter:data1\" content=\"1 minute\" \/>\n<script type=\"application\/ld+json\" class=\"yoast-schema-graph\">{\"@context\":\"https:\/\/schema.org\",\"@graph\":[{\"@type\":\"WebPage\",\"@id\":\"https:\/\/diistuff.com\/veikals\/garie_beanie\/\",\"url\":\"https:\/\/diistuff.com\/veikals\/garie_beanie\/\",\"name\":\"Garie beanie - DII-STUFF\",\"isPartOf\":{\"@id\":\"https:\/\/diistuff.com\/#website\"},\"primaryImageOfPage\":{\"@id\":\"https:\/\/diistuff.com\/veikals\/garie_beanie\/#primaryimage\"},\"image\":{\"@id\":\"https:\/\/diistuff.com\/veikals\/garie_beanie\/#primaryimage\"},\"thumbnailUrl\":\"https:\/\/diistuff.com\/wp-content\/uploads\/2021\/11\/DSC_8620-scaled.jpg\",\"datePublished\":\"2021-11-15T08:34:40+00:00\",\"dateModified\":\"2026-04-14T21:10:58+00:00\",\"description\":\"Beanie audums izgatavots no p\u0101rstr\u0101d\u0101tas poliestera dzijas. Audums ir ekolo\u0123iski sader\u012bgs, neapdraudot \u0161\u0137iedras augsto kvalit\u0101ti un elpojo\u0161\u0101s \u012bpa\u0161\u012bbas.\",\"breadcrumb\":{\"@id\":\"https:\/\/diistuff.com\/veikals\/garie_beanie\/#breadcrumb\"},\"inLanguage\":\"en-GB\",\"potentialAction\":[{\"@type\":\"ReadAction\",\"target\":[\"https:\/\/diistuff.com\/veikals\/garie_beanie\/\"]}]},{\"@type\":\"ImageObject\",\"inLanguage\":\"en-GB\",\"@id\":\"https:\/\/diistuff.com\/veikals\/garie_beanie\/#primaryimage\",\"url\":\"https:\/\/diistuff.com\/wp-content\/uploads\/2021\/11\/DSC_8620-scaled.jpg\",\"contentUrl\":\"https:\/\/diistuff.com\/wp-content\/uploads\/2021\/11\/DSC_8620-scaled.jpg\",\"width\":2560,\"height\":1709},{\"@type\":\"BreadcrumbList\",\"@id\":\"https:\/\/diistuff.com\/veikals\/garie_beanie\/#breadcrumb\",\"itemListElement\":[{\"@type\":\"ListItem\",\"position\":1,\"name\":\"Home\",\"item\":\"https:\/\/diistuff.com\/\"},{\"@type\":\"ListItem\",\"position\":2,\"name\":\"Shop\",\"item\":\"https:\/\/diistuff.com\/shop\/\"},{\"@type\":\"ListItem\",\"position\":3,\"name\":\"Garie beanie\"}]},{\"@type\":\"WebSite\",\"@id\":\"https:\/\/diistuff.com\/#website\",\"url\":\"https:\/\/diistuff.com\/\",\"name\":\"DII-STUFF\",\"description\":\"\",\"publisher\":{\"@id\":\"https:\/\/diistuff.com\/#organization\"},\"potentialAction\":[{\"@type\":\"SearchAction\",\"target\":{\"@type\":\"EntryPoint\",\"urlTemplate\":\"https:\/\/diistuff.com\/?s={search_term_string}\"},\"query-input\":{\"@type\":\"PropertyValueSpecification\",\"valueRequired\":true,\"valueName\":\"search_term_string\"}}],\"inLanguage\":\"en-GB\"},{\"@type\":\"Organization\",\"@id\":\"https:\/\/diistuff.com\/#organization\",\"name\":\"SIA DII\",\"url\":\"https:\/\/diistuff.com\/\",\"logo\":{\"@type\":\"ImageObject\",\"inLanguage\":\"en-GB\",\"@id\":\"https:\/\/diistuff.com\/#\/schema\/logo\/image\/\",\"url\":\"https:\/\/diistuff.com\/wp-content\/uploads\/2021\/06\/cropped-Untitled-1-1.png\",\"contentUrl\":\"https:\/\/diistuff.com\/wp-content\/uploads\/2021\/06\/cropped-Untitled-1-1.png\",\"width\":232,\"height\":175,\"caption\":\"SIA DII\"},\"image\":{\"@id\":\"https:\/\/diistuff.com\/#\/schema\/logo\/image\/\"},\"sameAs\":[\"https:\/\/www.facebook.com\/diidogbuddy\",\"https:\/\/www.instagram.com\/dii_stuff\/\",\"https:\/\/www.pinterest.com\/diistuff\/\"]}]}<\/script>\n<!-- \/ Yoast SEO plugin. -->","yoast_head_json":{"title":"Garie beanie - DII-STUFF","description":"Beanie audums izgatavots no p\u0101rstr\u0101d\u0101tas poliestera dzijas. Audums ir ekolo\u0123iski sader\u012bgs, neapdraudot \u0161\u0137iedras augsto kvalit\u0101ti un elpojo\u0161\u0101s \u012bpa\u0161\u012bbas.","robots":{"index":"index","follow":"follow","max-snippet":"max-snippet:-1","max-image-preview":"max-image-preview:large","max-video-preview":"max-video-preview:-1"},"canonical":"https:\/\/diistuff.com\/en\/veikals\/garie_beanie\/","og_locale":"en_GB","og_type":"article","og_title":"Garie beanie - DII-STUFF","og_description":"Beanie audums izgatavots no p\u0101rstr\u0101d\u0101tas poliestera dzijas. Audums ir ekolo\u0123iski sader\u012bgs, neapdraudot \u0161\u0137iedras augsto kvalit\u0101ti un elpojo\u0161\u0101s \u012bpa\u0161\u012bbas.","og_url":"https:\/\/diistuff.com\/en\/veikals\/garie_beanie\/","og_site_name":"DII-STUFF","article_publisher":"https:\/\/www.facebook.com\/diidogbuddy","article_modified_time":"2026-04-14T21:10:58+00:00","og_image":[{"width":2560,"height":1709,"url":"https:\/\/diistuff.com\/wp-content\/uploads\/2021\/11\/DSC_8620-scaled.jpg","type":"image\/jpeg"}],"twitter_card":"summary_large_image","twitter_misc":{"Estimated reading time":"1 minute"},"schema":{"@context":"https:\/\/schema.org","@graph":[{"@type":"WebPage","@id":"https:\/\/diistuff.com\/veikals\/garie_beanie\/","url":"https:\/\/diistuff.com\/veikals\/garie_beanie\/","name":"Garie beanie - DII-STUFF","isPartOf":{"@id":"https:\/\/diistuff.com\/#website"},"primaryImageOfPage":{"@id":"https:\/\/diistuff.com\/veikals\/garie_beanie\/#primaryimage"},"image":{"@id":"https:\/\/diistuff.com\/veikals\/garie_beanie\/#primaryimage"},"thumbnailUrl":"https:\/\/diistuff.com\/wp-content\/uploads\/2021\/11\/DSC_8620-scaled.jpg","datePublished":"2021-11-15T08:34:40+00:00","dateModified":"2026-04-14T21:10:58+00:00","description":"Beanie audums izgatavots no p\u0101rstr\u0101d\u0101tas poliestera dzijas. Audums ir ekolo\u0123iski sader\u012bgs, neapdraudot \u0161\u0137iedras augsto kvalit\u0101ti un elpojo\u0161\u0101s \u012bpa\u0161\u012bbas.","breadcrumb":{"@id":"https:\/\/diistuff.com\/veikals\/garie_beanie\/#breadcrumb"},"inLanguage":"en-GB","potentialAction":[{"@type":"ReadAction","target":["https:\/\/diistuff.com\/veikals\/garie_beanie\/"]}]},{"@type":"ImageObject","inLanguage":"en-GB","@id":"https:\/\/diistuff.com\/veikals\/garie_beanie\/#primaryimage","url":"https:\/\/diistuff.com\/wp-content\/uploads\/2021\/11\/DSC_8620-scaled.jpg","contentUrl":"https:\/\/diistuff.com\/wp-content\/uploads\/2021\/11\/DSC_8620-scaled.jpg","width":2560,"height":1709},{"@type":"BreadcrumbList","@id":"https:\/\/diistuff.com\/veikals\/garie_beanie\/#breadcrumb","itemListElement":[{"@type":"ListItem","position":1,"name":"Home","item":"https:\/\/diistuff.com\/"},{"@type":"ListItem","position":2,"name":"Shop","item":"https:\/\/diistuff.com\/shop\/"},{"@type":"ListItem","position":3,"name":"Garie beanie"}]},{"@type":"WebSite","@id":"https:\/\/diistuff.com\/#website","url":"https:\/\/diistuff.com\/","name":"DII-STUFF","description":"","publisher":{"@id":"https:\/\/diistuff.com\/#organization"},"potentialAction":[{"@type":"SearchAction","target":{"@type":"EntryPoint","urlTemplate":"https:\/\/diistuff.com\/?s={search_term_string}"},"query-input":{"@type":"PropertyValueSpecification","valueRequired":true,"valueName":"search_term_string"}}],"inLanguage":"en-GB"},{"@type":"Organization","@id":"https:\/\/diistuff.com\/#organization","name":"SIA DII","url":"https:\/\/diistuff.com\/","logo":{"@type":"ImageObject","inLanguage":"en-GB","@id":"https:\/\/diistuff.com\/#\/schema\/logo\/image\/","url":"https:\/\/diistuff.com\/wp-content\/uploads\/2021\/06\/cropped-Untitled-1-1.png","contentUrl":"https:\/\/diistuff.com\/wp-content\/uploads\/2021\/06\/cropped-Untitled-1-1.png","width":232,"height":175,"caption":"SIA DII"},"image":{"@id":"https:\/\/diistuff.com\/#\/schema\/logo\/image\/"},"sameAs":["https:\/\/www.facebook.com\/diidogbuddy","https:\/\/www.instagram.com\/dii_stuff\/","https:\/\/www.pinterest.com\/diistuff\/"]}]}},"_links":{"self":[{"href":"https:\/\/diistuff.com\/en\/wp-json\/wp\/v2\/product\/2452","targetHints":{"allow":["GET"]}}],"collection":[{"href":"https:\/\/diistuff.com\/en\/wp-json\/wp\/v2\/product"}],"about":[{"href":"https:\/\/diistuff.com\/en\/wp-json\/wp\/v2\/types\/product"}],"replies":[{"embeddable":true,"href":"https:\/\/diistuff.com\/en\/wp-json\/wp\/v2\/comments?post=2452"}],"wp:featuredmedia":[{"embeddable":true,"href":"https:\/\/diistuff.com\/en\/wp-json\/wp\/v2\/media\/2466"}],"wp:attachment":[{"href":"https:\/\/diistuff.com\/en\/wp-json\/wp\/v2\/media?parent=2452"}],"wp:term":[{"taxonomy":"product_brand","embeddable":true,"href":"https:\/\/diistuff.com\/en\/wp-json\/wp\/v2\/product_brand?post=2452"},{"taxonomy":"product_cat","embeddable":true,"href":"https:\/\/diistuff.com\/en\/wp-json\/wp\/v2\/product_cat?post=2452"},{"taxonomy":"product_tag","embeddable":true,"href":"https:\/\/diistuff.com\/en\/wp-json\/wp\/v2\/product_tag?post=2452"}],"curies":[{"name":"wp","href":"https:\/\/api.w.org\/{rel}","templated":true}]}}