{"id":1460,"date":"2021-06-07T11:34:21","date_gmt":"2021-06-07T11:34:21","guid":{"rendered":"https:\/\/diistuff.com\/?post_type=product&#038;p=1460"},"modified":"2026-04-14T19:36:53","modified_gmt":"2026-04-14T19:36:53","slug":"ekoadas-divangultas-videjiem-un-maziem-suniem","status":"publish","type":"product","link":"https:\/\/diistuff.com\/en\/veikals\/ekoadas-divangultas-videjiem-un-maziem-suniem\/","title":{"rendered":"Eco-leather sofa beds for medium and small dogs"},"content":{"rendered":"<p><span style=\"font-weight: 400;\">One of the most popular models - the eco-leather sofa bed, 100\u00d770 cm is chosen for both medium and small dogs. Most dogs appreciate the large and fluffy sides, supporting their head when lying on them. Eco-leather is the most popular because of its practicality, it can be cleaned with a wet cloth and the edges vacuumed, the cover of the eco-leather sofa is removable but usually not needed.<\/span><\/p>\n<p><span style=\"font-weight: 400;\">This is the model we recommend as the most popular and practical.<\/span><\/p>\n<p><span style=\"font-weight: 400;\">It is always better to use water for care, as chemical cleaners risk accelerating the wear and tear of the bed and causing cracking. Keeping the cot in direct sunlight all the time will also reduce its lifespan.<\/span><\/p>\n<p><strong>How do I choose a bed size for my pet?<\/strong><\/p>\n<p>Keep in mind that a bed can only be too big for your home and not for your pet - we know this ourselves,<br \/>\nas few of us have ever slept in a bed that was \"too big\".<br \/>\nTherefore, you should start by choosing the space you want in your home and measuring it. Then fold the blanket\/bed sheet into the size of the bed you have found and invite your pet to climb on it and you will immediately get an idea whether the size fits or not.<\/p>\n<p>VERY IMPORTANT when choosing ANY ECO-LEATHER or SOFT FABRIC SOFA BED : Remove at least 10-15cm from each side to understand the actual sleeping area, this does not apply to any other bed model.<\/p>\n<p>Examples:<br \/>\n* For a Labrador \/ Rottweiler \/ German shepherd \/ breed \/ size dog you should choose a 120x90cm bed, not 100x70cm bed, because the dimensions are external, not internal.<br \/>\n* French Bulldog\/Beagle\/Corgi breeds\/size dogs will do well in the 100\u00d770 or 80\u00d780 size\nsofa beds.<\/p>","protected":false},"excerpt":{"rendered":"<p><span style=\"font-weight: 400;\">One of the most popular models - the eco-leather sofa bed, 100\u00d770 cm is chosen for both medium and small dogs. Most dogs appreciate the large and fluffy sides, supporting their head when lying on them. Eco-leather is the most popular because of its practicality, it can be cleaned with a wet cloth and the edges vacuumed, the cover of the eco-leather sofa is removable but usually not needed.<\/span><\/p>\n<p><span style=\"font-weight: 400;\">This is the model we recommend as the most popular and practical.<\/span><\/p>\n<p><strong>Before ordering, take measurements to choose the right bed size.<\/strong><\/p>","protected":false},"featured_media":4744,"comment_status":"open","ping_status":"closed","template":"","meta":{"om_disable_all_campaigns":false,"_monsterinsights_skip_tracking":false,"_monsterinsights_sitenote_active":false,"_monsterinsights_sitenote_note":"","_monsterinsights_sitenote_category":0,"_uf_show_specific_survey":0,"_uf_disable_surveys":false,"site-sidebar-layout":"default","site-content-layout":"default","ast-site-content-layout":"default","site-content-style":"default","site-sidebar-style":"default","ast-global-header-display":"","ast-banner-title-visibility":"","ast-main-header-display":"","ast-hfb-above-header-display":"","ast-hfb-below-header-display":"","ast-hfb-mobile-header-display":"","site-post-title":"","ast-breadcrumbs-content":"","ast-featured-img":"","footer-sml-layout":"","ast-disable-related-posts":"","theme-transparent-header-meta":"default","adv-header-id-meta":"","stick-header-meta":"","header-above-stick-meta":"","header-main-stick-meta":"","header-below-stick-meta":"","astra-migrate-meta-layouts":"set","ast-page-background-enabled":"default","ast-page-background-meta":{"desktop":{"background-color":"","background-image":"","background-repeat":"repeat","background-position":"center center","background-size":"auto","background-attachment":"scroll","background-type":"","background-media":"","overlay-type":"","overlay-color":"","overlay-opacity":"","overlay-gradient":""},"tablet":{"background-color":"","background-image":"","background-repeat":"repeat","background-position":"center center","background-size":"auto","background-attachment":"scroll","background-type":"","background-media":"","overlay-type":"","overlay-color":"","overlay-opacity":"","overlay-gradient":""},"mobile":{"background-color":"","background-image":"","background-repeat":"repeat","background-position":"center center","background-size":"auto","background-attachment":"scroll","background-type":"","background-media":"","overlay-type":"","overlay-color":"","overlay-opacity":"","overlay-gradient":""}},"ast-content-background-meta":{"desktop":{"background-color":"var(--ast-global-color-5)","background-image":"","background-repeat":"repeat","background-position":"center center","background-size":"auto","background-attachment":"scroll","background-type":"","background-media":"","overlay-type":"","overlay-color":"","overlay-opacity":"","overlay-gradient":""},"tablet":{"background-color":"var(--ast-global-color-5)","background-image":"","background-repeat":"repeat","background-position":"center center","background-size":"auto","background-attachment":"scroll","background-type":"","background-media":"","overlay-type":"","overlay-color":"","overlay-opacity":"","overlay-gradient":""},"mobile":{"background-color":"var(--ast-global-color-5)","background-image":"","background-repeat":"repeat","background-position":"center center","background-size":"auto","background-attachment":"scroll","background-type":"","background-media":"","overlay-type":"","overlay-color":"","overlay-opacity":"","overlay-gradient":""}}},"product_brand":[],"product_cat":[28,19],"product_tag":[],"class_list":{"0":"post-1460","1":"product","2":"type-product","3":"status-publish","4":"has-post-thumbnail","6":"product_cat-gultas","7":"product_cat-divangultas","8":"desktop-align-left","9":"tablet-align-left","10":"mobile-align-left","12":"first","13":"instock","14":"shipping-taxable","15":"purchasable","16":"product-type-variable"},"yoast_head":"<!-- This site is optimized with the Yoast SEO plugin v27.1.1 - https:\/\/yoast.com\/product\/yoast-seo-wordpress\/ -->\n<title>Su\u0146u gulta vid\u0113jiem un maziem su\u0146iem no DII<\/title>\n<meta name=\"description\" content=\"Eko\u0101das d\u012bv\u0101ngulta vid\u0113jiem un maziem su\u0146iem. Liel\u0101k\u0101 da\u013ca su\u0146u nov\u0113rt\u0113 liel\u0101s un puf\u012bg\u0101s malas, atbalstot uz t\u0101m galvu gu\u013cot.\" \/>\n<meta name=\"robots\" content=\"index, follow, max-snippet:-1, max-image-preview:large, max-video-preview:-1\" \/>\n<link rel=\"canonical\" href=\"https:\/\/diistuff.com\/en\/veikals\/ekoadas-divangultas-videjiem-un-maziem-suniem\/\" \/>\n<meta property=\"og:locale\" content=\"en_GB\" \/>\n<meta property=\"og:type\" content=\"article\" \/>\n<meta property=\"og:title\" content=\"Su\u0146u gulta vid\u0113jiem un maziem su\u0146iem no DII\" \/>\n<meta property=\"og:description\" content=\"Eko\u0101das d\u012bv\u0101ngulta vid\u0113jiem un maziem su\u0146iem. Liel\u0101k\u0101 da\u013ca su\u0146u nov\u0113rt\u0113 liel\u0101s un puf\u012bg\u0101s malas, atbalstot uz t\u0101m galvu gu\u013cot.\" \/>\n<meta property=\"og:url\" content=\"https:\/\/diistuff.com\/en\/veikals\/ekoadas-divangultas-videjiem-un-maziem-suniem\/\" \/>\n<meta property=\"og:site_name\" content=\"DII-STUFF\" \/>\n<meta property=\"article:publisher\" content=\"https:\/\/www.facebook.com\/diidogbuddy\" \/>\n<meta property=\"article:modified_time\" content=\"2026-04-14T19:36:53+00:00\" \/>\n<meta property=\"og:image\" content=\"https:\/\/diistuff.com\/wp-content\/uploads\/2021\/06\/DII-146-scaled.jpg\" \/>\n\t<meta property=\"og:image:width\" content=\"2560\" \/>\n\t<meta property=\"og:image:height\" content=\"1684\" \/>\n\t<meta property=\"og:image:type\" content=\"image\/jpeg\" \/>\n<meta name=\"twitter:card\" content=\"summary_large_image\" \/>\n<meta name=\"twitter:label1\" content=\"Estimated reading time\" \/>\n\t<meta name=\"twitter:data1\" content=\"2 minutes\" \/>\n<script type=\"application\/ld+json\" class=\"yoast-schema-graph\">{\"@context\":\"https:\/\/schema.org\",\"@graph\":[{\"@type\":\"WebPage\",\"@id\":\"https:\/\/diistuff.com\/veikals\/ekoadas-divangultas-videjiem-un-maziem-suniem\/\",\"url\":\"https:\/\/diistuff.com\/veikals\/ekoadas-divangultas-videjiem-un-maziem-suniem\/\",\"name\":\"Su\u0146u gulta vid\u0113jiem un maziem su\u0146iem no DII\",\"isPartOf\":{\"@id\":\"https:\/\/diistuff.com\/#website\"},\"primaryImageOfPage\":{\"@id\":\"https:\/\/diistuff.com\/veikals\/ekoadas-divangultas-videjiem-un-maziem-suniem\/#primaryimage\"},\"image\":{\"@id\":\"https:\/\/diistuff.com\/veikals\/ekoadas-divangultas-videjiem-un-maziem-suniem\/#primaryimage\"},\"thumbnailUrl\":\"https:\/\/diistuff.com\/wp-content\/uploads\/2021\/06\/DII-146-scaled.jpg\",\"datePublished\":\"2021-06-07T11:34:21+00:00\",\"dateModified\":\"2026-04-14T19:36:53+00:00\",\"description\":\"Eko\u0101das d\u012bv\u0101ngulta vid\u0113jiem un maziem su\u0146iem. Liel\u0101k\u0101 da\u013ca su\u0146u nov\u0113rt\u0113 liel\u0101s un puf\u012bg\u0101s malas, atbalstot uz t\u0101m galvu gu\u013cot.\",\"breadcrumb\":{\"@id\":\"https:\/\/diistuff.com\/veikals\/ekoadas-divangultas-videjiem-un-maziem-suniem\/#breadcrumb\"},\"inLanguage\":\"en-GB\",\"potentialAction\":[{\"@type\":\"ReadAction\",\"target\":[\"https:\/\/diistuff.com\/veikals\/ekoadas-divangultas-videjiem-un-maziem-suniem\/\"]}]},{\"@type\":\"ImageObject\",\"inLanguage\":\"en-GB\",\"@id\":\"https:\/\/diistuff.com\/veikals\/ekoadas-divangultas-videjiem-un-maziem-suniem\/#primaryimage\",\"url\":\"https:\/\/diistuff.com\/wp-content\/uploads\/2021\/06\/DII-146-scaled.jpg\",\"contentUrl\":\"https:\/\/diistuff.com\/wp-content\/uploads\/2021\/06\/DII-146-scaled.jpg\",\"width\":2560,\"height\":1684},{\"@type\":\"BreadcrumbList\",\"@id\":\"https:\/\/diistuff.com\/veikals\/ekoadas-divangultas-videjiem-un-maziem-suniem\/#breadcrumb\",\"itemListElement\":[{\"@type\":\"ListItem\",\"position\":1,\"name\":\"Home\",\"item\":\"https:\/\/diistuff.com\/\"},{\"@type\":\"ListItem\",\"position\":2,\"name\":\"Shop\",\"item\":\"https:\/\/diistuff.com\/shop\/\"},{\"@type\":\"ListItem\",\"position\":3,\"name\":\"Eko\u0101das d\u012bv\u0101ngultas vid\u0113jiem un maziem su\u0146iem\"}]},{\"@type\":\"WebSite\",\"@id\":\"https:\/\/diistuff.com\/#website\",\"url\":\"https:\/\/diistuff.com\/\",\"name\":\"DII-STUFF\",\"description\":\"\",\"publisher\":{\"@id\":\"https:\/\/diistuff.com\/#organization\"},\"potentialAction\":[{\"@type\":\"SearchAction\",\"target\":{\"@type\":\"EntryPoint\",\"urlTemplate\":\"https:\/\/diistuff.com\/?s={search_term_string}\"},\"query-input\":{\"@type\":\"PropertyValueSpecification\",\"valueRequired\":true,\"valueName\":\"search_term_string\"}}],\"inLanguage\":\"en-GB\"},{\"@type\":\"Organization\",\"@id\":\"https:\/\/diistuff.com\/#organization\",\"name\":\"SIA DII\",\"url\":\"https:\/\/diistuff.com\/\",\"logo\":{\"@type\":\"ImageObject\",\"inLanguage\":\"en-GB\",\"@id\":\"https:\/\/diistuff.com\/#\/schema\/logo\/image\/\",\"url\":\"https:\/\/diistuff.com\/wp-content\/uploads\/2021\/06\/cropped-Untitled-1-1.png\",\"contentUrl\":\"https:\/\/diistuff.com\/wp-content\/uploads\/2021\/06\/cropped-Untitled-1-1.png\",\"width\":232,\"height\":175,\"caption\":\"SIA DII\"},\"image\":{\"@id\":\"https:\/\/diistuff.com\/#\/schema\/logo\/image\/\"},\"sameAs\":[\"https:\/\/www.facebook.com\/diidogbuddy\",\"https:\/\/www.instagram.com\/dii_stuff\/\",\"https:\/\/www.pinterest.com\/diistuff\/\"]}]}<\/script>\n<!-- \/ Yoast SEO plugin. -->","yoast_head_json":{"title":"Su\u0146u gulta vid\u0113jiem un maziem su\u0146iem no DII","description":"Eko\u0101das d\u012bv\u0101ngulta vid\u0113jiem un maziem su\u0146iem. Liel\u0101k\u0101 da\u013ca su\u0146u nov\u0113rt\u0113 liel\u0101s un puf\u012bg\u0101s malas, atbalstot uz t\u0101m galvu gu\u013cot.","robots":{"index":"index","follow":"follow","max-snippet":"max-snippet:-1","max-image-preview":"max-image-preview:large","max-video-preview":"max-video-preview:-1"},"canonical":"https:\/\/diistuff.com\/en\/veikals\/ekoadas-divangultas-videjiem-un-maziem-suniem\/","og_locale":"en_GB","og_type":"article","og_title":"Su\u0146u gulta vid\u0113jiem un maziem su\u0146iem no DII","og_description":"Eko\u0101das d\u012bv\u0101ngulta vid\u0113jiem un maziem su\u0146iem. Liel\u0101k\u0101 da\u013ca su\u0146u nov\u0113rt\u0113 liel\u0101s un puf\u012bg\u0101s malas, atbalstot uz t\u0101m galvu gu\u013cot.","og_url":"https:\/\/diistuff.com\/en\/veikals\/ekoadas-divangultas-videjiem-un-maziem-suniem\/","og_site_name":"DII-STUFF","article_publisher":"https:\/\/www.facebook.com\/diidogbuddy","article_modified_time":"2026-04-14T19:36:53+00:00","og_image":[{"width":2560,"height":1684,"url":"https:\/\/diistuff.com\/wp-content\/uploads\/2021\/06\/DII-146-scaled.jpg","type":"image\/jpeg"}],"twitter_card":"summary_large_image","twitter_misc":{"Estimated reading time":"2 minutes"},"schema":{"@context":"https:\/\/schema.org","@graph":[{"@type":"WebPage","@id":"https:\/\/diistuff.com\/veikals\/ekoadas-divangultas-videjiem-un-maziem-suniem\/","url":"https:\/\/diistuff.com\/veikals\/ekoadas-divangultas-videjiem-un-maziem-suniem\/","name":"Su\u0146u gulta vid\u0113jiem un maziem su\u0146iem no DII","isPartOf":{"@id":"https:\/\/diistuff.com\/#website"},"primaryImageOfPage":{"@id":"https:\/\/diistuff.com\/veikals\/ekoadas-divangultas-videjiem-un-maziem-suniem\/#primaryimage"},"image":{"@id":"https:\/\/diistuff.com\/veikals\/ekoadas-divangultas-videjiem-un-maziem-suniem\/#primaryimage"},"thumbnailUrl":"https:\/\/diistuff.com\/wp-content\/uploads\/2021\/06\/DII-146-scaled.jpg","datePublished":"2021-06-07T11:34:21+00:00","dateModified":"2026-04-14T19:36:53+00:00","description":"Eko\u0101das d\u012bv\u0101ngulta vid\u0113jiem un maziem su\u0146iem. Liel\u0101k\u0101 da\u013ca su\u0146u nov\u0113rt\u0113 liel\u0101s un puf\u012bg\u0101s malas, atbalstot uz t\u0101m galvu gu\u013cot.","breadcrumb":{"@id":"https:\/\/diistuff.com\/veikals\/ekoadas-divangultas-videjiem-un-maziem-suniem\/#breadcrumb"},"inLanguage":"en-GB","potentialAction":[{"@type":"ReadAction","target":["https:\/\/diistuff.com\/veikals\/ekoadas-divangultas-videjiem-un-maziem-suniem\/"]}]},{"@type":"ImageObject","inLanguage":"en-GB","@id":"https:\/\/diistuff.com\/veikals\/ekoadas-divangultas-videjiem-un-maziem-suniem\/#primaryimage","url":"https:\/\/diistuff.com\/wp-content\/uploads\/2021\/06\/DII-146-scaled.jpg","contentUrl":"https:\/\/diistuff.com\/wp-content\/uploads\/2021\/06\/DII-146-scaled.jpg","width":2560,"height":1684},{"@type":"BreadcrumbList","@id":"https:\/\/diistuff.com\/veikals\/ekoadas-divangultas-videjiem-un-maziem-suniem\/#breadcrumb","itemListElement":[{"@type":"ListItem","position":1,"name":"Home","item":"https:\/\/diistuff.com\/"},{"@type":"ListItem","position":2,"name":"Shop","item":"https:\/\/diistuff.com\/shop\/"},{"@type":"ListItem","position":3,"name":"Eko\u0101das d\u012bv\u0101ngultas vid\u0113jiem un maziem su\u0146iem"}]},{"@type":"WebSite","@id":"https:\/\/diistuff.com\/#website","url":"https:\/\/diistuff.com\/","name":"DII-STUFF","description":"","publisher":{"@id":"https:\/\/diistuff.com\/#organization"},"potentialAction":[{"@type":"SearchAction","target":{"@type":"EntryPoint","urlTemplate":"https:\/\/diistuff.com\/?s={search_term_string}"},"query-input":{"@type":"PropertyValueSpecification","valueRequired":true,"valueName":"search_term_string"}}],"inLanguage":"en-GB"},{"@type":"Organization","@id":"https:\/\/diistuff.com\/#organization","name":"SIA DII","url":"https:\/\/diistuff.com\/","logo":{"@type":"ImageObject","inLanguage":"en-GB","@id":"https:\/\/diistuff.com\/#\/schema\/logo\/image\/","url":"https:\/\/diistuff.com\/wp-content\/uploads\/2021\/06\/cropped-Untitled-1-1.png","contentUrl":"https:\/\/diistuff.com\/wp-content\/uploads\/2021\/06\/cropped-Untitled-1-1.png","width":232,"height":175,"caption":"SIA DII"},"image":{"@id":"https:\/\/diistuff.com\/#\/schema\/logo\/image\/"},"sameAs":["https:\/\/www.facebook.com\/diidogbuddy","https:\/\/www.instagram.com\/dii_stuff\/","https:\/\/www.pinterest.com\/diistuff\/"]}]}},"_links":{"self":[{"href":"https:\/\/diistuff.com\/en\/wp-json\/wp\/v2\/product\/1460","targetHints":{"allow":["GET"]}}],"collection":[{"href":"https:\/\/diistuff.com\/en\/wp-json\/wp\/v2\/product"}],"about":[{"href":"https:\/\/diistuff.com\/en\/wp-json\/wp\/v2\/types\/product"}],"replies":[{"embeddable":true,"href":"https:\/\/diistuff.com\/en\/wp-json\/wp\/v2\/comments?post=1460"}],"wp:featuredmedia":[{"embeddable":true,"href":"https:\/\/diistuff.com\/en\/wp-json\/wp\/v2\/media\/4744"}],"wp:attachment":[{"href":"https:\/\/diistuff.com\/en\/wp-json\/wp\/v2\/media?parent=1460"}],"wp:term":[{"taxonomy":"product_brand","embeddable":true,"href":"https:\/\/diistuff.com\/en\/wp-json\/wp\/v2\/product_brand?post=1460"},{"taxonomy":"product_cat","embeddable":true,"href":"https:\/\/diistuff.com\/en\/wp-json\/wp\/v2\/product_cat?post=1460"},{"taxonomy":"product_tag","embeddable":true,"href":"https:\/\/diistuff.com\/en\/wp-json\/wp\/v2\/product_tag?post=1460"}],"curies":[{"name":"wp","href":"https:\/\/api.w.org\/{rel}","templated":true}]}}