{"id":2399,"date":"2021-11-06T22:06:50","date_gmt":"2021-11-06T22:06:50","guid":{"rendered":"https:\/\/diistuff.com\/?page_id=2399"},"modified":"2024-01-10T09:14:03","modified_gmt":"2024-01-10T09:14:03","slug":"lounge","status":"publish","type":"page","link":"https:\/\/diistuff.com\/en\/lounge\/","title":{"rendered":"Lounge"},"content":{"rendered":"<div data-elementor-type=\"wp-post\" data-elementor-id=\"2399\" class=\"elementor elementor-2399\">\n\t\t\t\t\t\t<section class=\"elementor-section elementor-top-section elementor-element elementor-element-5a2e459 elementor-section-boxed elementor-section-height-default elementor-section-height-default\" data-id=\"5a2e459\" data-element_type=\"section\" data-e-type=\"section\">\n\t\t\t\t\t\t<div class=\"elementor-container elementor-column-gap-default\">\n\t\t\t\t\t<div class=\"elementor-column elementor-col-100 elementor-top-column elementor-element elementor-element-5b844e9\" data-id=\"5b844e9\" data-element_type=\"column\" data-e-type=\"column\">\n\t\t\t<div class=\"elementor-widget-wrap elementor-element-populated\">\n\t\t\t\t\t\t<div class=\"elementor-element elementor-element-7d85fb6 elementor-widget elementor-widget-spacer\" data-id=\"7d85fb6\" data-element_type=\"widget\" data-e-type=\"widget\" data-widget_type=\"spacer.default\">\n\t\t\t\t<div class=\"elementor-widget-container\">\n\t\t\t\t\t\t\t<div class=\"elementor-spacer\">\n\t\t\t<div class=\"elementor-spacer-inner\"><\/div>\n\t\t<\/div>\n\t\t\t\t\t\t<\/div>\n\t\t\t\t<\/div>\n\t\t\t\t<div class=\"elementor-element elementor-element-6ebb3d2 elementor-widget elementor-widget-heading\" data-id=\"6ebb3d2\" data-element_type=\"widget\" data-e-type=\"widget\" data-widget_type=\"heading.default\">\n\t\t\t\t<div class=\"elementor-widget-container\">\n\t\t\t\t\t<h2 class=\"elementor-heading-title elementor-size-default\">Lounge<\/h2>\t\t\t\t<\/div>\n\t\t\t\t<\/div>\n\t\t\t\t<div class=\"elementor-element elementor-element-da7778b eael-product-grid-column-1 elementor-widget elementor-widget-eicon-woocommerce\" data-id=\"da7778b\" data-element_type=\"widget\" data-e-type=\"widget\" data-widget_type=\"eicon-woocommerce.default\">\n\t\t\t\t<div class=\"elementor-widget-container\">\n\t\t\t\t\t\n        <div class=\"eael-product-grid eael-product-simple masonry\" id=\"eael-product-grid\" data-widget-id=\"da7778b\" data-page-id=\"2399\" data-nonce=\"886dec5372\" >\n            <div class=\"woocommerce\">\n                <ul class=\"products eael-post-appender eael-post-appender-da7778b\" data-ssi-desktop=\"no\" data-ssi-tablet=\"no\" data-ssi-mobile=\"no\" data-layout-mode=\"masonry\"> <li class=\"product\">\n<div class=\"eael-product-wrap\" data-src=\"\" data-src-hover=\"\">\n    <a href=\"https:\/\/diistuff.com\/en\/veikals\/lounge\/\" class=\"woocommerce-LoopProduct-link woocommerce-loop-product__link\"><img fetchpriority=\"high\" decoding=\"async\" width=\"217\" height=\"300\" src=\"https:\/\/diistuff.com\/wp-content\/uploads\/2021\/11\/WhatsApp-Image-2026-01-03-at-17.46.22-217x300.jpeg\" class=\"attachment-woocommerce_thumbnail size-woocommerce_thumbnail wvs-archive-product-image\" alt=\"Lounge\" loading=\"eager\" srcset=\"https:\/\/diistuff.com\/wp-content\/uploads\/2021\/11\/WhatsApp-Image-2026-01-03-at-17.46.22-217x300.jpeg 217w, https:\/\/diistuff.com\/wp-content\/uploads\/2021\/11\/WhatsApp-Image-2026-01-03-at-17.46.22-741x1024.jpeg 741w, https:\/\/diistuff.com\/wp-content\/uploads\/2021\/11\/WhatsApp-Image-2026-01-03-at-17.46.22-768x1061.jpeg 768w, https:\/\/diistuff.com\/wp-content\/uploads\/2021\/11\/WhatsApp-Image-2026-01-03-at-17.46.22-9x12.jpeg 9w, https:\/\/diistuff.com\/wp-content\/uploads\/2021\/11\/WhatsApp-Image-2026-01-03-at-17.46.22-600x829.jpeg 600w, https:\/\/diistuff.com\/wp-content\/uploads\/2021\/11\/WhatsApp-Image-2026-01-03-at-17.46.22.jpeg 880w\" sizes=\"(max-width: 217px) 100vw, 217px\" \/><\/a><div class=\"eael-product-title\">\n    <a href=\"https:\/\/diistuff.com\/en\/veikals\/lounge\/\" class=\"woocommerce-LoopProduct-link woocommerce-loop-product__link\"><h2 class=\"woocommerce-loop-product__title\">Lounge<\/h2><\/a>\n    <\/div><div class=\"review-rating\"><div class=\"star-rating\"><span style=\"width:100%\" data-no-translation=\"\" data-trp-gettext=\"\">Rated <strong class=\"rating\">5.00<\/strong> out of 5 based on <span class=\"rating\">19<\/span> customer ratings<\/span><\/div><\/div><div class=\"eael-product-price\"><span class=\"woocommerce-Price-amount amount\" aria-hidden=\"true\"><bdi><span class=\"woocommerce-Price-currencySymbol\">&euro;<\/span>38.00<\/bdi><\/span> <span aria-hidden=\"true\">&ndash;<\/span> <span class=\"woocommerce-Price-amount amount\" aria-hidden=\"true\"><bdi><span class=\"woocommerce-Price-currencySymbol\">&euro;<\/span>110.00<\/bdi><\/span><span class=\"screen-reader-text\" data-no-translation=\"\" data-trp-gettext=\"\">Price range: &euro;38.00 through &euro;110.00<\/span><p class=\"stock available-on-backorder available_on_backorder_color woo-custom-stock-status\" data-no-translation=\"\" data-trp-gettext=\"\">Available on back-order<\/p><\/div>    <a href=\"https:\/\/diistuff.com\/en\/veikals\/lounge\/\" aria-describedby=\"woocommerce_loop_add_to_cart_link_describedby_2375\" data-quantity=\"1\" class=\"button product_type_variable add_to_cart_button\" data-product_id=\"2375\" data-product_sku=\"\" aria-label=\"Select options for \u201cLounge\u201d\" rel=\"nofollow\" data-no-translation-aria-label=\"\">Select options<\/a>\t<span id=\"woocommerce_loop_add_to_cart_link_describedby_2375\" class=\"screen-reader-text\">\n\t\tThis product has multiple variants. The options may be chosen on the product page\t<\/span>\n    \n<\/div>\n\n<\/li><\/ul>            <\/div>\n        <\/div>\n\n        <script type=\"text\/javascript\">\n            jQuery(document).ready(function($) {\n                var $scope = jQuery(\".elementor-element-da7778b\");\n                var $products = $('.products', $scope);\n                var $layout_mode = $products.data('layout-mode');\n                \n                if ( $layout_mode === 'masonry' ) {\n                    \/\/ init isotope\n                    var $isotope_products = $products.isotope({\n                        itemSelector: \"li.product\",\n                        layoutMode: $layout_mode,\n                        percentPosition: true\n                    });\n\n                    $isotope_products.imagesLoaded().progress( function() {\n                        $isotope_products.isotope('layout');\n                    })\n                    \n                }\n            });\n        <\/script>\n        \t\t\t\t<\/div>\n\t\t\t\t<\/div>\n\t\t\t\t\t<\/div>\n\t\t<\/div>\n\t\t\t\t\t<\/div>\n\t\t<\/section>\n\t\t\t\t<\/div>","protected":false},"excerpt":{"rendered":"<p>Lounge Lounge Rated 5.00 out of 5 based on 5 customer ratings&euro;38.00 &ndash; &euro;110.00 Izv\u0113l\u0113ties<\/p>","protected":false},"author":3,"featured_media":0,"parent":0,"menu_order":0,"comment_status":"closed","ping_status":"closed","template":"","meta":{"om_disable_all_campaigns":false,"_monsterinsights_skip_tracking":false,"_monsterinsights_sitenote_active":false,"_monsterinsights_sitenote_note":"","_monsterinsights_sitenote_category":0,"_uf_show_specific_survey":0,"_uf_disable_surveys":false,"site-sidebar-layout":"no-sidebar","site-content-layout":"page-builder","ast-site-content-layout":"full-width-container","site-content-style":"unboxed","site-sidebar-style":"unboxed","ast-global-header-display":"","ast-banner-title-visibility":"","ast-main-header-display":"","ast-hfb-above-header-display":"","ast-hfb-below-header-display":"","ast-hfb-mobile-header-display":"","site-post-title":"disabled","ast-breadcrumbs-content":"","ast-featured-img":"disabled","footer-sml-layout":"","ast-disable-related-posts":"","theme-transparent-header-meta":"default","adv-header-id-meta":"","stick-header-meta":"","header-above-stick-meta":"","header-main-stick-meta":"","header-below-stick-meta":"","astra-migrate-meta-layouts":"set","ast-page-background-enabled":"default","ast-page-background-meta":{"desktop":{"background-color":"","background-image":"","background-repeat":"repeat","background-position":"center center","background-size":"auto","background-attachment":"scroll","background-type":"","background-media":"","overlay-type":"","overlay-color":"","overlay-opacity":"","overlay-gradient":""},"tablet":{"background-color":"","background-image":"","background-repeat":"repeat","background-position":"center center","background-size":"auto","background-attachment":"scroll","background-type":"","background-media":"","overlay-type":"","overlay-color":"","overlay-opacity":"","overlay-gradient":""},"mobile":{"background-color":"","background-image":"","background-repeat":"repeat","background-position":"center center","background-size":"auto","background-attachment":"scroll","background-type":"","background-media":"","overlay-type":"","overlay-color":"","overlay-opacity":"","overlay-gradient":""}},"ast-content-background-meta":{"desktop":{"background-color":"var(--ast-global-color-5)","background-image":"","background-repeat":"repeat","background-position":"center center","background-size":"auto","background-attachment":"scroll","background-type":"","background-media":"","overlay-type":"","overlay-color":"","overlay-opacity":"","overlay-gradient":""},"tablet":{"background-color":"var(--ast-global-color-5)","background-image":"","background-repeat":"repeat","background-position":"center center","background-size":"auto","background-attachment":"scroll","background-type":"","background-media":"","overlay-type":"","overlay-color":"","overlay-opacity":"","overlay-gradient":""},"mobile":{"background-color":"var(--ast-global-color-5)","background-image":"","background-repeat":"repeat","background-position":"center center","background-size":"auto","background-attachment":"scroll","background-type":"","background-media":"","overlay-type":"","overlay-color":"","overlay-opacity":"","overlay-gradient":""}},"footnotes":""},"class_list":["post-2399","page","type-page","status-publish","hentry","desktop-align-left","tablet-align-left","mobile-align-left"],"yoast_head":"<!-- This site is optimized with the Yoast SEO plugin v27.1.1 - https:\/\/yoast.com\/product\/yoast-seo-wordpress\/ -->\n<title>Su\u0146u spilvens Lounge no eko \u0101das | Viegli kopjamas gultas<\/title>\n<meta name=\"description\" content=\"Gulti\u0146a ne tikai lieliski ieder\u0101s jebkur\u0101 interjer\u0101, bet ir \u0113rti lietojama automa\u0161\u012bn\u0101s un izst\u0101\u017eu b\u016bros. Kop\u0161ana prasa vien p\u0101ris sekundes!\" \/>\n<meta name=\"robots\" content=\"index, follow, max-snippet:-1, max-image-preview:large, max-video-preview:-1\" \/>\n<link rel=\"canonical\" href=\"https:\/\/diistuff.com\/en\/lounge\/\" \/>\n<meta property=\"og:locale\" content=\"en_GB\" \/>\n<meta property=\"og:type\" content=\"article\" \/>\n<meta property=\"og:title\" content=\"Su\u0146u spilvens Lounge no eko \u0101das | Viegli kopjamas gultas\" \/>\n<meta property=\"og:description\" content=\"Gulti\u0146a ne tikai lieliski ieder\u0101s jebkur\u0101 interjer\u0101, bet ir \u0113rti lietojama automa\u0161\u012bn\u0101s un izst\u0101\u017eu b\u016bros. Kop\u0161ana prasa vien p\u0101ris sekundes!\" \/>\n<meta property=\"og:url\" content=\"https:\/\/diistuff.com\/en\/lounge\/\" \/>\n<meta property=\"og:site_name\" content=\"DII-STUFF\" \/>\n<meta property=\"article:publisher\" content=\"https:\/\/www.facebook.com\/diidogbuddy\" \/>\n<meta property=\"article:modified_time\" content=\"2024-01-10T09:14:03+00:00\" \/>\n<meta property=\"og:image\" content=\"https:\/\/diistuff.com\/wp-content\/uploads\/2021\/11\/DSC_8534-300x200.jpg\" \/>\n<meta name=\"twitter:card\" content=\"summary_large_image\" \/>\n<meta name=\"twitter:label1\" content=\"Estimated reading time\" \/>\n\t<meta name=\"twitter:data1\" content=\"1 minute\" \/>\n<script type=\"application\/ld+json\" class=\"yoast-schema-graph\">{\"@context\":\"https:\/\/schema.org\",\"@graph\":[{\"@type\":\"WebPage\",\"@id\":\"https:\/\/diistuff.com\/lounge\/\",\"url\":\"https:\/\/diistuff.com\/lounge\/\",\"name\":\"Su\u0146u spilvens Lounge no eko \u0101das | Viegli kopjamas gultas\",\"isPartOf\":{\"@id\":\"https:\/\/diistuff.com\/#website\"},\"primaryImageOfPage\":{\"@id\":\"https:\/\/diistuff.com\/lounge\/#primaryimage\"},\"image\":{\"@id\":\"https:\/\/diistuff.com\/lounge\/#primaryimage\"},\"thumbnailUrl\":\"https:\/\/diistuff.com\/wp-content\/uploads\/2021\/11\/DSC_8534-300x200.jpg\",\"datePublished\":\"2021-11-06T22:06:50+00:00\",\"dateModified\":\"2024-01-10T09:14:03+00:00\",\"description\":\"Gulti\u0146a ne tikai lieliski ieder\u0101s jebkur\u0101 interjer\u0101, bet ir \u0113rti lietojama automa\u0161\u012bn\u0101s un izst\u0101\u017eu b\u016bros. Kop\u0161ana prasa vien p\u0101ris sekundes!\",\"breadcrumb\":{\"@id\":\"https:\/\/diistuff.com\/lounge\/#breadcrumb\"},\"inLanguage\":\"en-GB\",\"potentialAction\":[{\"@type\":\"ReadAction\",\"target\":[\"https:\/\/diistuff.com\/lounge\/\"]}]},{\"@type\":\"ImageObject\",\"inLanguage\":\"en-GB\",\"@id\":\"https:\/\/diistuff.com\/lounge\/#primaryimage\",\"url\":\"https:\/\/diistuff.com\/wp-content\/uploads\/2021\/11\/DSC_8534-300x200.jpg\",\"contentUrl\":\"https:\/\/diistuff.com\/wp-content\/uploads\/2021\/11\/DSC_8534-300x200.jpg\"},{\"@type\":\"BreadcrumbList\",\"@id\":\"https:\/\/diistuff.com\/lounge\/#breadcrumb\",\"itemListElement\":[{\"@type\":\"ListItem\",\"position\":1,\"name\":\"Home\",\"item\":\"https:\/\/diistuff.com\/\"},{\"@type\":\"ListItem\",\"position\":2,\"name\":\"Lounge\"}]},{\"@type\":\"WebSite\",\"@id\":\"https:\/\/diistuff.com\/#website\",\"url\":\"https:\/\/diistuff.com\/\",\"name\":\"DII-STUFF\",\"description\":\"\",\"publisher\":{\"@id\":\"https:\/\/diistuff.com\/#organization\"},\"potentialAction\":[{\"@type\":\"SearchAction\",\"target\":{\"@type\":\"EntryPoint\",\"urlTemplate\":\"https:\/\/diistuff.com\/?s={search_term_string}\"},\"query-input\":{\"@type\":\"PropertyValueSpecification\",\"valueRequired\":true,\"valueName\":\"search_term_string\"}}],\"inLanguage\":\"en-GB\"},{\"@type\":\"Organization\",\"@id\":\"https:\/\/diistuff.com\/#organization\",\"name\":\"SIA DII\",\"url\":\"https:\/\/diistuff.com\/\",\"logo\":{\"@type\":\"ImageObject\",\"inLanguage\":\"en-GB\",\"@id\":\"https:\/\/diistuff.com\/#\/schema\/logo\/image\/\",\"url\":\"https:\/\/diistuff.com\/wp-content\/uploads\/2021\/06\/cropped-Untitled-1-1.png\",\"contentUrl\":\"https:\/\/diistuff.com\/wp-content\/uploads\/2021\/06\/cropped-Untitled-1-1.png\",\"width\":232,\"height\":175,\"caption\":\"SIA DII\"},\"image\":{\"@id\":\"https:\/\/diistuff.com\/#\/schema\/logo\/image\/\"},\"sameAs\":[\"https:\/\/www.facebook.com\/diidogbuddy\",\"https:\/\/www.instagram.com\/dii_stuff\/\",\"https:\/\/www.pinterest.com\/diistuff\/\"]}]}<\/script>\n<!-- \/ Yoast SEO plugin. -->","yoast_head_json":{"title":"Su\u0146u spilvens Lounge no eko \u0101das | Viegli kopjamas gultas","description":"Gulti\u0146a ne tikai lieliski ieder\u0101s jebkur\u0101 interjer\u0101, bet ir \u0113rti lietojama automa\u0161\u012bn\u0101s un izst\u0101\u017eu b\u016bros. Kop\u0161ana prasa vien p\u0101ris sekundes!","robots":{"index":"index","follow":"follow","max-snippet":"max-snippet:-1","max-image-preview":"max-image-preview:large","max-video-preview":"max-video-preview:-1"},"canonical":"https:\/\/diistuff.com\/en\/lounge\/","og_locale":"en_GB","og_type":"article","og_title":"Su\u0146u spilvens Lounge no eko \u0101das | Viegli kopjamas gultas","og_description":"Gulti\u0146a ne tikai lieliski ieder\u0101s jebkur\u0101 interjer\u0101, bet ir \u0113rti lietojama automa\u0161\u012bn\u0101s un izst\u0101\u017eu b\u016bros. Kop\u0161ana prasa vien p\u0101ris sekundes!","og_url":"https:\/\/diistuff.com\/en\/lounge\/","og_site_name":"DII-STUFF","article_publisher":"https:\/\/www.facebook.com\/diidogbuddy","article_modified_time":"2024-01-10T09:14:03+00:00","og_image":[{"url":"https:\/\/diistuff.com\/wp-content\/uploads\/2021\/11\/DSC_8534-300x200.jpg","type":"","width":"","height":""}],"twitter_card":"summary_large_image","twitter_misc":{"Estimated reading time":"1 minute"},"schema":{"@context":"https:\/\/schema.org","@graph":[{"@type":"WebPage","@id":"https:\/\/diistuff.com\/lounge\/","url":"https:\/\/diistuff.com\/lounge\/","name":"Su\u0146u spilvens Lounge no eko \u0101das | Viegli kopjamas gultas","isPartOf":{"@id":"https:\/\/diistuff.com\/#website"},"primaryImageOfPage":{"@id":"https:\/\/diistuff.com\/lounge\/#primaryimage"},"image":{"@id":"https:\/\/diistuff.com\/lounge\/#primaryimage"},"thumbnailUrl":"https:\/\/diistuff.com\/wp-content\/uploads\/2021\/11\/DSC_8534-300x200.jpg","datePublished":"2021-11-06T22:06:50+00:00","dateModified":"2024-01-10T09:14:03+00:00","description":"Gulti\u0146a ne tikai lieliski ieder\u0101s jebkur\u0101 interjer\u0101, bet ir \u0113rti lietojama automa\u0161\u012bn\u0101s un izst\u0101\u017eu b\u016bros. Kop\u0161ana prasa vien p\u0101ris sekundes!","breadcrumb":{"@id":"https:\/\/diistuff.com\/lounge\/#breadcrumb"},"inLanguage":"en-GB","potentialAction":[{"@type":"ReadAction","target":["https:\/\/diistuff.com\/lounge\/"]}]},{"@type":"ImageObject","inLanguage":"en-GB","@id":"https:\/\/diistuff.com\/lounge\/#primaryimage","url":"https:\/\/diistuff.com\/wp-content\/uploads\/2021\/11\/DSC_8534-300x200.jpg","contentUrl":"https:\/\/diistuff.com\/wp-content\/uploads\/2021\/11\/DSC_8534-300x200.jpg"},{"@type":"BreadcrumbList","@id":"https:\/\/diistuff.com\/lounge\/#breadcrumb","itemListElement":[{"@type":"ListItem","position":1,"name":"Home","item":"https:\/\/diistuff.com\/"},{"@type":"ListItem","position":2,"name":"Lounge"}]},{"@type":"WebSite","@id":"https:\/\/diistuff.com\/#website","url":"https:\/\/diistuff.com\/","name":"DII-STUFF","description":"","publisher":{"@id":"https:\/\/diistuff.com\/#organization"},"potentialAction":[{"@type":"SearchAction","target":{"@type":"EntryPoint","urlTemplate":"https:\/\/diistuff.com\/?s={search_term_string}"},"query-input":{"@type":"PropertyValueSpecification","valueRequired":true,"valueName":"search_term_string"}}],"inLanguage":"en-GB"},{"@type":"Organization","@id":"https:\/\/diistuff.com\/#organization","name":"SIA DII","url":"https:\/\/diistuff.com\/","logo":{"@type":"ImageObject","inLanguage":"en-GB","@id":"https:\/\/diistuff.com\/#\/schema\/logo\/image\/","url":"https:\/\/diistuff.com\/wp-content\/uploads\/2021\/06\/cropped-Untitled-1-1.png","contentUrl":"https:\/\/diistuff.com\/wp-content\/uploads\/2021\/06\/cropped-Untitled-1-1.png","width":232,"height":175,"caption":"SIA DII"},"image":{"@id":"https:\/\/diistuff.com\/#\/schema\/logo\/image\/"},"sameAs":["https:\/\/www.facebook.com\/diidogbuddy","https:\/\/www.instagram.com\/dii_stuff\/","https:\/\/www.pinterest.com\/diistuff\/"]}]}},"_links":{"self":[{"href":"https:\/\/diistuff.com\/en\/wp-json\/wp\/v2\/pages\/2399","targetHints":{"allow":["GET"]}}],"collection":[{"href":"https:\/\/diistuff.com\/en\/wp-json\/wp\/v2\/pages"}],"about":[{"href":"https:\/\/diistuff.com\/en\/wp-json\/wp\/v2\/types\/page"}],"author":[{"embeddable":true,"href":"https:\/\/diistuff.com\/en\/wp-json\/wp\/v2\/users\/3"}],"replies":[{"embeddable":true,"href":"https:\/\/diistuff.com\/en\/wp-json\/wp\/v2\/comments?post=2399"}],"version-history":[{"count":19,"href":"https:\/\/diistuff.com\/en\/wp-json\/wp\/v2\/pages\/2399\/revisions"}],"predecessor-version":[{"id":6646,"href":"https:\/\/diistuff.com\/en\/wp-json\/wp\/v2\/pages\/2399\/revisions\/6646"}],"wp:attachment":[{"href":"https:\/\/diistuff.com\/en\/wp-json\/wp\/v2\/media?parent=2399"}],"curies":[{"name":"wp","href":"https:\/\/api.w.org\/{rel}","templated":true}]}}