{"id":20,"date":"2019-07-02T05:11:45","date_gmt":"2019-07-02T05:11:45","guid":{"rendered":"http:\/\/diistuff.com\/contact-us\/"},"modified":"2023-10-18T06:43:58","modified_gmt":"2023-10-18T06:43:58","slug":"kontakti","status":"publish","type":"page","link":"https:\/\/diistuff.com\/en\/kontakti\/","title":{"rendered":"Contacts"},"content":{"rendered":"\t\t<div data-elementor-type=\"wp-post\" data-elementor-id=\"20\" class=\"elementor elementor-20\">\n\t\t\t\t\t\t<section class=\"elementor-section elementor-top-section elementor-element elementor-element-dec6de9 elementor-section-boxed elementor-section-height-default elementor-section-height-default\" data-id=\"dec6de9\" data-element_type=\"section\" data-e-type=\"section\">\n\t\t\t\t\t\t<div class=\"elementor-container elementor-column-gap-default\">\n\t\t\t\t\t<div class=\"elementor-column elementor-col-100 elementor-top-column elementor-element elementor-element-06dfe3e\" data-id=\"06dfe3e\" data-element_type=\"column\" data-e-type=\"column\">\n\t\t\t<div class=\"elementor-widget-wrap elementor-element-populated\">\n\t\t\t\t\t\t<div class=\"elementor-element elementor-element-2a0b875 elementor-widget elementor-widget-spacer\" data-id=\"2a0b875\" data-element_type=\"widget\" data-e-type=\"widget\" data-widget_type=\"spacer.default\">\n\t\t\t\t<div class=\"elementor-widget-container\">\n\t\t\t\t\t\t\t<div class=\"elementor-spacer\">\n\t\t\t<div class=\"elementor-spacer-inner\"><\/div>\n\t\t<\/div>\n\t\t\t\t\t\t<\/div>\n\t\t\t\t<\/div>\n\t\t\t\t\t<\/div>\n\t\t<\/div>\n\t\t\t\t\t<\/div>\n\t\t<\/section>\n\t\t\t\t<section class=\"elementor-section elementor-top-section elementor-element elementor-element-afb89b2 elementor-section-boxed elementor-section-height-default elementor-section-height-default\" data-id=\"afb89b2\" data-element_type=\"section\" data-e-type=\"section\" data-settings=\"{&quot;animation&quot;:&quot;none&quot;}\">\n\t\t\t\t\t\t<div class=\"elementor-container elementor-column-gap-default\">\n\t\t\t\t\t<div class=\"elementor-column elementor-col-100 elementor-top-column elementor-element elementor-element-f158641\" data-id=\"f158641\" data-element_type=\"column\" data-e-type=\"column\">\n\t\t\t<div class=\"elementor-widget-wrap elementor-element-populated\">\n\t\t\t\t\t\t<section class=\"elementor-section elementor-inner-section elementor-element elementor-element-2e82a60 elementor-section-boxed elementor-section-height-default elementor-section-height-default\" data-id=\"2e82a60\" data-element_type=\"section\" data-e-type=\"section\">\n\t\t\t\t\t\t<div class=\"elementor-container elementor-column-gap-wider\">\n\t\t\t\t\t<div class=\"elementor-column elementor-col-50 elementor-inner-column elementor-element elementor-element-96587af\" data-id=\"96587af\" data-element_type=\"column\" data-e-type=\"column\">\n\t\t\t<div class=\"elementor-widget-wrap elementor-element-populated\">\n\t\t\t\t\t\t<div class=\"elementor-element elementor-element-24a8811 elementor-position-inline-start elementor-view-default elementor-mobile-position-block-start elementor-widget elementor-widget-icon-box\" data-id=\"24a8811\" data-element_type=\"widget\" data-e-type=\"widget\" data-widget_type=\"icon-box.default\">\n\t\t\t\t<div class=\"elementor-widget-container\">\n\t\t\t\t\t\t\t<div class=\"elementor-icon-box-wrapper\">\n\n\t\t\t\t\t\t<div class=\"elementor-icon-box-icon\">\n\t\t\t\t<span  class=\"elementor-icon\">\n\t\t\t\t<i aria-hidden=\"true\" class=\"fas fa-phone-alt\"><\/i>\t\t\t\t<\/span>\n\t\t\t<\/div>\n\t\t\t\n\t\t\t\t\t\t<div class=\"elementor-icon-box-content\">\n\n\t\t\t\t\t\t\t\t\t<h3 class=\"elementor-icon-box-title\">\n\t\t\t\t\t\t<span  >\n\t\t\t\t\t\t\tT\u0101lrunis sazi\u0146ai\t\t\t\t\t\t<\/span>\n\t\t\t\t\t<\/h3>\n\t\t\t\t\n\t\t\t\t\t\t\t\t\t<p class=\"elementor-icon-box-description\">\n\t\t\t\t\t\t+371 27033073\t\t\t\t\t<\/p>\n\t\t\t\t\n\t\t\t<\/div>\n\t\t\t\n\t\t<\/div>\n\t\t\t\t\t\t<\/div>\n\t\t\t\t<\/div>\n\t\t\t\t<div class=\"elementor-element elementor-element-1c7e651 elementor-position-inline-start elementor-view-default elementor-mobile-position-block-start elementor-widget elementor-widget-icon-box\" data-id=\"1c7e651\" data-element_type=\"widget\" data-e-type=\"widget\" data-widget_type=\"icon-box.default\">\n\t\t\t\t<div class=\"elementor-widget-container\">\n\t\t\t\t\t\t\t<div class=\"elementor-icon-box-wrapper\">\n\n\t\t\t\t\t\t<div class=\"elementor-icon-box-icon\">\n\t\t\t\t<span  class=\"elementor-icon\">\n\t\t\t\t<i aria-hidden=\"true\" class=\"far fa-credit-card\"><\/i>\t\t\t\t<\/span>\n\t\t\t<\/div>\n\t\t\t\n\t\t\t\t\t\t<div class=\"elementor-icon-box-content\">\n\n\t\t\t\t\t\t\t\t\t<h3 class=\"elementor-icon-box-title\">\n\t\t\t\t\t\t<span  >\n\t\t\t\t\t\t\tRekviz\u012bti\t\t\t\t\t\t<\/span>\n\t\t\t\t\t<\/h3>\n\t\t\t\t\n\t\t\t\t\t\t\t\t\t<p class=\"elementor-icon-box-description\">\n\t\t\t\t\t\tSIA DII <br>\nRe\u0123. Nr. 40203288294 <br>\nBanka: AS \"Swedbank\" <br>\nBankas kods: HABALV22 <br>\nKonta numurs: LV46HABA0551050187765 <br>\n\t\t\t\t\t<\/p>\n\t\t\t\t\n\t\t\t<\/div>\n\t\t\t\n\t\t<\/div>\n\t\t\t\t\t\t<\/div>\n\t\t\t\t<\/div>\n\t\t\t\t<div class=\"elementor-element elementor-element-5da207f elementor-widget elementor-widget-heading\" data-id=\"5da207f\" data-element_type=\"widget\" data-e-type=\"widget\" data-widget_type=\"heading.default\">\n\t\t\t\t<div class=\"elementor-widget-container\">\n\t\t\t\t\t<h3 class=\"elementor-heading-title elementor-size-default\">M\u016bs var atrast ar\u012b \u0161eit:<\/h3>\t\t\t\t<\/div>\n\t\t\t\t<\/div>\n\t\t\t\t<div class=\"elementor-element elementor-element-0a20a3a elementor-shape-circle e-grid-align-left e-grid-align-mobile-center elementor-grid-0 elementor-widget elementor-widget-social-icons\" data-id=\"0a20a3a\" data-element_type=\"widget\" data-e-type=\"widget\" data-widget_type=\"social-icons.default\">\n\t\t\t\t<div class=\"elementor-widget-container\">\n\t\t\t\t\t\t\t<div class=\"elementor-social-icons-wrapper elementor-grid\" role=\"list\">\n\t\t\t\t\t\t\t<span class=\"elementor-grid-item\" role=\"listitem\">\n\t\t\t\t\t<a class=\"elementor-icon elementor-social-icon elementor-social-icon-facebook elementor-repeater-item-88f62c4\" href=\"https:\/\/www.facebook.com\/diidogbuddy\" target=\"_blank\">\n\t\t\t\t\t\t<span class=\"elementor-screen-only\">Facebook<\/span>\n\t\t\t\t\t\t<i aria-hidden=\"true\" class=\"fab fa-facebook\"><\/i>\t\t\t\t\t<\/a>\n\t\t\t\t<\/span>\n\t\t\t\t\t\t\t<span class=\"elementor-grid-item\" role=\"listitem\">\n\t\t\t\t\t<a class=\"elementor-icon elementor-social-icon elementor-social-icon-instagram elementor-repeater-item-24b2d74\" href=\"https:\/\/www.instagram.com\/dii_stuff\/\" target=\"_blank\">\n\t\t\t\t\t\t<span class=\"elementor-screen-only\">Instagram<\/span>\n\t\t\t\t\t\t<i aria-hidden=\"true\" class=\"fab fa-instagram\"><\/i>\t\t\t\t\t<\/a>\n\t\t\t\t<\/span>\n\t\t\t\t\t<\/div>\n\t\t\t\t\t\t<\/div>\n\t\t\t\t<\/div>\n\t\t\t\t\t<\/div>\n\t\t<\/div>\n\t\t\t\t<div class=\"elementor-column elementor-col-50 elementor-inner-column elementor-element elementor-element-3329af1\" data-id=\"3329af1\" data-element_type=\"column\" data-e-type=\"column\">\n\t\t\t<div class=\"elementor-widget-wrap elementor-element-populated\">\n\t\t\t\t\t\t<div class=\"elementor-element elementor-element-c557ca8 elementor-widget elementor-widget-shortcode\" data-id=\"c557ca8\" data-element_type=\"widget\" data-e-type=\"widget\" data-widget_type=\"shortcode.default\">\n\t\t\t\t<div class=\"elementor-widget-container\">\n\t\t\t\t\t\t\t<div class=\"elementor-shortcode\"><div class=\"wpforms-container \" id=\"wpforms-10\"><form id=\"wpforms-form-10\" class=\"wpforms-validate wpforms-form\" data-formid=\"10\" method=\"post\" enctype=\"multipart\/form-data\" action=\"\/en\/wp-json\/wp\/v2\/pages\/20\" data-token=\"6be1541ce0dbd3d7641eea2507b47716\" data-token-time=\"1775752933\"><noscript class=\"wpforms-error-noscript\">Please enable JavaScript in your browser to complete this form.<\/noscript><div class=\"wpforms-field-container\"><div id=\"wpforms-10-field_0-container\" class=\"wpforms-field wpforms-field-name\" data-field-id=\"0\"><label class=\"wpforms-field-label\" for=\"wpforms-10-field_0\">V\u0101rds, Uzv\u0101rds <span class=\"wpforms-required-label\">*<\/span><\/label><input type=\"text\" id=\"wpforms-10-field_0\" class=\"wpforms-field-large wpforms-field-required\" name=\"wpforms[fields][0]\" required><\/div><div id=\"wpforms-10-field_11-container\" class=\"wpforms-field wpforms-field-email\" data-field-id=\"11\"><label class=\"wpforms-field-label\" for=\"wpforms-10-field_11\">E-pasts <span class=\"wpforms-required-label\">*<\/span><\/label><input type=\"email\" id=\"wpforms-10-field_11\" class=\"wpforms-field-medium wpforms-field-required\" name=\"wpforms[fields][11]\" spellcheck=\"false\" required><\/div><div id=\"wpforms-10-field_2-container\" class=\"wpforms-field wpforms-field-textarea\" data-field-id=\"2\"><label class=\"wpforms-field-label\" for=\"wpforms-10-field_2\">Jaut\u0101jums <span class=\"wpforms-required-label\">*<\/span><\/label><textarea id=\"wpforms-10-field_2\" class=\"wpforms-field-medium wpforms-field-required\" name=\"wpforms[fields][2]\" required><\/textarea><\/div><\/div><!-- .wpforms-field-container --><div class=\"wpforms-field wpforms-field-hp\"><label for=\"wpforms-10-field-hp\" class=\"wpforms-field-label\">Phone<\/label><input type=\"text\" name=\"wpforms[hp]\" id=\"wpforms-10-field-hp\" class=\"wpforms-field-medium\"><\/div><div class=\"wpforms-submit-container\" ><input type=\"hidden\" name=\"wpforms[id]\" value=\"10\"><input type=\"hidden\" name=\"page_title\" value=\"\"><input type=\"hidden\" name=\"page_url\" value=\"https:\/\/diistuff.com\/en\/wp-json\/wp\/v2\/pages\/20\"><input type=\"hidden\" name=\"url_referer\" value=\"\"><button type=\"submit\" name=\"wpforms[submit]\" id=\"wpforms-submit-10\" class=\"wpforms-submit\" data-alt-text=\"S\u016bta...\" data-submit-text=\"Nos\u016bt\u012bt\" aria-live=\"assertive\" value=\"wpforms-submit\">Nos\u016bt\u012bt<\/button><\/div><\/form><\/div>  <!-- .wpforms-container -->\t<\/div>\n\t\t\t\t\t\t<\/div>\n\t\t\t\t<\/div>\n\t\t\t\t\t<\/div>\n\t\t<\/div>\n\t\t\t\t\t<\/div>\n\t\t<\/section>\n\t\t\t\t\t<\/div>\n\t\t<\/div>\n\t\t\t\t\t<\/div>\n\t\t<\/section>\n\t\t\t\t<\/div>\n\t\t","protected":false},"excerpt":{"rendered":"<p>T\u0101lrunis sazi\u0146ai +371 27033073 Rekviz\u012bti SIA DII Re\u0123. Nr. 40203288294 Banka: AS &#8220;Swedbank&#8221; Bankas kods: HABALV22 Konta numurs: LV46HABA0551050187765 M\u016bs var atrast ar\u012b \u0161eit: Facebook Instagram<\/p>","protected":false},"author":1,"featured_media":0,"parent":0,"menu_order":0,"comment_status":"closed","ping_status":"closed","template":"","meta":{"om_disable_all_campaigns":false,"_monsterinsights_skip_tracking":false,"_monsterinsights_sitenote_active":false,"_monsterinsights_sitenote_note":"","_monsterinsights_sitenote_category":0,"_uf_show_specific_survey":0,"_uf_disable_surveys":false,"site-sidebar-layout":"no-sidebar","site-content-layout":"page-builder","ast-site-content-layout":"full-width-container","site-content-style":"unboxed","site-sidebar-style":"unboxed","ast-global-header-display":"","ast-banner-title-visibility":"","ast-main-header-display":"","ast-hfb-above-header-display":"","ast-hfb-below-header-display":"","ast-hfb-mobile-header-display":"","site-post-title":"disabled","ast-breadcrumbs-content":"","ast-featured-img":"disabled","footer-sml-layout":"","ast-disable-related-posts":"","theme-transparent-header-meta":"default","adv-header-id-meta":"","stick-header-meta":"","header-above-stick-meta":"","header-main-stick-meta":"","header-below-stick-meta":"","astra-migrate-meta-layouts":"set","ast-page-background-enabled":"default","ast-page-background-meta":{"desktop":{"background-color":"","background-image":"","background-repeat":"repeat","background-position":"center center","background-size":"auto","background-attachment":"scroll","background-type":"","background-media":"","overlay-type":"","overlay-color":"","overlay-opacity":"","overlay-gradient":""},"tablet":{"background-color":"","background-image":"","background-repeat":"repeat","background-position":"center center","background-size":"auto","background-attachment":"scroll","background-type":"","background-media":"","overlay-type":"","overlay-color":"","overlay-opacity":"","overlay-gradient":""},"mobile":{"background-color":"","background-image":"","background-repeat":"repeat","background-position":"center center","background-size":"auto","background-attachment":"scroll","background-type":"","background-media":"","overlay-type":"","overlay-color":"","overlay-opacity":"","overlay-gradient":""}},"ast-content-background-meta":{"desktop":{"background-color":"var(--ast-global-color-5)","background-image":"","background-repeat":"repeat","background-position":"center center","background-size":"auto","background-attachment":"scroll","background-type":"","background-media":"","overlay-type":"","overlay-color":"","overlay-opacity":"","overlay-gradient":""},"tablet":{"background-color":"var(--ast-global-color-5)","background-image":"","background-repeat":"repeat","background-position":"center center","background-size":"auto","background-attachment":"scroll","background-type":"","background-media":"","overlay-type":"","overlay-color":"","overlay-opacity":"","overlay-gradient":""},"mobile":{"background-color":"var(--ast-global-color-5)","background-image":"","background-repeat":"repeat","background-position":"center center","background-size":"auto","background-attachment":"scroll","background-type":"","background-media":"","overlay-type":"","overlay-color":"","overlay-opacity":"","overlay-gradient":""}},"footnotes":""},"class_list":["post-20","page","type-page","status-publish","hentry"],"yoast_head":"<!-- This site is optimized with the Yoast SEO plugin v27.1.1 - https:\/\/yoast.com\/product\/yoast-seo-wordpress\/ -->\n<title>DII Stuff kontakti - sazinies ar mums!<\/title>\n<meta name=\"description\" content=\"Ja jums ir radu\u0161ies jaut\u0101jumi, priec\u0101simies sa\u0146emt zvanu vai zi\u0146u e-past\u0101, kur vien jums ir \u0113rt\u0101k. Uz veiksm\u012bgu sadarb\u012bbu!\" \/>\n<meta name=\"robots\" content=\"index, follow, max-snippet:-1, max-image-preview:large, max-video-preview:-1\" \/>\n<link rel=\"canonical\" href=\"https:\/\/diistuff.com\/en\/kontakti\/\" \/>\n<meta property=\"og:locale\" content=\"en_GB\" \/>\n<meta property=\"og:type\" content=\"article\" \/>\n<meta property=\"og:title\" content=\"DII Stuff kontakti - sazinies ar mums!\" \/>\n<meta property=\"og:description\" content=\"Ja jums ir radu\u0161ies jaut\u0101jumi, priec\u0101simies sa\u0146emt zvanu vai zi\u0146u e-past\u0101, kur vien jums ir \u0113rt\u0101k. Uz veiksm\u012bgu sadarb\u012bbu!\" \/>\n<meta property=\"og:url\" content=\"https:\/\/diistuff.com\/en\/kontakti\/\" \/>\n<meta property=\"og:site_name\" content=\"DII-STUFF\" \/>\n<meta property=\"article:publisher\" content=\"https:\/\/www.facebook.com\/diidogbuddy\" \/>\n<meta property=\"article:modified_time\" content=\"2023-10-18T06:43:58+00:00\" \/>\n<meta property=\"og:image\" content=\"https:\/\/diistuff.com\/wp-content\/uploads\/2023\/05\/DE90C92C-59EE-4CBC-A337-88F033441F98-scaled.jpeg\" \/>\n\t<meta property=\"og:image:width\" content=\"1686\" \/>\n\t<meta property=\"og:image:height\" content=\"2560\" \/>\n\t<meta property=\"og:image:type\" content=\"image\/jpeg\" \/>\n<meta name=\"twitter:card\" content=\"summary_large_image\" \/>\n<meta name=\"twitter:label1\" content=\"Estimated reading time\" \/>\n\t<meta name=\"twitter:data1\" content=\"1 minute\" \/>\n<script type=\"application\/ld+json\" class=\"yoast-schema-graph\">{\"@context\":\"https:\/\/schema.org\",\"@graph\":[{\"@type\":\"WebPage\",\"@id\":\"https:\/\/diistuff.com\/kontakti\/\",\"url\":\"https:\/\/diistuff.com\/kontakti\/\",\"name\":\"DII Stuff kontakti - sazinies ar mums!\",\"isPartOf\":{\"@id\":\"https:\/\/diistuff.com\/#website\"},\"datePublished\":\"2019-07-02T05:11:45+00:00\",\"dateModified\":\"2023-10-18T06:43:58+00:00\",\"description\":\"Ja jums ir radu\u0161ies jaut\u0101jumi, priec\u0101simies sa\u0146emt zvanu vai zi\u0146u e-past\u0101, kur vien jums ir \u0113rt\u0101k. Uz veiksm\u012bgu sadarb\u012bbu!\",\"breadcrumb\":{\"@id\":\"https:\/\/diistuff.com\/kontakti\/#breadcrumb\"},\"inLanguage\":\"en-GB\",\"potentialAction\":[{\"@type\":\"ReadAction\",\"target\":[\"https:\/\/diistuff.com\/kontakti\/\"]}]},{\"@type\":\"BreadcrumbList\",\"@id\":\"https:\/\/diistuff.com\/kontakti\/#breadcrumb\",\"itemListElement\":[{\"@type\":\"ListItem\",\"position\":1,\"name\":\"Home\",\"item\":\"https:\/\/diistuff.com\/\"},{\"@type\":\"ListItem\",\"position\":2,\"name\":\"Kontakti\"}]},{\"@type\":\"WebSite\",\"@id\":\"https:\/\/diistuff.com\/#website\",\"url\":\"https:\/\/diistuff.com\/\",\"name\":\"DII-STUFF\",\"description\":\"\",\"publisher\":{\"@id\":\"https:\/\/diistuff.com\/#organization\"},\"potentialAction\":[{\"@type\":\"SearchAction\",\"target\":{\"@type\":\"EntryPoint\",\"urlTemplate\":\"https:\/\/diistuff.com\/?s={search_term_string}\"},\"query-input\":{\"@type\":\"PropertyValueSpecification\",\"valueRequired\":true,\"valueName\":\"search_term_string\"}}],\"inLanguage\":\"en-GB\"},{\"@type\":\"Organization\",\"@id\":\"https:\/\/diistuff.com\/#organization\",\"name\":\"SIA DII\",\"url\":\"https:\/\/diistuff.com\/\",\"logo\":{\"@type\":\"ImageObject\",\"inLanguage\":\"en-GB\",\"@id\":\"https:\/\/diistuff.com\/#\/schema\/logo\/image\/\",\"url\":\"https:\/\/diistuff.com\/wp-content\/uploads\/2021\/06\/cropped-Untitled-1-1.png\",\"contentUrl\":\"https:\/\/diistuff.com\/wp-content\/uploads\/2021\/06\/cropped-Untitled-1-1.png\",\"width\":232,\"height\":175,\"caption\":\"SIA DII\"},\"image\":{\"@id\":\"https:\/\/diistuff.com\/#\/schema\/logo\/image\/\"},\"sameAs\":[\"https:\/\/www.facebook.com\/diidogbuddy\",\"https:\/\/www.instagram.com\/dii_stuff\/\",\"https:\/\/www.pinterest.com\/diistuff\/\"]}]}<\/script>\n<!-- \/ Yoast SEO plugin. -->","yoast_head_json":{"title":"DII Stuff kontakti - sazinies ar mums!","description":"Ja jums ir radu\u0161ies jaut\u0101jumi, priec\u0101simies sa\u0146emt zvanu vai zi\u0146u e-past\u0101, kur vien jums ir \u0113rt\u0101k. Uz veiksm\u012bgu sadarb\u012bbu!","robots":{"index":"index","follow":"follow","max-snippet":"max-snippet:-1","max-image-preview":"max-image-preview:large","max-video-preview":"max-video-preview:-1"},"canonical":"https:\/\/diistuff.com\/en\/kontakti\/","og_locale":"en_GB","og_type":"article","og_title":"DII Stuff kontakti - sazinies ar mums!","og_description":"Ja jums ir radu\u0161ies jaut\u0101jumi, priec\u0101simies sa\u0146emt zvanu vai zi\u0146u e-past\u0101, kur vien jums ir \u0113rt\u0101k. Uz veiksm\u012bgu sadarb\u012bbu!","og_url":"https:\/\/diistuff.com\/en\/kontakti\/","og_site_name":"DII-STUFF","article_publisher":"https:\/\/www.facebook.com\/diidogbuddy","article_modified_time":"2023-10-18T06:43:58+00:00","og_image":[{"width":1686,"height":2560,"url":"https:\/\/diistuff.com\/wp-content\/uploads\/2023\/05\/DE90C92C-59EE-4CBC-A337-88F033441F98-scaled.jpeg","type":"image\/jpeg"}],"twitter_card":"summary_large_image","twitter_misc":{"Estimated reading time":"1 minute"},"schema":{"@context":"https:\/\/schema.org","@graph":[{"@type":"WebPage","@id":"https:\/\/diistuff.com\/kontakti\/","url":"https:\/\/diistuff.com\/kontakti\/","name":"DII Stuff kontakti - sazinies ar mums!","isPartOf":{"@id":"https:\/\/diistuff.com\/#website"},"datePublished":"2019-07-02T05:11:45+00:00","dateModified":"2023-10-18T06:43:58+00:00","description":"Ja jums ir radu\u0161ies jaut\u0101jumi, priec\u0101simies sa\u0146emt zvanu vai zi\u0146u e-past\u0101, kur vien jums ir \u0113rt\u0101k. Uz veiksm\u012bgu sadarb\u012bbu!","breadcrumb":{"@id":"https:\/\/diistuff.com\/kontakti\/#breadcrumb"},"inLanguage":"en-GB","potentialAction":[{"@type":"ReadAction","target":["https:\/\/diistuff.com\/kontakti\/"]}]},{"@type":"BreadcrumbList","@id":"https:\/\/diistuff.com\/kontakti\/#breadcrumb","itemListElement":[{"@type":"ListItem","position":1,"name":"Home","item":"https:\/\/diistuff.com\/"},{"@type":"ListItem","position":2,"name":"Kontakti"}]},{"@type":"WebSite","@id":"https:\/\/diistuff.com\/#website","url":"https:\/\/diistuff.com\/","name":"DII-STUFF","description":"","publisher":{"@id":"https:\/\/diistuff.com\/#organization"},"potentialAction":[{"@type":"SearchAction","target":{"@type":"EntryPoint","urlTemplate":"https:\/\/diistuff.com\/?s={search_term_string}"},"query-input":{"@type":"PropertyValueSpecification","valueRequired":true,"valueName":"search_term_string"}}],"inLanguage":"en-GB"},{"@type":"Organization","@id":"https:\/\/diistuff.com\/#organization","name":"SIA DII","url":"https:\/\/diistuff.com\/","logo":{"@type":"ImageObject","inLanguage":"en-GB","@id":"https:\/\/diistuff.com\/#\/schema\/logo\/image\/","url":"https:\/\/diistuff.com\/wp-content\/uploads\/2021\/06\/cropped-Untitled-1-1.png","contentUrl":"https:\/\/diistuff.com\/wp-content\/uploads\/2021\/06\/cropped-Untitled-1-1.png","width":232,"height":175,"caption":"SIA DII"},"image":{"@id":"https:\/\/diistuff.com\/#\/schema\/logo\/image\/"},"sameAs":["https:\/\/www.facebook.com\/diidogbuddy","https:\/\/www.instagram.com\/dii_stuff\/","https:\/\/www.pinterest.com\/diistuff\/"]}]}},"_links":{"self":[{"href":"https:\/\/diistuff.com\/en\/wp-json\/wp\/v2\/pages\/20","targetHints":{"allow":["GET"]}}],"collection":[{"href":"https:\/\/diistuff.com\/en\/wp-json\/wp\/v2\/pages"}],"about":[{"href":"https:\/\/diistuff.com\/en\/wp-json\/wp\/v2\/types\/page"}],"author":[{"embeddable":true,"href":"https:\/\/diistuff.com\/en\/wp-json\/wp\/v2\/users\/1"}],"replies":[{"embeddable":true,"href":"https:\/\/diistuff.com\/en\/wp-json\/wp\/v2\/comments?post=20"}],"version-history":[{"count":38,"href":"https:\/\/diistuff.com\/en\/wp-json\/wp\/v2\/pages\/20\/revisions"}],"predecessor-version":[{"id":6166,"href":"https:\/\/diistuff.com\/en\/wp-json\/wp\/v2\/pages\/20\/revisions\/6166"}],"wp:attachment":[{"href":"https:\/\/diistuff.com\/en\/wp-json\/wp\/v2\/media?parent=20"}],"curies":[{"name":"wp","href":"https:\/\/api.w.org\/{rel}","templated":true}]}}